{"id":10730,"date":"2023-09-04T20:05:35","date_gmt":"2023-09-04T18:05:35","guid":{"rendered":"https:\/\/webstore4.com\/?page_id=10730"},"modified":"2025-03-05T16:01:36","modified_gmt":"2025-03-05T15:01:36","slug":"secure_website","status":"publish","type":"page","link":"https:\/\/staging.webstore4.com\/de\/secure_website\/","title":{"rendered":"Sicher einkaufen"},"content":{"rendered":"<p>Unser gesamter Online-Shop ist mit einem SSL-Zertifikat (Secure Sockets Layer) gesichert. Dadurch werden alle Daten, die zwischen unserem Online-Shop und Ihrem Computer, Tablet oder Smartphone ausgetauscht werden, verschl\u00fcsselt und sind daher f\u00fcr andere nicht lesbar. Unsere Website verf\u00fcgt \u00fcber ein Extended Validation (EV) SSL-Zertifikat und verf\u00fcgt daher \u00fcber die h\u00f6chste SSL-Sicherheitsstufe.<\/p>\n\n\n\n<p>Da die Daten, die Sie in unserem Online-Shop eingeben, \u00fcber eine sichere Verbindung \u00fcbermittelt werden, k\u00f6nnen Sie sicher sein, dass die Daten nur uns erreichen. So k\u00f6nnen Sie sicher bezahlen, Kundendaten eingeben, Passw\u00f6rter eingeben oder ein Kontaktformular ausf\u00fcllen.<\/p>\n\n\n\n<p>\u200bIn der Adressleiste wird ein Vorh\u00e4ngeschloss angezeigt und der Domainname beginnt mit https statt mit http. Durch Klicken auf das Vorh\u00e4ngeschloss k\u00f6nnen Sie die Identit\u00e4t unserer Website \u00fcberpr\u00fcfen und sehen, welche Zertifizierungsstelle das SSL EV-Zertifikat ausgestellt hat. Unser SSL EV-Zertifikat wird von Sectigo Limited bereitgestellt.<\/p>\n\n\n\n<p>VRYPSTG B.V. is de eigenaar van de ecommerce winkelformule WebStore4 en het domein www.webstore4.com<\/p>","protected":false},"excerpt":{"rendered":"<p>Unser gesamter Online-Shop ist mit einem SSL-Zertifikat (Secure Sockets Layer) gesichert. Dadurch werden alle Daten, die zwischen unserem Online-Shop und Ihrem Computer, Tablet oder Smartphone ausgetauscht werden, verschl\u00fcsselt und sind daher f\u00fcr andere nicht lesbar. Unsere Website verf\u00fcgt \u00fcber ein Extended Validation (EV) SSL-Zertifikat und verf\u00fcgt daher \u00fcber die h\u00f6chste SSL-Sicherheitsstufe.<\/p>\n<div class=\"klb-readmore button\"><a class=\"btn link\" href=\"https:\/\/staging.webstore4.com\/de\/secure_website\/\">Mehr lesen <i class=\"klbth-icon-right-arrow\"><\/i><\/a><\/div>","protected":false},"author":3,"featured_media":0,"parent":0,"menu_order":0,"comment_status":"closed","ping_status":"closed","template":"","meta":{"footnotes":""},"class_list":["post-10730","page","type-page","status-publish","hentry"],"_links":{"self":[{"href":"https:\/\/staging.webstore4.com\/de\/wp-json\/wp\/v2\/pages\/10730","targetHints":{"allow":["GET"]}}],"collection":[{"href":"https:\/\/staging.webstore4.com\/de\/wp-json\/wp\/v2\/pages"}],"about":[{"href":"https:\/\/staging.webstore4.com\/de\/wp-json\/wp\/v2\/types\/page"}],"author":[{"embeddable":true,"href":"https:\/\/staging.webstore4.com\/de\/wp-json\/wp\/v2\/users\/3"}],"replies":[{"embeddable":true,"href":"https:\/\/staging.webstore4.com\/de\/wp-json\/wp\/v2\/comments?post=10730"}],"version-history":[{"count":1,"href":"https:\/\/staging.webstore4.com\/de\/wp-json\/wp\/v2\/pages\/10730\/revisions"}],"predecessor-version":[{"id":18605,"href":"https:\/\/staging.webstore4.com\/de\/wp-json\/wp\/v2\/pages\/10730\/revisions\/18605"}],"wp:attachment":[{"href":"https:\/\/staging.webstore4.com\/de\/wp-json\/wp\/v2\/media?parent=10730"}],"curies":[{"name":"wp","href":"https:\/\/api.w.org\/{rel}","templated":true}]}}