{"id":10025,"date":"2021-08-10T11:57:12","date_gmt":"2021-08-10T09:57:12","guid":{"rendered":"https:\/\/webstore4.com\/\/?product=wl4-bt-r-255-bluetooth-schakelaar-relais-met-app"},"modified":"2024-05-21T13:47:22","modified_gmt":"2024-05-21T12:47:22","slug":"wl4-bt-r-255-bluetooth-schakelaar-relais-met-app","status":"publish","type":"product","link":"https:\/\/staging.webstore4.com\/de\/product\/wl4-bt-r-255-bluetooth-schakelaar-relais-met-app\/","title":{"rendered":"WL4 BT-R-255 Bluetooth-Schaltrelais mit App"},"content":{"rendered":"<p>Der WL4 BT-R-255 ist ein universeller Bluetooth-Schalter zum Schalten von Ger\u00e4ten per App auf einem mobilen Ger\u00e4t mit Bluetooth.<\/p>\n<p><strong>M\u00f6glichkeiten<\/strong><\/p>\n<p>Mit dem WL4 BT-R-255 kann ein Ger\u00e4t, ein Elektroschloss, ein Zaun, ein Tor, eine T\u00fcr usw. von bis zu 255 Benutzern mit einer kostenlosen iOS- oder Android-App auf einem mobilen Ger\u00e4t mit Bluetooth bedient werden. Der maximale Betriebsabstand vom Controller betr\u00e4gt 10 Meter. Es gibt drei Benutzerebenen: Master-Administrator, Administrator und Benutzer. Es kann jeweils ein Smartphone eine aktive Verbindung mit dem Controller haben. Es ist kein Abonnement erforderlich.<\/p>\n<p>De WL4 BT-R-255 moet worden gevoed met 12VDC\/1A. Een voeding wordt niet meegeleverd. Onder het tabblad &#8216;Documentatie&#8217; is een link naar de handleiding opgenomen.<\/p>\n<p><strong>Wichtigste Funktionen<\/strong><\/p>\n<ul>\n<li>Bluetooth-gesteuerter Controller\/Relais<\/li>\n<li>Maximale Entfernung 10 Meter<\/li>\n<li>Maximal 255 Benutzer<\/li>\n<li>Einstellbare Verz\u00f6gerung von 3, 6, 9 oder 12 Sekunden<\/li>\n<li>NO- und NC-Relais<\/li>\n<li>12VDC Netzteil (nicht im Lieferumfang enthalten)<\/li>\n<li>Kostenlose App f\u00fcr iOS und Android<\/li>\n<\/ul>\n<p><a href=\"https:\/\/staging.webstore4.com\/Copyright\/\" target=\"_blank\" rel=\"noopener\"><span style=\"color: #ff6e03; font-size: 11px;\">\u00a9 Der Text ist urheberrechtlich gesch\u00fctzt<\/span><\/a><\/p>","protected":false},"excerpt":{"rendered":"<p>De WL4 BT-R-255 is universele bluetooth schakelaar voor het schakelen van apparaten met een app op een mobiel apparaat met bluetooth. Mogelijkheden Met de WL4 BT-R-255 kan met een gratis iOS of Android app op een mobile device met bluetooth door maximaal 255 gebruikers een apparaat, elektrische slot, hek, poort, deur etc worden bediend. De<\/p>\n<div class=\"klb-readmore button\"><a class=\"btn link\" href=\"https:\/\/staging.webstore4.com\/de\/product\/wl4-bt-r-255-bluetooth-schakelaar-relais-met-app\/\">Mehr lesen <i class=\"klbth-icon-right-arrow\"><\/i><\/a><\/div>","protected":false},"featured_media":10026,"comment_status":"open","ping_status":"closed","template":"","meta":[],"pwb-brand":[3380],"product_cat":[4191,4197],"product_tag":[],"class_list":{"0":"post-10025","1":"product","2":"type-product","3":"status-publish","4":"has-post-thumbnail","6":"pwb-brand-wl4","7":"product_cat-access","8":"product_cat-elektrische-sloten","9":"product_shipping_class-pakket","10":"pa_garantie-2-jaar","11":"pa_merk-wl4","12":"pa_omgeving-binnen","13":"pa_product-schakelaar","14":"pa_voeding-12vdc","16":"first","17":"instock","18":"taxable","19":"shipping-taxable","20":"purchasable","21":"product-type-simple"},"brands":[{"id":3380,"name":"WL4","slug":"wl4"}],"_links":{"self":[{"href":"https:\/\/staging.webstore4.com\/de\/wp-json\/wp\/v2\/product\/10025","targetHints":{"allow":["GET"]}}],"collection":[{"href":"https:\/\/staging.webstore4.com\/de\/wp-json\/wp\/v2\/product"}],"about":[{"href":"https:\/\/staging.webstore4.com\/de\/wp-json\/wp\/v2\/types\/product"}],"replies":[{"embeddable":true,"href":"https:\/\/staging.webstore4.com\/de\/wp-json\/wp\/v2\/comments?post=10025"}],"wp:featuredmedia":[{"embeddable":true,"href":"https:\/\/staging.webstore4.com\/de\/wp-json\/wp\/v2\/media\/10026"}],"wp:attachment":[{"href":"https:\/\/staging.webstore4.com\/de\/wp-json\/wp\/v2\/media?parent=10025"}],"wp:term":[{"taxonomy":"pwb-brand","embeddable":true,"href":"https:\/\/staging.webstore4.com\/de\/wp-json\/wp\/v2\/pwb-brand?post=10025"},{"taxonomy":"product_cat","embeddable":true,"href":"https:\/\/staging.webstore4.com\/de\/wp-json\/wp\/v2\/product_cat?post=10025"},{"taxonomy":"product_tag","embeddable":true,"href":"https:\/\/staging.webstore4.com\/de\/wp-json\/wp\/v2\/product_tag?post=10025"}],"curies":[{"name":"wp","href":"https:\/\/api.w.org\/{rel}","templated":true}]}}