{"id":10029,"date":"2021-08-18T14:55:25","date_gmt":"2021-08-18T12:55:25","guid":{"rendered":"https:\/\/webstore4.com\/\/?product=uni-t-ut333-luchtvochtigheids-en-temperatuurmeter-met-groot-lcd-display"},"modified":"2025-02-27T09:09:25","modified_gmt":"2025-02-27T08:09:25","slug":"uni-t-ut333-luchtvochtigheids-en-temperatuurmeter-met-groot-lcd-display","status":"publish","type":"product","link":"https:\/\/staging.webstore4.com\/de\/product\/uni-t-ut333-luchtvochtigheids-en-temperatuurmeter-met-groot-lcd-display\/","title":{"rendered":"UNI-T UT333 Feuchtigkeits- und Temperaturmessger\u00e4t mit gro\u00dfem LCD-Display"},"content":{"rendered":"<p>Das UNI-T UT333 ist ein hochwertiges Feuchte- und Temperaturmessger\u00e4t mit gro\u00dfem LCD-Display. Der UT-333 ist speziell f\u00fcr die Messung der Temperatur und Luftfeuchtigkeit konzipiert. Der UNI-T UT333 verf\u00fcgt \u00fcber einen Temperaturmessbereich von -10 \u00b0C bis 60 \u00b0C. Der UNI-T UT333 verf\u00fcgt \u00fcber einen gro\u00dfen hintergrundbeleuchteten LCD-Bildschirm und speichert die minimalen und maximalen Messwerte w\u00e4hrend der Messung. Benutzen Sie den UNI-T UT-333 eine Weile nicht? Bei Nichtgebrauch schaltet es sich nach 5 Minuten automatisch ab.<\/p>\n<p>Onder het tabblad &#8216;Documentatie&#8217; is een link naar de datasheet en naar de product pagina van de fabrikant opgenomen.<\/p>\n<p><strong>Wichtige Funktionen<\/strong><\/p>\n<ul>\n<li>Beleuchteter LCD-Bildschirm (32 x 26 mm)<\/li>\n<li>Temperatur- und Feuchtigkeitsmesser<\/li>\n<li>Temperaturmessbereich von -10\u00b0C bis 60\u00b0C<\/li>\n<li>Der Feuchtigkeitsmessbereich reicht von 0% bis 100% relativer Luftfeuchtigkeit<\/li>\n<li>Speicherung von Min\/Max-Werten<\/li>\n<li>3x AAA batterij (meegeleverd)<\/li>\n<li>Anzeige f\u00fcr niedrigen Batteriestand<\/li>\n<\/ul>\n<p><a href=\"https:\/\/staging.webstore4.com\/Copyright\/\" target=\"_blank\" rel=\"noopener\"><span style=\"color: #ff6e03; font-size: 11px;\">\u00a9 Der Text ist urheberrechtlich gesch\u00fctzt<\/span><\/a><\/p>","protected":false},"excerpt":{"rendered":"<p>De UNI-T UT333 is een hoogwaardige vochtigheids- en temperatuurmeter met groot LCD display. De UT-333 is speciaal ontworpen voor het meten van de tempratuur en het vochtigheidsgehalte in de lucht. De\u00a0UNI-T UT333 heeft een tempratuur meetbereik van -10\u00b0C tot 60\u00b0C.\u00a0De\u00a0UNI-T UT333 heeft een groot verlicht LCD scherm en slaat tijdens de meting de minimale en<\/p>\n<div class=\"klb-readmore button\"><a class=\"btn link\" href=\"https:\/\/staging.webstore4.com\/de\/product\/uni-t-ut333-luchtvochtigheids-en-temperatuurmeter-met-groot-lcd-display\/\">Mehr lesen <i class=\"klbth-icon-right-arrow\"><\/i><\/a><\/div>","protected":false},"featured_media":17088,"comment_status":"open","ping_status":"closed","template":"","meta":[],"pwb-brand":[3422],"product_cat":[3441,3461],"product_tag":[],"class_list":{"0":"post-10029","1":"product","2":"type-product","3":"status-publish","4":"has-post-thumbnail","6":"pwb-brand-uni-t","7":"product_cat-benodigdheden","8":"product_cat-testers","9":"product_shipping_class-pakket","10":"pa_garantie-2-jaar","11":"pa_merk-uni-t","12":"pa_test-voor-temperatuur","14":"first","15":"onbackorder","16":"taxable","17":"shipping-taxable","18":"purchasable","19":"product-type-simple"},"brands":[{"id":3422,"name":"UNI-T","slug":"uni-t"}],"_links":{"self":[{"href":"https:\/\/staging.webstore4.com\/de\/wp-json\/wp\/v2\/product\/10029","targetHints":{"allow":["GET"]}}],"collection":[{"href":"https:\/\/staging.webstore4.com\/de\/wp-json\/wp\/v2\/product"}],"about":[{"href":"https:\/\/staging.webstore4.com\/de\/wp-json\/wp\/v2\/types\/product"}],"replies":[{"embeddable":true,"href":"https:\/\/staging.webstore4.com\/de\/wp-json\/wp\/v2\/comments?post=10029"}],"wp:featuredmedia":[{"embeddable":true,"href":"https:\/\/staging.webstore4.com\/de\/wp-json\/wp\/v2\/media\/17088"}],"wp:attachment":[{"href":"https:\/\/staging.webstore4.com\/de\/wp-json\/wp\/v2\/media?parent=10029"}],"wp:term":[{"taxonomy":"pwb-brand","embeddable":true,"href":"https:\/\/staging.webstore4.com\/de\/wp-json\/wp\/v2\/pwb-brand?post=10029"},{"taxonomy":"product_cat","embeddable":true,"href":"https:\/\/staging.webstore4.com\/de\/wp-json\/wp\/v2\/product_cat?post=10029"},{"taxonomy":"product_tag","embeddable":true,"href":"https:\/\/staging.webstore4.com\/de\/wp-json\/wp\/v2\/product_tag?post=10029"}],"curies":[{"name":"wp","href":"https:\/\/api.w.org\/{rel}","templated":true}]}}