{"id":10035,"date":"2021-08-20T18:10:15","date_gmt":"2021-08-20T16:10:15","guid":{"rendered":"https:\/\/webstore4.com\/\/?product=wl4-ipc-m-b2-wifi-mobiele-mini-bullet-ip-wifi-camera-1mp-met-infrarood-nachtzicht"},"modified":"2024-04-19T15:13:30","modified_gmt":"2024-04-19T14:13:30","slug":"wl4-ipc-m-b2-wifi-mobiele-bullet-camera","status":"publish","type":"product","link":"https:\/\/staging.webstore4.com\/de\/product\/wl4-ipc-m-b2-wifi-mobiele-bullet-camera\/","title":{"rendered":"WL4 IPC-M-B2-WIFI mobile Mini-Bullet-IP-WIFI-Kamera 1 MP mit Infrarot-Nachtsicht"},"content":{"rendered":"<p>Die WL4 IPC-M-B2-WIFI ist eine mobile 1-Megapixel-Mini-Bullet-IP-Kamera mit WLAN f\u00fcr die Video\u00fcberwachung in und um Fahrzeuge und Schiffe. Der WL4 IPC-MB-WIFI eignet sich sehr gut f\u00fcr den Einsatz in einem Auto, Transporter, Taxi, LKW, Wohnmobil, Personenbus, Stra\u00dfenbahn, Zug, Mietwagen, Pferdeanh\u00e4nger, Viehtransporter, Traktor, landwirtschaftlicher Maschine, Boot usw.<\/p>\n<p><strong>M\u00f6glichkeiten<\/strong><\/p>\n<p>Die Kamera zeigt Bilder in einer Aufl\u00f6sung von 1280x720p an. Die Wi-Fi-Verbindung erleichtert die Installation und Verbindung mit dem passenden WIFI-Monitor (separat unter \u201eOptionen\u201c erh\u00e4ltlich) f\u00fcr den Einsatz in Fahrzeugen und Schiffen. Der Monitor ist unter der Registerkarte \u201eVerwandt\u201c enthalten. Bilder k\u00f6nnen im WLAN-Monitor aufgezeichnet werden. Die Kamera verf\u00fcgt \u00fcber ein festes 2,8-mm-Objektiv mit einem horizontalen Betrachtungswinkel von 70 Grad.<\/p>\n<p>Die Kamera verf\u00fcgt \u00fcber eine integrierte Infrarot-LED-Beleuchtung f\u00fcr Nachtsicht. Die maximale Reichweite des Infrarotlichts betr\u00e4gt 10 Meter. Die Kamera besteht aus Metall und verf\u00fcgt \u00fcber die Schutzart IP67 f\u00fcr den Au\u00dfenbereich (staub- und tauchgesch\u00fctzt).<\/p>\n<p><strong>Wichtigste Funktionen<\/strong><\/p>\n<ul>\n<li>Mobile HD 1-Megapixel-Mini-Bullet-WIFI-IP-Kamera<\/li>\n<li>IR-Nachtsicht bis zu 10 Meter<\/li>\n<li>Stromversorgung 12 VDC \/ 300 mA oder 24 VDC \/ 150 mA (Netzteil nicht im Lieferumfang enthalten)<\/li>\n<li>Festes 2,8-mm-Objektiv<\/li>\n<li>AGC und BLC<\/li>\n<li>IP67<\/li>\n<li>Abmessungen 53x39x35mm<\/li>\n<\/ul>\n<p><a href=\"https:\/\/staging.webstore4.com\/Copyright\/\" target=\"_blank\" rel=\"noopener\"><span style=\"color: #ff6e03; font-size: 11px;\">\u00a9 Der Text ist urheberrechtlich gesch\u00fctzt<\/span><\/a><\/p>","protected":false},"excerpt":{"rendered":"<p>De WL4 IPC-M-B2-WIFI is een mobiele 1 megapixel mini bullet IP camera met Wi-Fi voor videobewaking in en om voertuigen en vaartuigen. De WL4 IPC-M-B-WIFI is zeer geschikt voor gebruik in een auto, bestelbus, taxi, vrachtwagen, camper, personen bus, tram, trein, huurauto, paardentrailer, veevervoer, tractor, landbouwmachine, boot etc. Mogelijkheden De camera geeft beelden weer in<\/p>\n<div class=\"klb-readmore button\"><a class=\"btn link\" href=\"https:\/\/staging.webstore4.com\/de\/product\/wl4-ipc-m-b2-wifi-mobiele-bullet-camera\/\">Mehr lesen <i class=\"klbth-icon-right-arrow\"><\/i><\/a><\/div>","protected":false},"featured_media":15093,"comment_status":"open","ping_status":"closed","template":"","meta":[],"pwb-brand":[3380],"product_cat":[4184,4240],"product_tag":[],"class_list":{"0":"post-10035","1":"product","2":"type-product","3":"status-publish","4":"has-post-thumbnail","6":"pwb-brand-wl4","7":"product_cat-cameras","8":"product_cat-voertuig-mobiele-ip-video-cameras","9":"product_shipping_class-pakket","10":"pa_beeldhoek-graden-horizontaal-4105","11":"pa_beeldsensor-1-3-cmos","12":"pa_draadloos-ja-wi-fi-802-11","13":"pa_ingebouwd-type-nachtzicht-infrared-ir-led","14":"pa_lens-mm-2-8","15":"pa_megapixel-1mp","16":"pa_merk-wl4","17":"pa_nachtzicht-ja","18":"pa_omgeving-binnen-en-buiten","19":"pa_opnemen-op-sd-kaart-nee","20":"pa_poe-nee","21":"pa_voeding-12vdc","22":"pa_voeding-24vdc","24":"first","25":"instock","26":"sold-individually","27":"taxable","28":"shipping-taxable","29":"purchasable","30":"product-type-simple"},"brands":[{"id":3380,"name":"WL4","slug":"wl4"}],"_links":{"self":[{"href":"https:\/\/staging.webstore4.com\/de\/wp-json\/wp\/v2\/product\/10035","targetHints":{"allow":["GET"]}}],"collection":[{"href":"https:\/\/staging.webstore4.com\/de\/wp-json\/wp\/v2\/product"}],"about":[{"href":"https:\/\/staging.webstore4.com\/de\/wp-json\/wp\/v2\/types\/product"}],"replies":[{"embeddable":true,"href":"https:\/\/staging.webstore4.com\/de\/wp-json\/wp\/v2\/comments?post=10035"}],"wp:featuredmedia":[{"embeddable":true,"href":"https:\/\/staging.webstore4.com\/de\/wp-json\/wp\/v2\/media\/15093"}],"wp:attachment":[{"href":"https:\/\/staging.webstore4.com\/de\/wp-json\/wp\/v2\/media?parent=10035"}],"wp:term":[{"taxonomy":"pwb-brand","embeddable":true,"href":"https:\/\/staging.webstore4.com\/de\/wp-json\/wp\/v2\/pwb-brand?post=10035"},{"taxonomy":"product_cat","embeddable":true,"href":"https:\/\/staging.webstore4.com\/de\/wp-json\/wp\/v2\/product_cat?post=10035"},{"taxonomy":"product_tag","embeddable":true,"href":"https:\/\/staging.webstore4.com\/de\/wp-json\/wp\/v2\/product_tag?post=10035"}],"curies":[{"name":"wp","href":"https:\/\/api.w.org\/{rel}","templated":true}]}}