{"id":10060,"date":"2021-08-27T15:31:52","date_gmt":"2021-08-27T13:31:52","guid":{"rendered":"https:\/\/webstore4.com\/\/?product=safire-sf-smartlock-bt-pro-bluetooth-smart-lock-met-app-en-gemotoriseerd-aanpasbaar-cilinderslot"},"modified":"2024-12-03T21:13:40","modified_gmt":"2024-12-03T20:13:40","slug":"safire-sf-smartlock-bt-pro-bluetooth-smart-lock","status":"publish","type":"product","link":"https:\/\/staging.webstore4.com\/de\/product\/safire-sf-smartlock-bt-pro-bluetooth-smart-lock\/","title":{"rendered":"Safire SF-SMARTLOCK-BT-PRO Bluetooth-Smart-Schloss mit App und motorisch verstellbarem Zylinderschloss"},"content":{"rendered":"<p>Das Safire SF-SMARTLOCK-BT-PRO Bluetooth-Smartlock ist eine Bluetooth-basierte Zugangskontrolle mit einer mobilen App und einem motorisierten EU-verstellbaren Zylinderschloss von 55 bis 115 mm. Der Safire SF-SMARTLOCK-BT-PRO kann mit einem separat erh\u00e4ltlichen Fingerabdruckleser (SF-SLFINGER-BT) oder einem Keypad (SF-SLKEYPAD-BT) kombiniert werden und kann mit dem separat erh\u00e4ltlichen WiFi-Modul (SF -SLBRIDGE-WBT), um die Verwaltung und Steuerung mit der App von \u00fcberall auf der Welt aus zu erm\u00f6glichen.<\/p>\n<p>Der SF-SMARTLOCK-BT-PRO \u00f6ffnet und schlie\u00dft automatisch.<\/p>\n<p><strong>M\u00f6glichkeiten<\/strong><\/p>\n<p>Het Safire bluetooth smartlock systeem is de oplossing voor een draadloos toegangscontrolesysteem bij bedrijfspanden, vakantiehuizen of woningen. De moderne toegangscontrole biedt de mogelijkheid om toegangsrechten te beheren met de mobiele app. Via de app is overal ter wereld de toegang tot het slot aan te passen. Het slot is ook te openen met een meegeleverde sleutel.<\/p>\n<p>Das SDK steht Entwicklern zur Integration in ihre eigene Anwendung zur Verf\u00fcgung.<\/p>\n<p>Das Schloss funktioniert mit 3x CR123A-Batterien (nicht im Lieferumfang enthalten). Die passenden Akkus werden im Reiter \u201eOptionen\u201c angezeigt.<\/p>\n<p><strong>Wichtigste Funktionen<\/strong><\/p>\n<ul>\n<li>Bluetooth-Verbindung 4.0 (funktioniert bei einer maximalen Entfernung von 10 Metern zum Smartphone)<\/li>\n<li>Zylinderschloss einstellbar zwischen 55 und 115 mm<\/li>\n<li>Erstellen Sie schnell und einfach Zugriffsrechte<\/li>\n<li>Steuerung und Verwaltung per mobiler App<\/li>\n<li>Kompatibel mit SIRI<\/li>\n<li>Keine Abonnementgeb\u00fchren<\/li>\n<li>SDK mit Dokumentation verf\u00fcgbar<\/li>\n<li>Funktioniert mit 3x CR123A-Batterien (nicht im Lieferumfang enthalten)<\/li>\n<\/ul>\n<p><a href=\"https:\/\/staging.webstore4.com\/Copyright\/\" target=\"_blank\" rel=\"noopener\"><span style=\"color: #ff6e03; font-size: 11px;\">\u00a9 Der Text ist urheberrechtlich gesch\u00fctzt<\/span><\/a><\/p>","protected":false},"excerpt":{"rendered":"<p>Das Safire SF-SMARTLOCK-BT-PRO Bluetooth-Smartlock ist eine Bluetooth-basierte Zugangskontrolle mit einer mobilen App und einem motorisierten EU-verstellbaren Zylinderschloss von 55 bis 115 mm. Der Safire SF-SMARTLOCK-BT-PRO kann mit einem separat erh\u00e4ltlichen Fingerabdruckleser (SF-SLFINGER-BT) oder einem Keypad (SF-SLKEYPAD-BT) kombiniert werden und kann mit dem separat erh\u00e4ltlichen WiFi-Modul (SF -SLBRIDGE-WBT), um die Verwaltung und Steuerung mit der App von \u00fcberall auf der Welt aus zu erm\u00f6glichen.<\/p>\n<div class=\"klb-readmore button\"><a class=\"btn link\" href=\"https:\/\/staging.webstore4.com\/de\/product\/safire-sf-smartlock-bt-pro-bluetooth-smart-lock\/\">Mehr lesen <i class=\"klbth-icon-right-arrow\"><\/i><\/a><\/div>","protected":false},"featured_media":10061,"comment_status":"open","ping_status":"closed","template":"","meta":[],"pwb-brand":[3385],"product_cat":[4211,4191,4417,4198],"product_tag":[],"class_list":{"0":"post-10060","1":"product","2":"type-product","3":"status-publish","4":"has-post-thumbnail","6":"pwb-brand-safire","7":"product_cat-safire-pro-series","8":"product_cat-access","9":"product_cat-smart-sloten","10":"product_cat-series","11":"product_shipping_class-pakket","12":"pa_max-aantal-gebruikers-ongelimiteerd","13":"pa_merk-safire","14":"pa_montage-inbouw","15":"pa_omgeving-binnen-en-buiten","16":"pa_product-cilinder","17":"pa_voeding-batterij","19":"first","20":"onbackorder","21":"taxable","22":"shipping-taxable","23":"purchasable","24":"product-type-simple"},"brands":[{"id":3385,"name":"Safire","slug":"safire"}],"_links":{"self":[{"href":"https:\/\/staging.webstore4.com\/de\/wp-json\/wp\/v2\/product\/10060","targetHints":{"allow":["GET"]}}],"collection":[{"href":"https:\/\/staging.webstore4.com\/de\/wp-json\/wp\/v2\/product"}],"about":[{"href":"https:\/\/staging.webstore4.com\/de\/wp-json\/wp\/v2\/types\/product"}],"replies":[{"embeddable":true,"href":"https:\/\/staging.webstore4.com\/de\/wp-json\/wp\/v2\/comments?post=10060"}],"wp:featuredmedia":[{"embeddable":true,"href":"https:\/\/staging.webstore4.com\/de\/wp-json\/wp\/v2\/media\/10061"}],"wp:attachment":[{"href":"https:\/\/staging.webstore4.com\/de\/wp-json\/wp\/v2\/media?parent=10060"}],"wp:term":[{"taxonomy":"pwb-brand","embeddable":true,"href":"https:\/\/staging.webstore4.com\/de\/wp-json\/wp\/v2\/pwb-brand?post=10060"},{"taxonomy":"product_cat","embeddable":true,"href":"https:\/\/staging.webstore4.com\/de\/wp-json\/wp\/v2\/product_cat?post=10060"},{"taxonomy":"product_tag","embeddable":true,"href":"https:\/\/staging.webstore4.com\/de\/wp-json\/wp\/v2\/product_tag?post=10060"}],"curies":[{"name":"wp","href":"https:\/\/api.w.org\/{rel}","templated":true}]}}