{"id":10150,"date":"2021-10-19T19:16:14","date_gmt":"2021-10-19T17:16:14","guid":{"rendered":"https:\/\/webstore4.com\/\/?product=safire-sf-slfinger-bt-vingerafdruklezer-voor-smartlock-sf-smartlock-bt-pro-en-relais-sf-slrelay-bt"},"modified":"2024-08-02T18:38:24","modified_gmt":"2024-08-02T17:38:24","slug":"safire-sf-slfinger-bt-vingerafdruklezer-voor-smartlock-sf-smartlock-bt-pro-en-relais-sf-slrelay-bt","status":"publish","type":"product","link":"https:\/\/staging.webstore4.com\/de\/product\/safire-sf-slfinger-bt-vingerafdruklezer-voor-smartlock-sf-smartlock-bt-pro-en-relais-sf-slrelay-bt\/","title":{"rendered":"Safire SF-SLFINGER-BT Fingerabdruckleser f\u00fcr Smartlock SF-SMARTLOCK-BT \/ PRO und Relais SF-SLRELAY-BT"},"content":{"rendered":"<p>Der Safire SF-SLFINGER-BT ist ein Fingerabdruckleser zur Verwendung mit dem Bluetooth-Smartlock SF-SMARTLOCK-BT \/ PRO oder dem Relais SF-SLRELAY-BT.<\/p>\n<p><strong>Wichtigste Funktionen<\/strong><\/p>\n<ul>\n<li>Bluetooth 4.0-Verbindung mit Schloss oder Relais (funktioniert bei einer maximalen Entfernung von 10 Metern)<\/li>\n<li>Maximal 20 Fingerabdr\u00fccke<\/li>\n<li>Omnidirectionele sensor\u00a0voor plaatsen vinger in alle standen<\/li>\n<li>Kostenlose iOS- und Android-App und keine Abonnementgeb\u00fchren<\/li>\n<li>Eingebauter 230-mAh-Akku f\u00fcr eine durchschnittliche Nutzungsdauer von ca. 2 Monaten<\/li>\n<li>Laden \u00fcber Micro-USB-Eingang (Adapter nicht im Lieferumfang enthalten)<\/li>\n<li>Hergestellt aus Aluminium und mit einer geringen Gr\u00f6\u00dfe von 56\u00d721,5 mm<\/li>\n<li>Ideal f\u00fcr den Einsatz in AirBNB, Kurzzeitmieten, Ferienh\u00e4usern, flexiblen Arbeitspl\u00e4tzen usw.<\/li>\n<\/ul>\n<p><a href=\"https:\/\/staging.webstore4.com\/Copyright\/\" target=\"_blank\" rel=\"noopener\"><span style=\"color: #ff6e03; font-size: 11px;\">\u00a9 Der Text ist urheberrechtlich gesch\u00fctzt<\/span><\/a><\/p>","protected":false},"excerpt":{"rendered":"<p>De Safire SF-SLFINGER-BT is een vingerafdruklezer voor gebruik met de\u00a0Bluetooth smartlock SF-SMARTLOCK-BT \/ PRO of het relais SF-SLRELAY-BT. Belangrijkste kenmerken Bluetooth 4.0 connectie met slot of relais\u00a0(werkt op maximaal 10 meter afstand) Maximaal 20 vingerafdrukken Omnidirectionele sensor\u00a0voor plaatsen vinger in alle standen Gratis iOS en Android app en geen abonnementskosten Ingebouwde 230mAh accu voor gemiddeld<\/p>\n<div class=\"klb-readmore button\"><a class=\"btn link\" href=\"https:\/\/staging.webstore4.com\/de\/product\/safire-sf-slfinger-bt-vingerafdruklezer-voor-smartlock-sf-smartlock-bt-pro-en-relais-sf-slrelay-bt\/\">Mehr lesen <i class=\"klbth-icon-right-arrow\"><\/i><\/a><\/div>","protected":false},"featured_media":10151,"comment_status":"open","ping_status":"closed","template":"","meta":[],"pwb-brand":[3385],"product_cat":[4191,4417,4198,4211],"product_tag":[],"class_list":{"0":"post-10150","1":"product","2":"type-product","3":"status-publish","4":"has-post-thumbnail","6":"pwb-brand-safire","7":"product_cat-access","8":"product_cat-smart-sloten","9":"product_cat-series","10":"product_cat-safire-pro-series","11":"product_shipping_class-pakket","12":"pa_merk-safire","13":"pa_product-accessoires","14":"pa_voeding-5v-usb","16":"first","17":"onbackorder","18":"taxable","19":"shipping-taxable","20":"purchasable","21":"product-type-simple"},"brands":[{"id":3385,"name":"Safire","slug":"safire"}],"_links":{"self":[{"href":"https:\/\/staging.webstore4.com\/de\/wp-json\/wp\/v2\/product\/10150","targetHints":{"allow":["GET"]}}],"collection":[{"href":"https:\/\/staging.webstore4.com\/de\/wp-json\/wp\/v2\/product"}],"about":[{"href":"https:\/\/staging.webstore4.com\/de\/wp-json\/wp\/v2\/types\/product"}],"replies":[{"embeddable":true,"href":"https:\/\/staging.webstore4.com\/de\/wp-json\/wp\/v2\/comments?post=10150"}],"wp:featuredmedia":[{"embeddable":true,"href":"https:\/\/staging.webstore4.com\/de\/wp-json\/wp\/v2\/media\/10151"}],"wp:attachment":[{"href":"https:\/\/staging.webstore4.com\/de\/wp-json\/wp\/v2\/media?parent=10150"}],"wp:term":[{"taxonomy":"pwb-brand","embeddable":true,"href":"https:\/\/staging.webstore4.com\/de\/wp-json\/wp\/v2\/pwb-brand?post=10150"},{"taxonomy":"product_cat","embeddable":true,"href":"https:\/\/staging.webstore4.com\/de\/wp-json\/wp\/v2\/product_cat?post=10150"},{"taxonomy":"product_tag","embeddable":true,"href":"https:\/\/staging.webstore4.com\/de\/wp-json\/wp\/v2\/product_tag?post=10150"}],"curies":[{"name":"wp","href":"https:\/\/api.w.org\/{rel}","templated":true}]}}