{"id":10180,"date":"2021-11-10T14:49:59","date_gmt":"2021-11-10T12:49:59","guid":{"rendered":"https:\/\/webstore4.com\/\/?product=wl4-sb-12-1000-accu-12vdc-100-ah-voor-bijvoorbeeld-een-zonnepaneel-alarm-ups-of-toegangscontrole-installatie"},"modified":"2024-06-21T13:59:27","modified_gmt":"2024-06-21T12:59:27","slug":"wl4-sb-12-1000-accu-12vdc-100-ah","status":"publish","type":"product","link":"https:\/\/staging.webstore4.com\/de\/product\/wl4-sb-12-1000-accu-12vdc-100-ah\/","title":{"rendered":"WL4 SB-12-1000 Batterie 12 VDC 100 Ah f\u00fcr beispielsweise ein Solarpanel, einen Alarm, eine USV oder eine Zugangskontrollanlage"},"content":{"rendered":"<p>Die WL4 SB-12-1000 ist eine wartungsfreie Backup-Batterie, die 12 VDC und 100 Ampere liefert. Die Batterie eignet sich f\u00fcr eine Solarpanel-Installation oder als Stromquelle f\u00fcr eine andere Art von Installation. Zum Beispiel f\u00fcr eine Alarm- oder Zutrittskontrollinstallation.<br \/>\nF\u00fcr den Akku gilt eine 6-monatige Garantie auf Produktm\u00e4ngel.<\/p>\n<p><strong>Wichtigste Funktionen<\/strong><\/p>\n<ul>\n<li>AGM (Absorbierende Glasmatte)<\/li>\n<li>12VDC<\/li>\n<li>100 Ampere<\/li>\n<li>100.000 mAh Kapazit\u00e4t<\/li>\n<li>Abmessungen 330x171x214mm<\/li>\n<\/ul>\n<p><a href=\"https:\/\/www.webstore4ipcameras.nl\/Copyright\" target=\"_blank\" rel=\"noopener\"><span style=\"color: #ff6e03; font-size: 11px;\">\u00a9 Der Text ist urheberrechtlich gesch\u00fctzt<\/span><\/a><\/p>","protected":false},"excerpt":{"rendered":"<p>De WL4 SB-12-1000 is een onderhoudsvrije back-up accu die 12VDC en 100 amp\u00e8re levert. De accu is geschikt voor een zonnepaneel installatie of als stroombron voor een andere soort installatie. Bijvoorbeeld voor een alarm of toegangscontrole installatie. Op de accu wordt een garantie op product gebreken gegeven van 6 maanden. Belangrijkste kenmerken AGM\u00a0(Absorbent Glass Mat)<\/p>\n<div class=\"klb-readmore button\"><a class=\"btn link\" href=\"https:\/\/staging.webstore4.com\/de\/product\/wl4-sb-12-1000-accu-12vdc-100-ah\/\">Mehr lesen <i class=\"klbth-icon-right-arrow\"><\/i><\/a><\/div>","protected":false},"featured_media":14392,"comment_status":"open","ping_status":"closed","template":"","meta":[],"pwb-brand":[3380],"product_cat":[4247,4255],"product_tag":[],"class_list":{"0":"post-10180","1":"product","2":"type-product","3":"status-publish","4":"has-post-thumbnail","6":"pwb-brand-wl4","7":"product_cat-duurzaamheid","8":"product_cat-accus","9":"product_shipping_class-pakket","10":"pa_capaciteit-accu-100000mah","11":"pa_merk-wl4","13":"first","14":"onbackorder","15":"taxable","16":"shipping-taxable","17":"purchasable","18":"product-type-simple"},"brands":[{"id":3380,"name":"WL4","slug":"wl4"}],"_links":{"self":[{"href":"https:\/\/staging.webstore4.com\/de\/wp-json\/wp\/v2\/product\/10180","targetHints":{"allow":["GET"]}}],"collection":[{"href":"https:\/\/staging.webstore4.com\/de\/wp-json\/wp\/v2\/product"}],"about":[{"href":"https:\/\/staging.webstore4.com\/de\/wp-json\/wp\/v2\/types\/product"}],"replies":[{"embeddable":true,"href":"https:\/\/staging.webstore4.com\/de\/wp-json\/wp\/v2\/comments?post=10180"}],"wp:featuredmedia":[{"embeddable":true,"href":"https:\/\/staging.webstore4.com\/de\/wp-json\/wp\/v2\/media\/14392"}],"wp:attachment":[{"href":"https:\/\/staging.webstore4.com\/de\/wp-json\/wp\/v2\/media?parent=10180"}],"wp:term":[{"taxonomy":"pwb-brand","embeddable":true,"href":"https:\/\/staging.webstore4.com\/de\/wp-json\/wp\/v2\/pwb-brand?post=10180"},{"taxonomy":"product_cat","embeddable":true,"href":"https:\/\/staging.webstore4.com\/de\/wp-json\/wp\/v2\/product_cat?post=10180"},{"taxonomy":"product_tag","embeddable":true,"href":"https:\/\/staging.webstore4.com\/de\/wp-json\/wp\/v2\/product_tag?post=10180"}],"curies":[{"name":"wp","href":"https:\/\/api.w.org\/{rel}","templated":true}]}}