{"id":10188,"date":"2021-11-29T19:22:55","date_gmt":"2021-11-29T17:22:55","guid":{"rendered":"https:\/\/webstore4.com\/\/?product=anka-aj-763-rookmelder-voldoet-aan-en146042005ac2008-norm-kan-zelfstandig-werken-10-jaar-levensduur-accu"},"modified":"2024-04-19T15:14:10","modified_gmt":"2024-04-19T14:14:10","slug":"anka-aj-763-rookmelder","status":"publish","type":"product","link":"https:\/\/staging.webstore4.com\/de\/product\/anka-aj-763-rookmelder\/","title":{"rendered":"ANKA AJ-763 Rauchmelder entspricht der Norm EN14604:2005+AC:2008, kann unabh\u00e4ngig arbeiten \u2013 10 Jahre Batterielebensdauer"},"content":{"rendered":"<div class=\"video-frame-box\" style=\"width: 100%; max-width: 480px; max-height: 270px; float: right; padding: 0px 10px 10px 10px;\">\n<div class=\"video-frame\"><iframe src=\"\/\/www.youtube.com\/embed\/x2mG7O9WI_Q?rel=0&amp;modestbranding=1&amp;showinfo=0&amp;autohide=1\" width=\"480\" height=\"270\" frameborder=\"0\"><\/iframe><\/div>\n<\/div>\n<p>De ANKA AJ-763 is een optische rookmelder die voldoet aan de EN14604:2005+AC:2008 norm en kan zelfstandig werken. De rookmelder en accu heeft een levensduur van ongeveer 10 jaar.<br \/>\nDer ANKA AJ-762SI wird h\u00e4ufig in Wohnh\u00e4usern oder Gewerbegeb\u00e4uden eingesetzt. Der Rauchmelder reagiert sofort auf Rauch und gibt einen Alarm von 85 Dezibel ab.<br \/>\nDe sensor kleurt hierbij rood. Het alarm kan ook weer zeer gemakkelijk worden uit gezet.<\/p>\n<p>De montage van de ANKA AJ-763 is zeer eenvoudig. De rookmelder wordt geleverd inclusief montagemateriaal.<\/p>\n<p>Unter der Registerkarte \u201eDokumentation\u201c finden Sie einen Link zur Website des Herstellers.<\/p>\n<p><strong>Wichtigste Funktionen<\/strong><\/p>\n<ul>\n<li>Europ\u00e4ische Zertifizierung EN14604:2005+AC:2008<\/li>\n<li>Eingebaute 85-dB-Sirene<\/li>\n<li>Photoelectric rook detector<\/li>\n<li>Testtaste<\/li>\n<li>LED-Anzeige<\/li>\n<li>Inklusive Montagematerial<\/li>\n<li>Abmessungen 110x42mm<\/li>\n<\/ul>\n<p><a href=\"https:\/\/www.webstore4ipcameras.nl\/Copyright\" target=\"_blank\" rel=\"noopener\"><span style=\"color: #ff6e03; font-size: 11px;\">\u00a9 Der Text ist urheberrechtlich gesch\u00fctzt<\/span><\/a><\/p>","protected":false},"excerpt":{"rendered":"<p>De ANKA AJ-763 is een optische rookmelder die voldoet aan de EN14604:2005+AC:2008 norm en kan zelfstandig werken. De rookmelder en accu heeft een levensduur van ongeveer 10 jaar. De ANKA AJ-763 wordt veelal gebruikt in woonhuizen of bedrijfsgebouwen. De rookmelder komt bij rook direct in actie en geeft dan een alarm af van 85 decibel.<\/p>\n<div class=\"klb-readmore button\"><a class=\"btn link\" href=\"https:\/\/staging.webstore4.com\/de\/product\/anka-aj-763-rookmelder\/\">Mehr lesen <i class=\"klbth-icon-right-arrow\"><\/i><\/a><\/div>","protected":false},"featured_media":10189,"comment_status":"open","ping_status":"closed","template":"","meta":[],"pwb-brand":[3427],"product_cat":[3466,3498],"product_tag":[],"class_list":{"0":"post-10188","1":"product","2":"type-product","3":"status-publish","4":"has-post-thumbnail","6":"pwb-brand-anka-sci-tech","7":"product_cat-alarm","8":"product_cat-rookmelders","9":"product_shipping_class-pakket","10":"pa_garantie-2-jaar","11":"pa_merk-anka-sci-tech","12":"pa_omgeving-binnen","13":"pa_voeding-ingebouwd","15":"first","16":"instock","17":"taxable","18":"shipping-taxable","19":"purchasable","20":"product-type-simple"},"brands":[{"id":3427,"name":"Anka SCI-TECH","slug":"anka-sci-tech"}],"_links":{"self":[{"href":"https:\/\/staging.webstore4.com\/de\/wp-json\/wp\/v2\/product\/10188","targetHints":{"allow":["GET"]}}],"collection":[{"href":"https:\/\/staging.webstore4.com\/de\/wp-json\/wp\/v2\/product"}],"about":[{"href":"https:\/\/staging.webstore4.com\/de\/wp-json\/wp\/v2\/types\/product"}],"replies":[{"embeddable":true,"href":"https:\/\/staging.webstore4.com\/de\/wp-json\/wp\/v2\/comments?post=10188"}],"wp:featuredmedia":[{"embeddable":true,"href":"https:\/\/staging.webstore4.com\/de\/wp-json\/wp\/v2\/media\/10189"}],"wp:attachment":[{"href":"https:\/\/staging.webstore4.com\/de\/wp-json\/wp\/v2\/media?parent=10188"}],"wp:term":[{"taxonomy":"pwb-brand","embeddable":true,"href":"https:\/\/staging.webstore4.com\/de\/wp-json\/wp\/v2\/pwb-brand?post=10188"},{"taxonomy":"product_cat","embeddable":true,"href":"https:\/\/staging.webstore4.com\/de\/wp-json\/wp\/v2\/product_cat?post=10188"},{"taxonomy":"product_tag","embeddable":true,"href":"https:\/\/staging.webstore4.com\/de\/wp-json\/wp\/v2\/product_tag?post=10188"}],"curies":[{"name":"wp","href":"https:\/\/api.w.org\/{rel}","templated":true}]}}