{"id":10223,"date":"2021-12-25T18:54:20","date_gmt":"2021-12-25T16:54:20","guid":{"rendered":"https:\/\/webstore4.com\/\/?product=wl4-thrm-1-universele-thermostaat-voor-een-nonc-schakeling-bij-een-ingestelde-temperatuur-din-rail"},"modified":"2024-04-23T13:03:34","modified_gmt":"2024-04-23T12:03:34","slug":"wl4-thrm-1-universele-thermostaat-din-rail","status":"publish","type":"product","link":"https:\/\/staging.webstore4.com\/de\/product\/wl4-thrm-1-universele-thermostaat-din-rail\/","title":{"rendered":"WL4 THRM-1 Universalthermostat f\u00fcr NO\/NC-Umschaltung bei einer eingestellten Temperatur \u2013 DIN-Schiene"},"content":{"rendered":"<p>Der WL4 THRM-1 ist ein universeller Thermostat f\u00fcr einen NO\/NC-Kreislauf bei einer eingestellten Temperatur. Der WL4 THRM-1 ist f\u00fcr die DIN-Schienenmontage geeignet.<\/p>\n<p>1 x NC-Relais: \u00f6ffnet nach \u00dcberschreiten der eingestellten Temperatur und 1 x NO-Relais: schlie\u00dft nach \u00dcberschreiten der eingestellten Temperatur.<\/p>\n<p><strong>Wichtige Funktionen<\/strong><\/p>\n<ul>\n<li>Maximale Belastung 10A (NC) und 5A (NO)<\/li>\n<li>Einstellbar von -20 bis 60 \u00b0C<\/li>\n<li>Maximal 250 VAC<\/li>\n<li>DIN-Schienenmontage m\u00f6glich<\/li>\n<\/ul>\n<p><a href=\"https:\/\/www.webstore4ipcameras.nl\/Copyright\" target=\"_blank\" rel=\"noopener\"><span style=\"color: #ff6e03; font-size: 11px;\">\u00a9 Der Text ist urheberrechtlich gesch\u00fctzt<\/span><\/a><\/p>","protected":false},"excerpt":{"rendered":"<p>De WL4 THRM-1 is een universele thermostaat voor een NO\/NC schakeling bij een ingestelde temperatuur. De\u00a0WL4 THRM-1 is geschikt voor DIN rail montage. 1 x NC relais: geopend na overschrijding van de ingestelde temperatuur en 1 x NO relais: gesloten na overschrijding van de ingestelde temperatuur. Belangrijke kenmerken Maximum load 10A (NC) en 5A (NO)<\/p>\n<div class=\"klb-readmore button\"><a class=\"btn link\" href=\"https:\/\/staging.webstore4.com\/de\/product\/wl4-thrm-1-universele-thermostaat-din-rail\/\">Mehr lesen <i class=\"klbth-icon-right-arrow\"><\/i><\/a><\/div>","protected":false},"featured_media":13664,"comment_status":"open","ping_status":"closed","template":"","meta":[],"pwb-brand":[3380],"product_cat":[3441,3458,4522],"product_tag":[],"class_list":{"0":"post-10223","1":"product","2":"type-product","3":"status-publish","4":"has-post-thumbnail","6":"pwb-brand-wl4","7":"product_cat-benodigdheden","8":"product_cat-voedingen","9":"product_cat-din-rail","10":"product_shipping_class-pakket","11":"pa_merk-wl4","13":"first","14":"instock","15":"taxable","16":"shipping-taxable","17":"purchasable","18":"product-type-simple"},"brands":[{"id":3380,"name":"WL4","slug":"wl4"}],"_links":{"self":[{"href":"https:\/\/staging.webstore4.com\/de\/wp-json\/wp\/v2\/product\/10223","targetHints":{"allow":["GET"]}}],"collection":[{"href":"https:\/\/staging.webstore4.com\/de\/wp-json\/wp\/v2\/product"}],"about":[{"href":"https:\/\/staging.webstore4.com\/de\/wp-json\/wp\/v2\/types\/product"}],"replies":[{"embeddable":true,"href":"https:\/\/staging.webstore4.com\/de\/wp-json\/wp\/v2\/comments?post=10223"}],"wp:featuredmedia":[{"embeddable":true,"href":"https:\/\/staging.webstore4.com\/de\/wp-json\/wp\/v2\/media\/13664"}],"wp:attachment":[{"href":"https:\/\/staging.webstore4.com\/de\/wp-json\/wp\/v2\/media?parent=10223"}],"wp:term":[{"taxonomy":"pwb-brand","embeddable":true,"href":"https:\/\/staging.webstore4.com\/de\/wp-json\/wp\/v2\/pwb-brand?post=10223"},{"taxonomy":"product_cat","embeddable":true,"href":"https:\/\/staging.webstore4.com\/de\/wp-json\/wp\/v2\/product_cat?post=10223"},{"taxonomy":"product_tag","embeddable":true,"href":"https:\/\/staging.webstore4.com\/de\/wp-json\/wp\/v2\/product_tag?post=10223"}],"curies":[{"name":"wp","href":"https:\/\/api.w.org\/{rel}","templated":true}]}}