{"id":10301,"date":"2022-02-19T18:35:37","date_gmt":"2022-02-19T16:35:37","guid":{"rendered":"https:\/\/webstore4.com\/\/?product=wl4-con-gel-1-kabel-connector-zonder-gereedschap-met-waterafstotende-gel-per-10-stuks"},"modified":"2024-06-21T10:02:05","modified_gmt":"2024-06-21T09:02:05","slug":"wl4-con-gel-1-kabel-connector","status":"publish","type":"product","link":"https:\/\/staging.webstore4.com\/de\/product\/wl4-con-gel-1-kabel-connector\/","title":{"rendered":"WL4 CON-GEL-1 Kabelverbinder ohne Werkzeug mit wasserabweisendem Gel pro 10 St\u00fcck"},"content":{"rendered":"<p>Bei den WL4 CON-GEL-1 handelt es sich um 10 St\u00fcck Kabelverbinder, die ohne Werkzeug durch Zudr\u00fccken mit den Fingern verwendet werden k\u00f6nnen. Die Anschl\u00fcsse verf\u00fcgen \u00fcber ein wasserabweisendes Gel. F\u00fcr Kabelst\u00e4rken mit hartem Kern von 0,25 mm2 bis 0,75 mm2 (19\u201324 AWG).<\/p>\n<p><strong>Wichtigste Funktionen<\/strong><\/p>\n<ul>\n<li>Kabel connector<\/li>\n<li>Waterafstotende gel<\/li>\n<li>Set mit 10 St\u00fcck<\/li>\n<\/ul>\n<p><a href=\"https:\/\/staging.webstore4.com\/Copyright\/\" target=\"_blank\" rel=\"noopener\"><span style=\"color: #ff6e03; font-size: 11px;\">\u00a9 Der Text ist urheberrechtlich gesch\u00fctzt<\/span><\/a><\/p>","protected":false},"excerpt":{"rendered":"<p>De WL4 CON-GEL-1 zijn 10 stuks kabel connectoren die zonder gereedschap kunnen worden gebruikt door dicht te drukken met de vingers. De connectoren hebben een waterafstotende gel. Voor kabeldiktes met een harde kern van 0,25mm2 tot 0,75mm2 (19-24AWG). Belangrijkste kenmerken Kabel connector Waterafstotende gel Set van 10 stuks \u00a9 Tekst is auteursrechtelijk beschermd<\/p>","protected":false},"featured_media":15360,"comment_status":"open","ping_status":"closed","template":"","meta":[],"pwb-brand":[3380],"product_cat":[3441,3445],"product_tag":[],"class_list":{"0":"post-10301","1":"product","2":"type-product","3":"status-publish","4":"has-post-thumbnail","6":"pwb-brand-wl4","7":"product_cat-benodigdheden","8":"product_cat-netwerkkabels","9":"product_shipping_class-brievenbuspakket","10":"pa_merk-wl4","11":"pa_product-connector","13":"first","14":"instock","15":"taxable","16":"shipping-taxable","17":"purchasable","18":"product-type-simple"},"brands":[{"id":3380,"name":"WL4","slug":"wl4"}],"_links":{"self":[{"href":"https:\/\/staging.webstore4.com\/de\/wp-json\/wp\/v2\/product\/10301","targetHints":{"allow":["GET"]}}],"collection":[{"href":"https:\/\/staging.webstore4.com\/de\/wp-json\/wp\/v2\/product"}],"about":[{"href":"https:\/\/staging.webstore4.com\/de\/wp-json\/wp\/v2\/types\/product"}],"replies":[{"embeddable":true,"href":"https:\/\/staging.webstore4.com\/de\/wp-json\/wp\/v2\/comments?post=10301"}],"wp:featuredmedia":[{"embeddable":true,"href":"https:\/\/staging.webstore4.com\/de\/wp-json\/wp\/v2\/media\/15360"}],"wp:attachment":[{"href":"https:\/\/staging.webstore4.com\/de\/wp-json\/wp\/v2\/media?parent=10301"}],"wp:term":[{"taxonomy":"pwb-brand","embeddable":true,"href":"https:\/\/staging.webstore4.com\/de\/wp-json\/wp\/v2\/pwb-brand?post=10301"},{"taxonomy":"product_cat","embeddable":true,"href":"https:\/\/staging.webstore4.com\/de\/wp-json\/wp\/v2\/product_cat?post=10301"},{"taxonomy":"product_tag","embeddable":true,"href":"https:\/\/staging.webstore4.com\/de\/wp-json\/wp\/v2\/product_tag?post=10301"}],"curies":[{"name":"wp","href":"https:\/\/api.w.org\/{rel}","templated":true}]}}