{"id":10316,"date":"2022-02-22T13:00:10","date_gmt":"2022-02-22T11:00:10","guid":{"rendered":"https:\/\/webstore4.com\/\/?product=wl4-aqco2-1-luchtkwaliteitsmeter-co2-temperatuur-en-luchtvochtigheid"},"modified":"2024-05-17T13:37:36","modified_gmt":"2024-05-17T12:37:36","slug":"wl4-aqco2-1-luchtkwaliteitsmeter-co2-temperatuur-en-luchtvochtigheid","status":"publish","type":"product","link":"https:\/\/staging.webstore4.com\/de\/product\/wl4-aqco2-1-luchtkwaliteitsmeter-co2-temperatuur-en-luchtvochtigheid\/","title":{"rendered":"WL4 AQCO2-1 Luftqualit\u00e4tsmessger\u00e4t CO2, Temperatur und Luftfeuchtigkeit"},"content":{"rendered":"<p>Das WL4 AQCO2-1 ist ein eigenst\u00e4ndiges Luftqualit\u00e4tsmessger\u00e4t f\u00fcr CO2 (Kohlendioxid), Temperatur und Luftfeuchtigkeit. Das Messger\u00e4t \u00fcberwacht die Luftqualit\u00e4t und gibt ein Licht- und Tonsignal ab, sobald ein CO2-Wert \u00fcberschritten wird und eine Bel\u00fcftung erforderlich ist. In den Niederlanden ist in Klassenzimmern ein CO2-Messger\u00e4t Pflicht.<\/p>\n<p>De meter werkt op USB voeding (niet meegeleverd). Een bijpassende USB adapter is opgenomen onder het tabblad &#8216;Opties&#8217;.<\/p>\n<p><strong>Hauptmerkmale<\/strong><\/p>\n<ul>\n<li>CO2-Messbereich: 0 ~ 5000 ppm<\/li>\n<li>Wartungsfreier NDIR-CO2-Sensor<\/li>\n<li>Bildschirmaufl\u00f6sung 1 ppm (0-1000); 5 ppm (1000-2000); 10 ppm (&gt;2000)<\/li>\n<li>Nauwkeurigheid (0~3000)ppm: \u00b1 50ppm of \u00b1 5% van de meetwaarde,\u00a0(\uff1e3000)ppm: \u00b1 7% van de meetwaarde<\/li>\n<li>Temperatuurcompensatie \u00b1 0,1% aflezing per \u00baC of \u00b1 2 ppm per \u00baC, gerelateerd aan 25 \u00baC<\/li>\n<li>Integrierter Speicher f\u00fcr kontinuierliche Datenaufzeichnung (von 5 Sekunden bis 1 Woche)<\/li>\n<li>Funktioniert mit USB-5-V-Stromversorgung (Netzteil nicht im Lieferumfang enthalten)<\/li>\n<\/ul>\n<p><a href=\"https:\/\/staging.webstore4.com\/Copyright\/\" target=\"_blank\" rel=\"noopener\"><span style=\"color: #ff6e03; font-size: 11px;\">\u00a9 Der Text ist urheberrechtlich gesch\u00fctzt<\/span><\/a><\/p>","protected":false},"excerpt":{"rendered":"<p>De\u00a0WL4 AQCO2-1 is een stand alone luchtkwaliteitsmeter voor CO2 (koolstofdioxide), temperatuur en luchtvochtigheid. De meter bewaakt de luchtkwaliteit en geeft een licht- en geluidsignaal zodra een CO2 waarde wordt overschreden en ventilatie nodig is. Een CO2 meter is in Nederland verplicht in klaslokalen. De meter werkt op USB voeding (niet meegeleverd). Een bijpassende USB adapter<\/p>\n<div class=\"klb-readmore button\"><a class=\"btn link\" href=\"https:\/\/staging.webstore4.com\/de\/product\/wl4-aqco2-1-luchtkwaliteitsmeter-co2-temperatuur-en-luchtvochtigheid\/\">Mehr lesen <i class=\"klbth-icon-right-arrow\"><\/i><\/a><\/div>","protected":false},"featured_media":17124,"comment_status":"open","ping_status":"closed","template":"","meta":[],"pwb-brand":[3380],"product_cat":[3441,3461],"product_tag":[],"class_list":{"0":"post-10316","1":"product","2":"type-product","3":"status-publish","4":"has-post-thumbnail","6":"pwb-brand-wl4","7":"product_cat-benodigdheden","8":"product_cat-testers","9":"product_shipping_class-pakket","10":"pa_merk-wl4","11":"pa_test-voor-luchtkwaliteit","13":"first","14":"onbackorder","15":"taxable","16":"shipping-taxable","17":"purchasable","18":"product-type-simple"},"brands":[{"id":3380,"name":"WL4","slug":"wl4"}],"_links":{"self":[{"href":"https:\/\/staging.webstore4.com\/de\/wp-json\/wp\/v2\/product\/10316","targetHints":{"allow":["GET"]}}],"collection":[{"href":"https:\/\/staging.webstore4.com\/de\/wp-json\/wp\/v2\/product"}],"about":[{"href":"https:\/\/staging.webstore4.com\/de\/wp-json\/wp\/v2\/types\/product"}],"replies":[{"embeddable":true,"href":"https:\/\/staging.webstore4.com\/de\/wp-json\/wp\/v2\/comments?post=10316"}],"wp:featuredmedia":[{"embeddable":true,"href":"https:\/\/staging.webstore4.com\/de\/wp-json\/wp\/v2\/media\/17124"}],"wp:attachment":[{"href":"https:\/\/staging.webstore4.com\/de\/wp-json\/wp\/v2\/media?parent=10316"}],"wp:term":[{"taxonomy":"pwb-brand","embeddable":true,"href":"https:\/\/staging.webstore4.com\/de\/wp-json\/wp\/v2\/pwb-brand?post=10316"},{"taxonomy":"product_cat","embeddable":true,"href":"https:\/\/staging.webstore4.com\/de\/wp-json\/wp\/v2\/product_cat?post=10316"},{"taxonomy":"product_tag","embeddable":true,"href":"https:\/\/staging.webstore4.com\/de\/wp-json\/wp\/v2\/product_tag?post=10316"}],"curies":[{"name":"wp","href":"https:\/\/api.w.org\/{rel}","templated":true}]}}