{"id":10359,"date":"2022-03-14T12:34:38","date_gmt":"2022-03-14T10:34:38","guid":{"rendered":"https:\/\/webstore4.com\/\/?product=dahua-ktd02s-complete-2-wire-opbouw-ip-video-deurbel-intercom-kit-met-vto2202f-l-en-vth2622gw-w-wifi"},"modified":"2024-06-21T12:43:42","modified_gmt":"2024-06-21T11:43:42","slug":"dahua-ktd02s-complete-2-wire-opbouw-ip-video-deurbel-intercom-kit","status":"publish","type":"product","link":"https:\/\/staging.webstore4.com\/de\/product\/dahua-ktd02s-complete-2-wire-opbouw-ip-video-deurbel-intercom-kit\/","title":{"rendered":"Dahua KTD02(S) komplettes 2-Draht-Aufputz-IP-Video-T\u00fcrklingel-Gegensprech-Set mit VTO2202F-L und VTH2622GW-W WLAN"},"content":{"rendered":"<p>Das Dahua KTD02(S) ist ein komplettes 2-Draht-Aufputz-IP-Video-T\u00fcrklingel-Gegensprech-Kit mit einer VTO2202F-L-Au\u00dfenstation und einem<span style=\"color: #ff9900;\"> <a style=\"color: #ff9900;\" href=\"https:\/\/staging.webstore4.com\/dahua-vth2622gw-w-witte-2-wire-en-wifi-video-intercom-binnen-monitor\/\">VTH2622GW-W<\/a><\/span> Intercom-Monitor (WLAN oder kabelgebunden). Es gibt kostenlose PC-Software und eine mobile App f\u00fcr iOS und Android. An die Au\u00dfenstation kann direkt ein Elektroschloss angeschlossen werden sowie f\u00fcr mehr Sicherheit beim Schlossbetrieb oder f\u00fcr ein zweites Schloss ein Sicherheitsrelais DEE1010B. Zus\u00e4tzlich k\u00f6nnen ein Ausgangstaster und ein T\u00fcrkontakt angeschlossen werden. An den Monitor k\u00f6nnen Detektoren wie ein PIR-Sensor angeschlossen werden, um ein kleines Alarmsystem zu erstellen. Die Bilder von IP-Kameras im selben Netzwerk k\u00f6nnen auf dem Innenmonitor angezeigt werden.<\/p>\n<p><strong>Installation<\/strong><\/p>\n<p>Sowohl die Au\u00dfenstation als auch der Innenmonitor m\u00fcssen jeweils mit dem mitgelieferten 48-VDC-Adapter mit Strom versorgt werden. Das System funktioniert nicht mit PoE. Die Au\u00dfenstation wird per 2-Draht mit dem Monitor verbunden. Der Monitor wird \u00fcber ein Netzwerkkabel (nicht im Lieferumfang enthalten) mit dem lokalen Netzwerk (LAN, z. B. einem Router oder Switch) oder \u00fcber WLAN mit dem lokalen WLAN-Netzwerk (WLAN) verbunden. Eine 2-Draht-Steuerung ist nicht erforderlich. Zus\u00e4tzlich zum Komplettset wird noch ein Kabel (2-adrig) f\u00fcr die Stromversorgung und f\u00fcr die Verbindung (2-adrig) zwischen Au\u00dfenstation und Monitor ben\u00f6tigt. Also insgesamt 4 Kerne. Ein Aufputzgeh\u00e4use f\u00fcr die Au\u00dfenstation ist im Lieferumfang enthalten.<\/p>\n<p>Unter dem Reiter \u201eDokumentation\u201c gibt es einen Link zur Website des Herstellers und auch zum Datenblatt mit allen Spezifikationen des KTD02(S).<\/p>\n<p><a href=\"https:\/\/staging.webstore4.com\/Copyright\/\" target=\"_blank\" rel=\"noopener\"><span style=\"color: #ff6e03; font-size: 11px;\">\u00a9 Der Text ist urheberrechtlich gesch\u00fctzt<\/span><\/a><\/p>\n<p><img decoding=\"async\" class=\"\" style=\"height: 731px; margin: 10px; width: 975px;\" src=\"https:\/\/staging.webstore4.com\/wp-content\/uploads\/content\/Dahua-KTP02-WebStore4-application.jpg\" alt=\"KTD02\" \/><\/p>","protected":false},"excerpt":{"rendered":"<p>De Dahua KTD02(S) complete 2-wire opbouw IP video deurbel intercom kit met een VTO2202F-L buiten station en een VTH2622GW-W intercom monitor (WiFi of bedraad). Er is gratis PC software beschikbaar en een mobile app voor iOS en Android. Aan het buiten station kan direct een elektrisch slot worden verbonden evenals een DEE1010B veiligheidsrelais voor meer<\/p>\n<div class=\"klb-readmore button\"><a class=\"btn link\" href=\"https:\/\/staging.webstore4.com\/de\/product\/dahua-ktd02s-complete-2-wire-opbouw-ip-video-deurbel-intercom-kit\/\">Mehr lesen <i class=\"klbth-icon-right-arrow\"><\/i><\/a><\/div>","protected":false},"featured_media":10360,"comment_status":"open","ping_status":"closed","template":"","meta":[],"pwb-brand":[3376],"product_cat":[4178,4179],"product_tag":[],"class_list":{"0":"post-10359","1":"product","2":"type-product","3":"status-publish","4":"has-post-thumbnail","6":"pwb-brand-dahua","7":"product_cat-intercom","8":"product_cat-dahua-ip-video","9":"product_shipping_class-pakket","10":"pa_aansluiting-2-draads","11":"pa_audio-microfoon-speaker","12":"pa_beeldhoek-graden-horizontaal-168-6","13":"pa_draadloos-nee","14":"pa_materiaal-aluminium","15":"pa_materiaal-kunststof","16":"pa_megapixel-2mp","17":"pa_merk-dahua","18":"pa_mobiele-app-fabrikant-ja","19":"pa_montage-opbouw","20":"pa_nachtzicht-ja","21":"pa_omgeving-binnen-en-buiten","22":"pa_poe-nee","23":"pa_product-complete-kit","24":"pa_product-status-a","25":"pa_vandaalbestendig-ik07","26":"pa_voeding-48vdc","27":"pa_voeding-inclusief-adapter","29":"first","30":"onbackorder","31":"taxable","32":"shipping-taxable","33":"purchasable","34":"product-type-simple"},"brands":[{"id":3376,"name":"Dahua","slug":"dahua"}],"_links":{"self":[{"href":"https:\/\/staging.webstore4.com\/de\/wp-json\/wp\/v2\/product\/10359","targetHints":{"allow":["GET"]}}],"collection":[{"href":"https:\/\/staging.webstore4.com\/de\/wp-json\/wp\/v2\/product"}],"about":[{"href":"https:\/\/staging.webstore4.com\/de\/wp-json\/wp\/v2\/types\/product"}],"replies":[{"embeddable":true,"href":"https:\/\/staging.webstore4.com\/de\/wp-json\/wp\/v2\/comments?post=10359"}],"wp:featuredmedia":[{"embeddable":true,"href":"https:\/\/staging.webstore4.com\/de\/wp-json\/wp\/v2\/media\/10360"}],"wp:attachment":[{"href":"https:\/\/staging.webstore4.com\/de\/wp-json\/wp\/v2\/media?parent=10359"}],"wp:term":[{"taxonomy":"pwb-brand","embeddable":true,"href":"https:\/\/staging.webstore4.com\/de\/wp-json\/wp\/v2\/pwb-brand?post=10359"},{"taxonomy":"product_cat","embeddable":true,"href":"https:\/\/staging.webstore4.com\/de\/wp-json\/wp\/v2\/product_cat?post=10359"},{"taxonomy":"product_tag","embeddable":true,"href":"https:\/\/staging.webstore4.com\/de\/wp-json\/wp\/v2\/product_tag?post=10359"}],"curies":[{"name":"wp","href":"https:\/\/api.w.org\/{rel}","templated":true}]}}