{"id":10470,"date":"2022-05-08T18:02:04","date_gmt":"2022-05-08T16:02:04","guid":{"rendered":"https:\/\/webstore4.com\/\/?product=tonmind-sip-s22-15watt-ip-hoorn-met-poe-sip-onvif-voor-binnen-of-buiten-ip67"},"modified":"2024-04-19T15:15:17","modified_gmt":"2024-04-19T14:15:17","slug":"tonmind-sip-s22-15watt-ip-hoorn","status":"publish","type":"product","link":"https:\/\/staging.webstore4.com\/de\/product\/tonmind-sip-s22-15watt-ip-hoorn\/","title":{"rendered":"Tonmind SIP-S22 15Watt IP-Horn mit PoE, SIP, ONVIF f\u00fcr drinnen oder drau\u00dfen (IP67)"},"content":{"rendered":"<div>\n<p>Das Tonmind SIP-S22 ist ein hochwertiges 113-dB-IP-Horn mit PoE und einem eingebauten 15-Watt-Verst\u00e4rker. Der Lautsprecher kann im Freien verwendet werden (IP67). Das Mobilteil wird \u00fcber ein Netzwerkkabel mit dem Netzwerk verbunden und kann mit PoE oder mit 12VDC\/24VDC betrieben werden. Das Mobilteil verf\u00fcgt \u00fcber das ONVIF- und SIP-Protokoll (VoIP). Der Lautsprecher ist ideal f\u00fcr den Einsatz bei Kamera\u00fcberwachung, Brandmeldeanlagen, Beschallungsanlagen in Schulen, Krankenh\u00e4usern, Musik in Fitnessstudios, Gesch\u00e4ften, Gastronomie, Gewerbegeb\u00e4uden, B\u00fcros, Baustellen, Veranstaltungen usw.<\/p>\n<p><strong>M\u00f6glichkeiten<\/strong><\/p>\n<p>Der Tonmind IP Audio PoE-Lautsprecher eignet sich zum Abspielen von Musik (z. B. Spotify), f\u00fcr eine Beschallungsanlage, zum Senden von Nachrichten und Warnungen, zum Abspielen von Sounddateien zu festgelegten Zeiten usw.<\/p>\n<p>Tonmind verf\u00fcgt \u00fcber verschiedene Softwarepakete. Zur Konfiguration des Lautsprechers gibt es das kostenlose IP-Tool f\u00fcr Windows. Zur Nutzung stehen Audio Manager, PA Lite und PA Pro (Client oder Server) zur Verf\u00fcgung. Bei diesen Paketen handelt es sich um kostenpflichtige Software (Einmallizenz) mit einem einmonatigen kostenlosen Testzeitraum. Eine Lizenz f\u00fcr Audio Manager ist unter der Registerkarte \u201eVerwandt\u201c enthalten. Lizenzen f\u00fcr PA Lite und PA Pro sind auf Anfrage erh\u00e4ltlich. Beim Kauf von Tonmind-Lautsprechern im Wert von 1.500,00 \u20ac inkl. MwSt. stellen wir eine kostenlose Lizenz f\u00fcr Audio Manager zur Verf\u00fcgung. Ein Widerruf (oder eines Teils) der Bestellung der Referenten ist aufgrund der Bereitstellung der Softwarelizenz dann nicht m\u00f6glich.<\/p>\n<p>Audio Manager funktioniert auf einem Windows-PC beispielsweise mit Spotify und anderen Audioplayern, MP3-Dateien, HTTP-API-Befehlen, Live-URL-Streams, WAV-Dateien, Mikrofon, RTP-Multicast usw. Es gibt Unterst\u00fctzung f\u00fcr ONVIF (VMS) und SIP Telefonie- und Intercom-Protokoll.<\/p>\n<p><strong>Installation<\/strong><\/p>\n<p>Die Tonmind IP Audio PoE-Lautsprecher werden \u00fcber das LAN-Netzwerk mit einem Netzwerkkabel verbunden und k\u00f6nnen mit Standard 802.3af PoE oder mit 12VDC oder 24VDC (nicht im Lieferumfang enthalten) betrieben werden. Montagematerial ist im Lieferumfang enthalten. Der Lautsprecher kann auch direkt am montiert werden Wand ohne Halterung. Aufh\u00e4ngung (vertikal oder horizontal) mit der mitgelieferten Montageplatte. Der Lautsprecher verf\u00fcgt \u00fcber eine Weboberfl\u00e4che, die mit einem Browser auf einem Windows-PC oder einem Mac ge\u00f6ffnet werden kann. Die Konfiguration erfordert Kenntnisse \u00fcber IP-Netzwerk-Audio (ONVIF, RTP, SIP). Ein Link zum englischsprachigen Handbuch, zur Software und zu den Datenbl\u00e4ttern ist auf der Registerkarte \u201eDokumentation\u201c enthalten. Die von uns angebotenen Tonmind-Modelle verf\u00fcgen \u00fcber einen Alarmeingang (NO: normalerweise offen) f\u00fcr einen direkten kabelgebundenen Eingang von beispielsweise einem ( Brandmeldeanlage, Zugangskontrolle, IR-Strahler, PIR-Detektoren, IP-Kamera, Netzwerk-Videorecorder usw. Die Hupe oder der Lautsprecher k\u00f6nnen einen voreingestellten Ton oder eine eigene Nachricht abgeben, wenn der Schlie\u00dferkontakt geschlossen ist.<img decoding=\"async\" class=\"\" style=\"float: right; height: 501px; width: 590px;\" src=\"https:\/\/staging.webstore4.com\/wp-content\/uploads\/content\/Tonmind-application-WebStore4.jpg\" alt=\"Tonmind IP speakers LAN\" \/><\/p>\n<p><strong>Hauptmerkmale<\/strong><\/p>\n<ul>\n<li>IP-Horn mit 113 dB mit PoE f\u00fcr drinnen oder drau\u00dfen<\/li>\n<li>SIP-VOIP-kompatibel<\/li>\n<li>Kompatibel mit ONVIF Video Management Software (VMS).<\/li>\n<li>MP3, HTTP-API, WAV, URL, KEINE Eingabe<\/li>\n<li>Stellen Sie verschiedene Zonen ein<\/li>\n<li>Eingebauter 15-Watt-Verst\u00e4rker<\/li>\n<li>Einschlie\u00dflich 48K OPUS Audio Codec<\/li>\n<li>Firmware-Upgrade<\/li>\n<li>Abmessungen 200 x 230 mm<\/li>\n<li>Wetterbest\u00e4ndigkeit IP67<\/li>\n<\/ul>\n<\/div>\n<p><a href=\"https:\/\/www.webstore4ipcameras.nl\/Copyright\" target=\"_blank\" rel=\"noopener\"><span style=\"color: #ff6e03; font-size: 11px;\">\u00a9 Der Text ist urheberrechtlich gesch\u00fctzt<\/span><\/a><\/p>","protected":false},"excerpt":{"rendered":"<p>De Tonmind SIP-S22 is een hoogwaardige 113dB IP hoorn met PoE en een ingebouwde 15 Watt versterker. De luidspreker kan buiten worden gebruikt (IP67). De hoorn wordt verbonden met het netwerk via een netwerkkabel en kan worden gevoed met PoE of met 12VDC\/24VDC. De hoorn beschikt over het ONVIF en SIP protocol (VoIP). De luidspreker<\/p>\n<div class=\"klb-readmore button\"><a class=\"btn link\" href=\"https:\/\/staging.webstore4.com\/de\/product\/tonmind-sip-s22-15watt-ip-hoorn\/\">Mehr lesen <i class=\"klbth-icon-right-arrow\"><\/i><\/a><\/div>","protected":false},"featured_media":10471,"comment_status":"open","ping_status":"closed","template":"","meta":[],"pwb-brand":[3430],"product_cat":[3466,4194],"product_tag":[],"class_list":{"0":"post-10470","1":"product","2":"type-product","3":"status-publish","4":"has-post-thumbnail","6":"pwb-brand-tonmind","7":"product_cat-alarm","8":"product_cat-audio","9":"product_shipping_class-pakket","10":"pa_garantie-2-jaar","11":"pa_materiaal-kunststof","12":"pa_merk-tonmind","13":"pa_voeding-12vdc","14":"pa_voeding-24vdc","15":"pa_voeding-poe","17":"first","18":"instock","19":"taxable","20":"shipping-taxable","21":"purchasable","22":"product-type-simple"},"brands":[{"id":3430,"name":"Tonmind","slug":"tonmind"}],"_links":{"self":[{"href":"https:\/\/staging.webstore4.com\/de\/wp-json\/wp\/v2\/product\/10470","targetHints":{"allow":["GET"]}}],"collection":[{"href":"https:\/\/staging.webstore4.com\/de\/wp-json\/wp\/v2\/product"}],"about":[{"href":"https:\/\/staging.webstore4.com\/de\/wp-json\/wp\/v2\/types\/product"}],"replies":[{"embeddable":true,"href":"https:\/\/staging.webstore4.com\/de\/wp-json\/wp\/v2\/comments?post=10470"}],"wp:featuredmedia":[{"embeddable":true,"href":"https:\/\/staging.webstore4.com\/de\/wp-json\/wp\/v2\/media\/10471"}],"wp:attachment":[{"href":"https:\/\/staging.webstore4.com\/de\/wp-json\/wp\/v2\/media?parent=10470"}],"wp:term":[{"taxonomy":"pwb-brand","embeddable":true,"href":"https:\/\/staging.webstore4.com\/de\/wp-json\/wp\/v2\/pwb-brand?post=10470"},{"taxonomy":"product_cat","embeddable":true,"href":"https:\/\/staging.webstore4.com\/de\/wp-json\/wp\/v2\/product_cat?post=10470"},{"taxonomy":"product_tag","embeddable":true,"href":"https:\/\/staging.webstore4.com\/de\/wp-json\/wp\/v2\/product_tag?post=10470"}],"curies":[{"name":"wp","href":"https:\/\/api.w.org\/{rel}","templated":true}]}}