{"id":10474,"date":"2022-05-08T18:16:01","date_gmt":"2022-05-08T16:16:01","guid":{"rendered":"https:\/\/webstore4.com\/\/?product=tonmind-sip-t20-sip-paging-adapter-met-poe-15watt-versterker-en-4g-lte-mogelijkheid"},"modified":"2024-04-19T15:15:22","modified_gmt":"2024-04-19T14:15:22","slug":"tonmind-sip-t20-sip-paging-adapter-met-poe","status":"publish","type":"product","link":"https:\/\/staging.webstore4.com\/de\/product\/tonmind-sip-t20-sip-paging-adapter-met-poe\/","title":{"rendered":"Tonmind SIP-T20 SIP-Paging-Adapter mit PoE, 15-Watt-Verst\u00e4rker und 4G-LTE-Option"},"content":{"rendered":"<div>\n<p>Der Tonmind SIP-T20 ist ein SIP-Paging-Adapter mit PoE, 15-Watt-Verst\u00e4rker und 4G-LTE-Option. Der T20 unterst\u00fctzt die bidirektionale Intercom-Kommunikation. Es ist m\u00f6glich, schnell eine Intercom- und Paging-L\u00f6sung zu konfigurieren. Der T20 unterst\u00fctzt ein optionales USB-4G-Modem.<img decoding=\"async\" class=\"\" style=\"float: right; height: 504px; width: 594px;\" src=\"https:\/\/staging.webstore4.com\/wp-content\/uploads\/content\/Tonmind-application-WebStore4.jpg\" alt=\"Tonmind IP speakers LAN\" \/><\/p>\n<p><strong>Hauptmerkmale<\/strong><\/p>\n<ul>\n<li>SIP-Adapter mit PoE<\/li>\n<li>Mikrofon anschlie\u00dfen<\/li>\n<li>4G LTE-Option (USB)<\/li>\n<li>MicroSD-Karteneingang<\/li>\n<li>Eingebauter 15-Watt-Verst\u00e4rker<\/li>\n<li>8K OPUS Audio-Codec, G711U, G711A, GSM, MP3, WAV<\/li>\n<li>15 kV hoher elektrostatischer Schutz<\/li>\n<li>Firmware-Upgrade<\/li>\n<\/ul>\n<\/div>\n<p><a href=\"https:\/\/www.webstore4ipcameras.nl\/Copyright\" target=\"_blank\" rel=\"noopener\"><span style=\"color: #ff6e03; font-size: 11px;\">\u00a9 Der Text ist urheberrechtlich gesch\u00fctzt<\/span><\/a><\/p>","protected":false},"excerpt":{"rendered":"<p>Der Tonmind SIP-T20 ist ein SIP-Paging-Adapter mit PoE, 15-Watt-Verst\u00e4rker und 4G-LTE-Option.<\/p>","protected":false},"featured_media":10475,"comment_status":"open","ping_status":"closed","template":"","meta":[],"pwb-brand":[3430],"product_cat":[3466,4194],"product_tag":[],"class_list":{"0":"post-10474","1":"product","2":"type-product","3":"status-publish","4":"has-post-thumbnail","6":"pwb-brand-tonmind","7":"product_cat-alarm","8":"product_cat-audio","9":"product_shipping_class-pakket","10":"pa_garantie-2-jaar","11":"pa_materiaal-metaal","12":"pa_merk-tonmind","13":"pa_voeding-12vdc","14":"pa_voeding-24vdc","15":"pa_voeding-poe","17":"first","18":"instock","19":"taxable","20":"shipping-taxable","21":"purchasable","22":"product-type-simple"},"brands":[{"id":3430,"name":"Tonmind","slug":"tonmind"}],"_links":{"self":[{"href":"https:\/\/staging.webstore4.com\/de\/wp-json\/wp\/v2\/product\/10474","targetHints":{"allow":["GET"]}}],"collection":[{"href":"https:\/\/staging.webstore4.com\/de\/wp-json\/wp\/v2\/product"}],"about":[{"href":"https:\/\/staging.webstore4.com\/de\/wp-json\/wp\/v2\/types\/product"}],"replies":[{"embeddable":true,"href":"https:\/\/staging.webstore4.com\/de\/wp-json\/wp\/v2\/comments?post=10474"}],"wp:featuredmedia":[{"embeddable":true,"href":"https:\/\/staging.webstore4.com\/de\/wp-json\/wp\/v2\/media\/10475"}],"wp:attachment":[{"href":"https:\/\/staging.webstore4.com\/de\/wp-json\/wp\/v2\/media?parent=10474"}],"wp:term":[{"taxonomy":"pwb-brand","embeddable":true,"href":"https:\/\/staging.webstore4.com\/de\/wp-json\/wp\/v2\/pwb-brand?post=10474"},{"taxonomy":"product_cat","embeddable":true,"href":"https:\/\/staging.webstore4.com\/de\/wp-json\/wp\/v2\/product_cat?post=10474"},{"taxonomy":"product_tag","embeddable":true,"href":"https:\/\/staging.webstore4.com\/de\/wp-json\/wp\/v2\/product_tag?post=10474"}],"curies":[{"name":"wp","href":"https:\/\/api.w.org\/{rel}","templated":true}]}}