{"id":10479,"date":"2022-05-17T11:52:12","date_gmt":"2022-05-17T09:52:12","guid":{"rendered":"https:\/\/webstore4.com\/\/?product=wl4-ipc-3twd-full-hd-3mp-wifi-dome-voor-buiten-met-ir-nachtzicht-microsd-opname-en-2-weg-audio-op-tuya-app"},"modified":"2024-04-19T15:15:23","modified_gmt":"2024-04-19T14:15:23","slug":"wl4-ipc-3twd-3mp-wifi-dome-camera","status":"publish","type":"product","link":"https:\/\/staging.webstore4.com\/de\/product\/wl4-ipc-3twd-3mp-wifi-dome-camera\/","title":{"rendered":"WL4 IPC-3TWD Full HD 3MP Outdoor-WLAN-Dome mit IR-Nachtsicht, microSD-Aufnahme und 2-Wege-Audio \u00fcber die Tuya-App"},"content":{"rendered":"<p>Der WL4 IPC-3TWD ist ein Full HD 3MP 2K Outdoor-WLAN-Dome mit IR-Nachtsicht, microSD-Aufnahmeoption und 2-Wege-Audio, der mit der kostenlosen Tuya-App f\u00fcr iOS und Android funktioniert.<\/p>\n<p><strong>M\u00f6glichkeiten<\/strong><\/p>\n<p>Die Kamera wird mit der kostenlosen Tuya Smart App verwaltet. Dies kann von \u00fcberall aus erfolgen, wo ein Smartphone oder Tablet \u00fcber eine Internetverbindung verf\u00fcgt: von zu Hause aus oder vom anderen Ende der Welt. Auch andere Ger\u00e4te k\u00f6nnen in der (niederl\u00e4ndischen) App verwaltet werden und es ist m\u00f6glich, R\u00e4ume einzurichten und (Familien-)Mitglieder hinzuzuf\u00fcgen.<\/p>\n<p>Der WL4 IPC-3TWD zeigt Bilder in einer Full HD-Aufl\u00f6sung von 2048 x 1536 an. Bei Dunkelheit kann die Kamera die integrierte IR-Beleuchtung einschalten, die auch bei v\u00f6lliger Dunkelheit (0 Lux) f\u00fcr ein gestochen scharfes Bild sorgt. Die IR-Beleuchtung hat eine Reichweite von 30 Metern. Die Kamera verf\u00fcgt \u00fcber ein festes 3,6-mm-Objektiv mit einem diagonalen Betrachtungswinkel von 95 Grad.<\/p>\n<p>Der WL4 IPC-3TWD verf\u00fcgt \u00fcber eine Bewegungserkennung. Die Kamera verf\u00fcgt \u00fcber die M\u00f6glichkeit, in der Kamera auf einer microSD-Speicherkarte (nicht im Lieferumfang enthalten) bis maximal 128 GB aufzuzeichnen. Die Kamera verf\u00fcgt \u00fcber ein eingebautes Mikrofon und einen Lautsprecher f\u00fcr Zwei-Wege-Audio.<\/p>\n<p><strong>Installation<\/strong><\/p>\n<p>Der WL4 IPC-3TWD ist f\u00fcr den Au\u00dfen- und Innenbereich geeignet. Die Kamera kann mit dem mitgelieferten Netzteil mit Strom versorgt werden und muss drahtlos (WiFi) oder kabelgebunden mit dem Netzwerk verbunden sein. Die Kamera hat ein Metallgeh\u00e4use und einen Metallsockel.<\/p>\n<p><strong>Hauptmerkmale<\/strong><\/p>\n<ul>\n<li>3-Megapixel-Full-HD-Kamera<\/li>\n<li>IR-Nachtsichtbeleuchtung bis zu 30 Meter<\/li>\n<li>Aufnahme in der Kamera auf SD-Karte mit bis zu 128 GB (nicht im Lieferumfang enthalten)<\/li>\n<li>Eingebautes Mikrofon und Lautsprecher<\/li>\n<li>Bewegungserkennung<\/li>\n<li>H.264-Codec<\/li>\n<li>802.11 b\/g\/n WLAN 2,4 GHz<\/li>\n<li>Kostenlose Tuya-App<\/li>\n<li>Geeignet f\u00fcr den Au\u00dfenbereich (IP66)<\/li>\n<\/ul>\n<p><a href=\"https:\/\/www.webstore4ipcameras.nl\/Copyright\" target=\"_blank\" rel=\"noopener\"><span style=\"color: #ff6e03; font-size: 11px;\">\u00a9 Der Text ist urheberrechtlich gesch\u00fctzt<\/span><\/a><\/p>","protected":false},"excerpt":{"rendered":"<p>De WL4 IPC-3TWD is een Full HD 3MP 2K WiFi dome voor buiten met IR nachtzicht, microSD opnamemogelijkheid en 2-weg audio die werkt met de gratis Tuya app voor iOS en Android. Mogelijkheden De camera wordt beheerd met de gratis Tuya Smart app. Dat kan vanaf iedere plek waar een smartphone of tablet een internetverbinding<\/p>\n<div class=\"klb-readmore button\"><a class=\"btn link\" href=\"https:\/\/staging.webstore4.com\/de\/product\/wl4-ipc-3twd-3mp-wifi-dome-camera\/\">Mehr lesen <i class=\"klbth-icon-right-arrow\"><\/i><\/a><\/div>","protected":false},"featured_media":15070,"comment_status":"open","ping_status":"closed","template":"","meta":[],"pwb-brand":[3380],"product_cat":[3435,4184,4200],"product_tag":[],"class_list":{"0":"post-10479","1":"product","2":"type-product","3":"status-publish","4":"has-post-thumbnail","6":"pwb-brand-wl4","7":"product_cat-ip-cameras","8":"product_cat-cameras","9":"product_cat-dome-eyeball-cameras-cameras","10":"product_shipping_class-pakket","11":"pa_alarm-ingang-uitgang-nee","12":"pa_audio-microfoon-speaker","13":"pa_beeldsensor-cmos","14":"pa_dag-nacht-ir-cut-filter-ja","15":"pa_geheugenkaart-type-micro-sdsdhcsdxc-128gb","16":"pa_ingebouwd-type-nachtzicht-infrared-ir-led-wit-led","17":"pa_lens-mm-3-6","18":"pa_materiaal-metaal","19":"pa_megapixel-3mp","20":"pa_merk-wl4","21":"pa_minimale-verlichting-0-lux-with-ir","22":"pa_mobiele-app-fabrikant-ja","23":"pa_nachtzicht-ja","24":"pa_omgeving-binnen-en-buiten","25":"pa_opnemen-op-sd-kaart-ja","26":"pa_poe-nee","27":"pa_resolutie-max-pixels-full-hd-2048x1536","28":"pa_vandaalbestendig-nee","29":"pa_voeding-12vdc","30":"pa_voeding-inclusief-adapter","31":"pa_wdr-ja","33":"first","34":"onbackorder","35":"taxable","36":"shipping-taxable","37":"purchasable","38":"product-type-simple"},"brands":[{"id":3380,"name":"WL4","slug":"wl4"}],"_links":{"self":[{"href":"https:\/\/staging.webstore4.com\/de\/wp-json\/wp\/v2\/product\/10479","targetHints":{"allow":["GET"]}}],"collection":[{"href":"https:\/\/staging.webstore4.com\/de\/wp-json\/wp\/v2\/product"}],"about":[{"href":"https:\/\/staging.webstore4.com\/de\/wp-json\/wp\/v2\/types\/product"}],"replies":[{"embeddable":true,"href":"https:\/\/staging.webstore4.com\/de\/wp-json\/wp\/v2\/comments?post=10479"}],"wp:featuredmedia":[{"embeddable":true,"href":"https:\/\/staging.webstore4.com\/de\/wp-json\/wp\/v2\/media\/15070"}],"wp:attachment":[{"href":"https:\/\/staging.webstore4.com\/de\/wp-json\/wp\/v2\/media?parent=10479"}],"wp:term":[{"taxonomy":"pwb-brand","embeddable":true,"href":"https:\/\/staging.webstore4.com\/de\/wp-json\/wp\/v2\/pwb-brand?post=10479"},{"taxonomy":"product_cat","embeddable":true,"href":"https:\/\/staging.webstore4.com\/de\/wp-json\/wp\/v2\/product_cat?post=10479"},{"taxonomy":"product_tag","embeddable":true,"href":"https:\/\/staging.webstore4.com\/de\/wp-json\/wp\/v2\/product_tag?post=10479"}],"curies":[{"name":"wp","href":"https:\/\/api.w.org\/{rel}","templated":true}]}}