{"id":10573,"date":"2022-09-23T23:53:15","date_gmt":"2022-09-23T21:53:15","guid":{"rendered":"https:\/\/webstore4.com\/\/?product=x-security-xs-ipd842swh-4p-full-hd-4mp-buiten-starlight-dome-camera-met-ir-nachtzicht-120db-wdr-en-sd-slot"},"modified":"2024-04-19T15:15:43","modified_gmt":"2024-04-19T14:15:43","slug":"x-security-xs-ipd842swh-4p-ai-4mp-dome-camera","status":"publish","type":"product","link":"https:\/\/staging.webstore4.com\/de\/product\/x-security-xs-ipd842swh-4p-ai-4mp-dome-camera\/","title":{"rendered":"X-Security XS-IPD842SWH-4P Full HD 4MP Starlight-Kuppelkamera f\u00fcr den Au\u00dfenbereich mit IR-Nachtsicht, 120 dB WDR und SD-Steckplatz"},"content":{"rendered":"<p>Die X-Security XS-IPD842SWH-4P ist eine 4-Megapixel-Full-HD-Domekamera mit Infrarot-Nachtsicht und einem festen 2,8-mm-Objektiv f\u00fcr den Innen- und Au\u00dfenbereich. Die Kamera eignet sich sehr gut f\u00fcr den Einsatz in Privathaushalten, B\u00fcros, Restaurants, Hotels und Gesch\u00e4ftsr\u00e4umen.<\/p>\n<p><strong>M\u00f6glichkeiten<\/strong><\/p>\n<p>Der X-Security XS-IPD842SWH-4P-AI zeigt Bilder in einer Full-HD-Aufl\u00f6sung von 2688 x 1520 an. Die Kamera verf\u00fcgt \u00fcber einen eingebauten automatischen IR-Sperrfilter, was sie zu einer echten Tag-\/Nachtkamera macht. Bei Dunkelheit kann die Kamera die integrierte IR-Beleuchtung einschalten, die auch bei v\u00f6lliger Dunkelheit (0 Lux) f\u00fcr ein gestochen scharfes Bild sorgt. Die IR-Beleuchtung hat eine Reichweite von nicht weniger als 30 Metern. Die Kamera verf\u00fcgt \u00fcber einen Wide Dynamic Range (WDR) von 120 dB, wodurch die Kamera auch mit komplexen Lichtverh\u00e4ltnissen wie Gegenlicht durch die Sonne oder Autoscheinwerfern sehr gut zurechtkommt.<\/p>\n<p>Bilder k\u00f6nnen unter anderem auf einem Netzwerk-Videorecorder (NVR) gespeichert werden. Die Kamera verf\u00fcgt au\u00dferdem \u00fcber die M\u00f6glichkeit, in der Kamera auf einer microSD-Speicherkarte mit bis zu maximal 256 GB aufzuzeichnen.<\/p>\n<p>X-Security nutzt die Software, Apps und den P2P-Server von Dahua. Dahua bietet eine kostenlose niederl\u00e4ndische App f\u00fcr Apple iOS und Android an. Die Kamera verf\u00fcgt \u00fcber einen internen Webserver, der \u00fcber einen Webbrowser angezeigt und verwaltet werden kann. Video Management Software (VMS) f\u00fcr einen Computer kann kostenlos von der Dahua-Website heruntergeladen werden. Der Reiter \u201eDokumentation\u201c enth\u00e4lt einen Link zur Produktseite des Herstellers.<\/p>\n<p>Die X-Security XS-IPD842SWH-4P verf\u00fcgt \u00fcber die Schutzart IP67, wodurch sich die Kamera ideal f\u00fcr den Au\u00dfenbereich eignet. Zur einfacheren Installation kann die Kamera \u00fcber das Netzwerkkabel mit Power over Ethernet (Standard 802.3af POE) mit Strom versorgt werden. PoE kann \u00fcber einen PoE-NVR, einen PoE-Switch oder mit einem PoE-Injektor bezogen werden. Die Kamera kann auch mit einem optionalen 12-V-Netzteil mit Strom versorgt werden. Die Montagehalterungen sind unter der Registerkarte \u201eZugeh\u00f6rig\u201c enthalten. Die Kamera ist \u00fcber 3 Achsen verstellbar und eignet sich daher sehr gut f\u00fcr die vertikale Aufstellung an einer Wand. Die Kamera ist vandalensicher (Bewertung IK10).<\/p>\n<p><strong>Wichtigste Funktionen<\/strong><\/p>\n<ul>\n<li>4-Megapixel-Full-HD-Kamera mit festem 2,8-mm-Objektiv f\u00fcr gestochen scharfe Bilder<\/li>\n<li>Sternenlicht mit nur 0,008 Lux Lichtbedarf f\u00fcr Farbbilder<\/li>\n<li>Tag-\/Nachtkamera mit automatischem mechanischem IR-Sperrfilter<\/li>\n<li>IR-Nachtsichtbeleuchtung<\/li>\n<li>Aufnahme in der Kamera auf SD-Karte<\/li>\n<li>Auf 3 Achsen verstellbar<\/li>\n<li>120 dB breiter Dynamikbereich (WDR)<\/li>\n<li>Zonen-optionale Hintergrundbeleuchtungskompensation (BLC)<\/li>\n<li>3D-Digital-Rauschunterdr\u00fcckung (3D-DNR)<\/li>\n<li>Bewegungserkennung, Manipulationsalarm, Privatzonenmaske<\/li>\n<li>ONVIF-Protokoll<\/li>\n<li>Stromversorgung \u00fcber 12VDC-Adapter oder \u00fcber PoE (802.3af)<\/li>\n<li>Vandalensicher (IK10)<\/li>\n<\/ul>\n<p><a href=\"https:\/\/staging.webstore4.com\/Copyright\/\" target=\"_blank\" rel=\"noopener\"><span style=\"color: #ff6e03; font-size: 11px;\">\u00a9 Der Text ist urheberrechtlich gesch\u00fctzt<\/span><\/a><\/p>","protected":false},"excerpt":{"rendered":"<p>De X-Security XS-IPD842SWH-4P-AI is een 4 megapixel Full HD dome camera met infrarood nachtzicht en een vaste 2.8mm lens voor binnen of buiten. De camera is zeer geschikt voor gebruik bij woningen, kantoren, restaurants, hotels en bedrijfsruimten. Mogelijkheden De X-Security XS-IPD842SWH-4P-AI geeft beelden weer in een Full HD 2688&#215;1520 resolutie. De camera heeft een ingebouwd<\/p>\n<div class=\"klb-readmore button\"><a class=\"btn link\" href=\"https:\/\/staging.webstore4.com\/de\/product\/x-security-xs-ipd842swh-4p-ai-4mp-dome-camera\/\">Mehr lesen <i class=\"klbth-icon-right-arrow\"><\/i><\/a><\/div>","protected":false},"featured_media":15113,"comment_status":"open","ping_status":"closed","template":"","meta":[],"pwb-brand":[3395],"product_cat":[3435,4184,4200,4199],"product_tag":[],"class_list":{"0":"post-10573","1":"product","2":"type-product","3":"status-publish","4":"has-post-thumbnail","6":"pwb-brand-x-security","7":"product_cat-ip-cameras","8":"product_cat-cameras","9":"product_cat-dome-eyeball-cameras-cameras","10":"product_cat-dahua-starlight-series","11":"product_shipping_class-pakket","12":"pa_audio-nee","13":"pa_beeldhoek-graden-horizontaal-3914","14":"pa_beeldsensor-1-3-cmos","15":"pa_dag-nacht-ir-cut-filter-ja","16":"pa_geheugenkaart-type-micro-sdsdhcsdxc-256gb","17":"pa_ingebouwd-type-nachtzicht-infrared-ir-led","18":"pa_lens-mm-2-8","19":"pa_megapixel-4mp","20":"pa_merk-x-security","21":"pa_minimale-verlichting-0-008-lux-0-lux-met-ir","22":"pa_mobiele-app-fabrikant-ja","23":"pa_nachtzicht-ja","24":"pa_omgeving-binnen-en-buiten","25":"pa_opnemen-op-sd-kaart-ja","26":"pa_poe-802-3af","27":"pa_resolutie-max-pixels-full-hd-2688x1520","28":"pa_vandaalbestendig-ik10","29":"pa_verstelbare-assen-3631","30":"pa_voeding-12vdc","31":"pa_voeding-poe","32":"pa_wdr-ja","34":"first","35":"onbackorder","36":"taxable","37":"shipping-taxable","38":"purchasable","39":"product-type-simple"},"brands":[{"id":3395,"name":"X-Security","slug":"x-security"}],"_links":{"self":[{"href":"https:\/\/staging.webstore4.com\/de\/wp-json\/wp\/v2\/product\/10573","targetHints":{"allow":["GET"]}}],"collection":[{"href":"https:\/\/staging.webstore4.com\/de\/wp-json\/wp\/v2\/product"}],"about":[{"href":"https:\/\/staging.webstore4.com\/de\/wp-json\/wp\/v2\/types\/product"}],"replies":[{"embeddable":true,"href":"https:\/\/staging.webstore4.com\/de\/wp-json\/wp\/v2\/comments?post=10573"}],"wp:featuredmedia":[{"embeddable":true,"href":"https:\/\/staging.webstore4.com\/de\/wp-json\/wp\/v2\/media\/15113"}],"wp:attachment":[{"href":"https:\/\/staging.webstore4.com\/de\/wp-json\/wp\/v2\/media?parent=10573"}],"wp:term":[{"taxonomy":"pwb-brand","embeddable":true,"href":"https:\/\/staging.webstore4.com\/de\/wp-json\/wp\/v2\/pwb-brand?post=10573"},{"taxonomy":"product_cat","embeddable":true,"href":"https:\/\/staging.webstore4.com\/de\/wp-json\/wp\/v2\/product_cat?post=10573"},{"taxonomy":"product_tag","embeddable":true,"href":"https:\/\/staging.webstore4.com\/de\/wp-json\/wp\/v2\/product_tag?post=10573"}],"curies":[{"name":"wp","href":"https:\/\/api.w.org\/{rel}","templated":true}]}}