{"id":10585,"date":"2023-01-12T21:16:10","date_gmt":"2023-01-12T19:16:10","guid":{"rendered":"https:\/\/webstore4.com\/\/?product=safire-sf-ipb025wag-4e-full-hd-4mp-grijze-buiten-bullet-met-ir-nachtzicht-h-265-en-poe"},"modified":"2024-06-20T08:45:35","modified_gmt":"2024-06-20T07:45:35","slug":"safire-sf-ipb025wag-4e-4mp-grijze-bullet","status":"publish","type":"product","link":"https:\/\/staging.webstore4.com\/de\/product\/safire-sf-ipb025wag-4e-4mp-grijze-bullet\/","title":{"rendered":"Safire SF-IPB025WAG-4E Full HD 4MP graue Outdoor-Bullet mit IR-Nachtsicht, H.265+ und PoE"},"content":{"rendered":"<p>De Safire SF-IPB025WAG-4E is een Full HD 4MP grijze bullet met IR nachtzicht, H.265+ en PoE geschikt voor buiten. Nog 2 stuks beschikbaar.<\/p>\n<p><strong>M\u00f6glichkeiten<\/strong><\/p>\n<p>Der Safire SF-IPB025WAG-4E zeigt Bilder in einer Full-HD-Aufl\u00f6sung von 1920 x 1080 an. Die Kamera verf\u00fcgt \u00fcber einen eingebauten automatischen IR-Sperrfilter, was sie zu einer echten Tag-\/Nachtkamera macht. Bei Dunkelheit kann die Kamera die integrierte IR-LED-Beleuchtung einschalten und liefert so auch bei v\u00f6lliger Dunkelheit (0 Lux) ein gestochen scharfes Bild. Die IR-Beleuchtung hat eine Reichweite von 30 Metern. Die Kamera verf\u00fcgt \u00fcber einen digitalen Wide Dynamic Range (WDR), wodurch die Kamera auch komplexe Lichtverh\u00e4ltnisse sehr gut bew\u00e4ltigen kann. Das 2,8-mm-Objektiv hat einen horizontalen Bildwinkel von 114,8 Grad.<\/p>\n<p>Der Safire SF-IPB025WAG-4E verf\u00fcgt unter anderem \u00fcber eine Bewegungserkennung. Bilder k\u00f6nnen unter anderem auf einem Netzwerk-Videorecorder (NVR) gespeichert werden. Oder eine Micro-SD-Karte (nicht im Lieferumfang enthalten)<\/p>\n<p>Safire bietet eine kostenlose mobile App f\u00fcr Apple iOS und Android. Die Kamera verf\u00fcgt \u00fcber einen internen Webserver, der \u00fcber einen Webbrowser angezeigt und verwaltet werden kann. Die kostenlose Video Management Software (VMS) Safire Control Center f\u00fcr einen PC kann von der Safire-Website heruntergeladen werden. Unter dem Reiter \u201eDokumentation\u201c ist ein Link zur Produktseite des Herstellers eingebunden.<\/p>\n<p>Die Safire SF-IPB025WAG-4E verf\u00fcgt \u00fcber die Schutzart IP67, wodurch sich die Kamera ideal f\u00fcr den Au\u00dfenbereich eignet. Das Geh\u00e4use der Kamera besteht aus Metall. Zur einfacheren Installation kann die Kamera \u00fcber das Netzwerkkabel mit Power over Ethernet (Standard 802.3af POE) mit Strom versorgt werden. PoE kann \u00fcber einen PoE-NVR, einen PoE-Switch oder mit einem PoE-Injektor bezogen werden. Die Kamera kann auch mit einem optionalen 12-V-Gleichstrom-Netzteil mit Strom versorgt werden. Unter dem Reiter \u201eOptionen\u201c k\u00f6nnen Sie angeben, ob ein Adapter enthalten sein soll. Es k\u00f6nnen Hikvision-Montagehalterungen verwendet werden. Die Kamera ist \u00fcber 3 Achsen verstellbar und eignet sich daher sehr gut f\u00fcr die vertikale Aufstellung an einer Wand.<\/p>\n<p><strong>Wichtigste Funktionen<\/strong><\/p>\n<ul>\n<li>4-Megapixel-Full-HD-Kamera<\/li>\n<li>Tag-\/Nachtkamera mit automatischem mechanischem IR-Sperrfilter<\/li>\n<li>IR-Nachtsichtbeleuchtung bis zu 30 Meter<\/li>\n<li>Auf 3 Achsen verstellbar<\/li>\n<li>Digital Wide Dynamic Range (WDR)<\/li>\n<li>Zonen-optionale Gegenlichtkompensation (BLC)<\/li>\n<li>3D-Digital-Rauschunterdr\u00fcckung (3D-DNR)<\/li>\n<li>Bewegungserkennung<\/li>\n<li>ONVIF-Protokoll<\/li>\n<li>H.266+-Codec<\/li>\n<li>Stromversorgung \u00fcber 12VDC-Adapter oder \u00fcber PoE (802.3af)<\/li>\n<li>Wetterfest IP67<\/li>\n<li>Bitrate 32 Kbit\/s ~ 8 Mbit\/s<\/li>\n<li>Betriebstemperaturbereich -30\u00b0C ~ +60\u00b0C<\/li>\n<li>Eingebautes Mikrophon<\/li>\n<li>Micro-SD-Kartensteckplatz (SD-Karte nicht im Lieferumfang enthalten)<\/li>\n<\/ul>\n<p><a href=\"https:\/\/staging.webstore4.com\/Copyright\/\" target=\"_blank\" rel=\"noopener\"><span style=\"color: #ff6e03; font-size: 11px;\">\u00a9 Der Text ist urheberrechtlich gesch\u00fctzt<\/span><\/a><\/p>","protected":false},"excerpt":{"rendered":"<p>De Safire SF-IPB025WAG-4E is een Full HD 4MP grijze bullet met IR nachtzicht, H.265+ en PoE geschikt voor buiten. Nog 2 stuks beschikbaar. Mogelijkheden De Safire SF-IPB025WAG-4E\u00a0geeft beelden weer in een Full HD 1920&#215;1080 resolutie. De camera heeft een ingebouwd automatisch IR-cut filter en is daarmee een echte dag\/nacht camera. In donkere omstandigheden kan de<\/p>\n<div class=\"klb-readmore button\"><a class=\"btn link\" href=\"https:\/\/staging.webstore4.com\/de\/product\/safire-sf-ipb025wag-4e-4mp-grijze-bullet\/\">Mehr lesen <i class=\"klbth-icon-right-arrow\"><\/i><\/a><\/div>","protected":false},"featured_media":15057,"comment_status":"open","ping_status":"closed","template":"","meta":[],"pwb-brand":[3385],"product_cat":[3435,4184,4219,4198,4211],"product_tag":[],"class_list":{"0":"post-10585","1":"product","2":"type-product","3":"status-publish","4":"has-post-thumbnail","6":"pwb-brand-safire","7":"product_cat-ip-cameras","8":"product_cat-cameras","9":"product_cat-bullet-box-cameras-cameras","10":"product_cat-series","11":"product_cat-safire-pro-series","12":"product_shipping_class-pakket","13":"pa_aanbieding-opop","14":"pa_alarm-ingang-uitgang-nee","15":"pa_audio-nee","16":"pa_beeldhoek-graden-horizontaal-114-8","17":"pa_beeldsensor-1-2-8-cmos","18":"pa_dag-nacht-ir-cut-filter-ja","19":"pa_ingebouwd-type-nachtzicht-infrared-ir-led","20":"pa_lens-mm-2-8","21":"pa_materiaal-kunststof","22":"pa_materiaal-metaal","23":"pa_megapixel-4mp","24":"pa_merk-safire","25":"pa_minimale-verlichting-0-01-lux-0-lux-met-ir","26":"pa_mobiele-app-fabrikant-ja","27":"pa_nachtzicht-ja","28":"pa_omgeving-binnen-en-buiten","29":"pa_opnemen-op-sd-kaart-nee","30":"pa_poe-802-3af","31":"pa_resolutie-max-pixels-full-hd-1920x1080","32":"pa_vandaalbestendig-nee","33":"pa_verstelbare-assen-3631","34":"pa_voeding-12vdc","35":"pa_voeding-poe","36":"pa_wdr-ja","38":"first","39":"instock","40":"sale","41":"taxable","42":"shipping-taxable","43":"purchasable","44":"product-type-simple"},"brands":[{"id":3385,"name":"Safire","slug":"safire"}],"_links":{"self":[{"href":"https:\/\/staging.webstore4.com\/de\/wp-json\/wp\/v2\/product\/10585","targetHints":{"allow":["GET"]}}],"collection":[{"href":"https:\/\/staging.webstore4.com\/de\/wp-json\/wp\/v2\/product"}],"about":[{"href":"https:\/\/staging.webstore4.com\/de\/wp-json\/wp\/v2\/types\/product"}],"replies":[{"embeddable":true,"href":"https:\/\/staging.webstore4.com\/de\/wp-json\/wp\/v2\/comments?post=10585"}],"wp:featuredmedia":[{"embeddable":true,"href":"https:\/\/staging.webstore4.com\/de\/wp-json\/wp\/v2\/media\/15057"}],"wp:attachment":[{"href":"https:\/\/staging.webstore4.com\/de\/wp-json\/wp\/v2\/media?parent=10585"}],"wp:term":[{"taxonomy":"pwb-brand","embeddable":true,"href":"https:\/\/staging.webstore4.com\/de\/wp-json\/wp\/v2\/pwb-brand?post=10585"},{"taxonomy":"product_cat","embeddable":true,"href":"https:\/\/staging.webstore4.com\/de\/wp-json\/wp\/v2\/product_cat?post=10585"},{"taxonomy":"product_tag","embeddable":true,"href":"https:\/\/staging.webstore4.com\/de\/wp-json\/wp\/v2\/product_tag?post=10585"}],"curies":[{"name":"wp","href":"https:\/\/api.w.org\/{rel}","templated":true}]}}