{"id":11007,"date":"2023-09-11T08:04:55","date_gmt":"2023-09-11T06:04:55","guid":{"rendered":"https:\/\/webstore4.com\/?post_type=product&#038;p=11007"},"modified":"2024-12-17T22:38:51","modified_gmt":"2024-12-17T21:38:51","slug":"yli-ym-60m-elektromagnetisch-inbouw-slot-kleefmagneet-60kg-24vdc-fail-safe-kopie","status":"publish","type":"product","link":"https:\/\/staging.webstore4.com\/de\/product\/yli-ym-60m-elektromagnetisch-inbouw-slot-kleefmagneet-60kg-24vdc-fail-safe-kopie\/","title":{"rendered":"YLI YM-60M Elektromagnetischer eingebauter Haftmagnet 60 kg 24 VDC ausfallsicher"},"content":{"rendered":"<p>Das YLI YM-60M ist ein hochwertiges elektromagnetisches Schloss f\u00fcr den Einbau in T\u00fcr und Rahmen. Sobald die Stromversorgung des Schlosses unterbrochen wird, ist die T\u00fcr nicht verriegelt (ausfallsicher). Die Widerstandskraft des Schlosses betr\u00e4gt 60 kg.<\/p>\n<p><strong>M\u00f6glichkeiten<\/strong><\/p>\n<p>Der YLI YM-60M ist f\u00fcr den Einsatz mit Zugangskontrollsystemen wie Gegensprechanlagen und Kartenlesern geeignet. Der YLI YM-60M wird im Rahmen und in der T\u00fcr montiert.<\/p>\n<p>Der Haftmagnet hat eine Haftkraft von 600KG und muss mit 24VDC versorgt werden. Netzteil ist nicht im Lieferumfang enthalten. Eine Ankerplatte ist im Lieferumfang enthalten. Unter dem Reiter \u201eOptionen\u201c wird die Stromversorgung angezeigt. F\u00fcr die richtige Anwendung empfehlen wir Ihnen, das Datenblatt zu konsultieren, das unter der Registerkarte \u201eDokumentation\u201c enthalten ist.<\/p>\n<p><strong>Wichtigste Funktionen<\/strong><\/p>\n<ul>\n<li>Installation eines ausfallsicheren Schlosses<\/li>\n<li>24VDC<\/li>\n<li>60 kg Haltekraft<\/li>\n<\/ul>\n<p><a href=\"https:\/\/staging.webstore4.com\/Copyright\/\" target=\"_blank\" rel=\"noopener\"><span style=\"color: #ff6e03; font-size: 11px;\">\u00a9 Der Text ist urheberrechtlich gesch\u00fctzt<\/span><\/a><\/p>","protected":false},"excerpt":{"rendered":"<p>De YLI YM-60M is een hoogwaardig elektromagnetisch kleefmagneet slot voor inbouw in een deur en kozijn. Zodra de stroom naar het slot wegvalt is de deur niet op slot (fail safe). De weerstandkracht van het slot is 60KG. Mogelijkheden De YLI YM-60M\u00a0is geschikt om te worden gebruikt met toegangscontrole systemen zoals intercom en paslezers. De<\/p>\n<div class=\"klb-readmore button\"><a class=\"btn link\" href=\"https:\/\/staging.webstore4.com\/de\/product\/yli-ym-60m-elektromagnetisch-inbouw-slot-kleefmagneet-60kg-24vdc-fail-safe-kopie\/\">Mehr lesen <i class=\"klbth-icon-right-arrow\"><\/i><\/a><\/div>","protected":false},"featured_media":8894,"comment_status":"open","ping_status":"closed","template":"","meta":[],"pwb-brand":[3382],"product_cat":[4191,4197],"product_tag":[],"class_list":{"0":"post-11007","1":"product","2":"type-product","3":"status-publish","4":"has-post-thumbnail","6":"pwb-brand-yli","7":"product_cat-access","8":"product_cat-elektrische-sloten","9":"product_shipping_class-pakket","10":"pa_fail-fail-safe","11":"pa_garantie-3-jaar","12":"pa_materiaal-staal","13":"pa_merk-yli","14":"pa_montage-inbouw","15":"pa_omgeving-binnen","16":"pa_product-kleefmagneet","17":"pa_voeding-24vdc","18":"pa_weerstand-kracht-60-kg","20":"first","21":"instock","22":"taxable","23":"shipping-taxable","24":"purchasable","25":"product-type-simple"},"brands":[{"id":3382,"name":"YLI","slug":"yli"}],"_links":{"self":[{"href":"https:\/\/staging.webstore4.com\/de\/wp-json\/wp\/v2\/product\/11007","targetHints":{"allow":["GET"]}}],"collection":[{"href":"https:\/\/staging.webstore4.com\/de\/wp-json\/wp\/v2\/product"}],"about":[{"href":"https:\/\/staging.webstore4.com\/de\/wp-json\/wp\/v2\/types\/product"}],"replies":[{"embeddable":true,"href":"https:\/\/staging.webstore4.com\/de\/wp-json\/wp\/v2\/comments?post=11007"}],"wp:featuredmedia":[{"embeddable":true,"href":"https:\/\/staging.webstore4.com\/de\/wp-json\/wp\/v2\/media\/8894"}],"wp:attachment":[{"href":"https:\/\/staging.webstore4.com\/de\/wp-json\/wp\/v2\/media?parent=11007"}],"wp:term":[{"taxonomy":"pwb-brand","embeddable":true,"href":"https:\/\/staging.webstore4.com\/de\/wp-json\/wp\/v2\/pwb-brand?post=11007"},{"taxonomy":"product_cat","embeddable":true,"href":"https:\/\/staging.webstore4.com\/de\/wp-json\/wp\/v2\/product_cat?post=11007"},{"taxonomy":"product_tag","embeddable":true,"href":"https:\/\/staging.webstore4.com\/de\/wp-json\/wp\/v2\/product_tag?post=11007"}],"curies":[{"name":"wp","href":"https:\/\/api.w.org\/{rel}","templated":true}]}}