{"id":11094,"date":"2023-09-13T15:42:39","date_gmt":"2023-09-13T13:42:39","guid":{"rendered":"https:\/\/webstore4.com\/?post_type=product&#038;p=11094"},"modified":"2024-04-19T15:15:54","modified_gmt":"2024-04-19T14:15:54","slug":"zkteco-fr1200-mf-vingerafdruk-en-mifare-kaart-lezer-voor-buiten-tcp-ip-outlet","status":"publish","type":"product","link":"https:\/\/staging.webstore4.com\/de\/product\/zkteco-fr1200-mf-vingerafdruk-en-mifare-kaart-lezer-voor-buiten-tcp-ip-outlet\/","title":{"rendered":"ZKTeco FR1200-MF Fingerabdruck- und Mifare-Kartenleser f\u00fcr TCP\/IP im Freien (OUTLET)"},"content":{"rendered":"<p><strong>Auslassgrund: Besch\u00e4digungen\/Kratzer durch Schraubmontage an der Montagehalterung. Ungebraucht. 1 St\u00fcck im Auslass.<\/strong><\/p>\n<p>Der ZKTeco FR1200 ist ein hochwertiger Fingerabdruck- und RFID-Kartenleser zur Verwendung mit einem inBIO-Controller oder einem eigenst\u00e4ndigen Zugangscontroller und ist f\u00fcr den Au\u00dfenbereich geeignet. Die Zugangskontrolle erfolgt mittels Fingerabdruck und\/oder Proximity-Karte oder -Tag. Der ZKTeco FR1200 ist ideal f\u00fcr den Einsatz in H\u00e4usern, Mehrfamilienh\u00e4usern, Gesch\u00e4ftsr\u00e4umen und B\u00fcros.<\/p>\n<p><strong>M\u00f6glichkeiten<\/strong><\/p>\n<p>Der ZKTeco FR1200 verf\u00fcgt \u00fcber die Kommunikation \u00fcber das RS485-Protokoll. Es ist ein separater Controller der ZKTeco inBIO-Serie erforderlich. Der FR1200 kann auch an einen eigenst\u00e4ndigen Zutrittscontroller von ZKTeco angeschlossen werden. Der ZKTeco FR1200 kann \u00fcber den Controller mit Strom versorgt werden. Unter der Registerkarte \u201eDokumentation\u201c gibt es einen Link zur Website des Herstellers mit vielen Informationen, darunter Datenblatt, Software und Handb\u00fccher.<\/p>\n<p><strong>Wichtigste Funktionen<\/strong><\/p>\n<ul>\n<li>Geeignet f\u00fcr den Au\u00dfenbereich IP65<\/li>\n<li>Kleines Format<\/li>\n<li>RS-485<\/li>\n<li>13,56-kHz-Karten und -Tags (Mifare)<\/li>\n<li>Betriebstemperaturbereich 0 \u00b0C bis + 45 \u00b0C<\/li>\n<\/ul>\n<p><strong>Dokumentation<\/strong><\/p>\n<p><span style=\"font-size:14px\">\u00dcber die untenstehenden Links k\u00f6nnen Sie die Produktinformationen und Software auf der Website des Herstellers einsehen und bei Bedarf herunterladen.<\/span><\/p>\n<p><span style=\"font-size:14px\"><a href=\"http:\/\/www.zkteco.eu\/uploads\/downloads\/product_brochures\/FR1200_brochure.pdf\" target=\"_blank\" rel=\"noopener\"><span style=\"color:#FF6E03\"><img decoding=\"async\" alt=\"\" src=\"https:\/\/www.webstore4ipcameras.nl\/image\/data\/multistore\/pdf-icon.png\" style=\"float:left;height:20px;margin-left:5px;margin-right:5px;width:20px\">Datenblatt ZKTeco FR1200<\/span><\/a><\/span><\/p>\n<p><span style=\"font-size:14px\"><a href=\"http:\/\/www.zkteco.eu\/index.php\/categories-11\/access-control-systems\/fingerprint-external-readers\/fingerprint-readers-432\" target=\"_blank\" rel=\"noopener\"><span style=\"color:#FF6E03\"><img decoding=\"async\" alt=\"\" src=\"https:\/\/www.webstore4ipcameras.nl\/image\/data\/multistore\/pdf-icon.png\" style=\"float:left;height:20px;margin-left:5px;margin-right:5px;width:20px\">Produktseite ZKTeco FR1200<\/span><\/a><\/span><\/p>","protected":false},"excerpt":{"rendered":"<p>Reden outlet: beschadiging\/krassen door schroefmontage op de ophangbeugel. Ongebruikt. 1 stuk in outlet. De ZKTeco FR1200-MF is een hoogwaardige vingerafdruk en Mifare kaart lezer voor gebruik met een inBIO controller of stand alone access controller en is geschikt voor buiten.\u00a0De toegangscontrole vindt plaats door middel van een vingerafdruk en\/of proximity kaart of tag. De\u00a0ZKTeco FR1200<\/p>\n<div class=\"klb-readmore button\"><a class=\"btn link\" href=\"https:\/\/staging.webstore4.com\/de\/product\/zkteco-fr1200-mf-vingerafdruk-en-mifare-kaart-lezer-voor-buiten-tcp-ip-outlet\/\">Mehr lesen <i class=\"klbth-icon-right-arrow\"><\/i><\/a><\/div>","protected":false},"featured_media":7905,"comment_status":"closed","ping_status":"closed","template":"","meta":[],"pwb-brand":[3394],"product_cat":[3454],"product_tag":[],"class_list":{"0":"post-11094","1":"product","2":"type-product","3":"status-publish","4":"has-post-thumbnail","6":"pwb-brand-zkteco","7":"product_cat-outlet","8":"pa_garantie-3-jaar","9":"pa_merk-zkteco","10":"pa_omgeving-binnen-en-buiten","11":"pa_voeding-12vdc0-7a","13":"first","14":"instock","15":"sale","16":"sold-individually","17":"taxable","18":"shipping-taxable","19":"purchasable","20":"product-type-simple"},"brands":[{"id":3394,"name":"ZKTeco","slug":"zkteco"}],"_links":{"self":[{"href":"https:\/\/staging.webstore4.com\/de\/wp-json\/wp\/v2\/product\/11094","targetHints":{"allow":["GET"]}}],"collection":[{"href":"https:\/\/staging.webstore4.com\/de\/wp-json\/wp\/v2\/product"}],"about":[{"href":"https:\/\/staging.webstore4.com\/de\/wp-json\/wp\/v2\/types\/product"}],"replies":[{"embeddable":true,"href":"https:\/\/staging.webstore4.com\/de\/wp-json\/wp\/v2\/comments?post=11094"}],"wp:featuredmedia":[{"embeddable":true,"href":"https:\/\/staging.webstore4.com\/de\/wp-json\/wp\/v2\/media\/7905"}],"wp:attachment":[{"href":"https:\/\/staging.webstore4.com\/de\/wp-json\/wp\/v2\/media?parent=11094"}],"wp:term":[{"taxonomy":"pwb-brand","embeddable":true,"href":"https:\/\/staging.webstore4.com\/de\/wp-json\/wp\/v2\/pwb-brand?post=11094"},{"taxonomy":"product_cat","embeddable":true,"href":"https:\/\/staging.webstore4.com\/de\/wp-json\/wp\/v2\/product_cat?post=11094"},{"taxonomy":"product_tag","embeddable":true,"href":"https:\/\/staging.webstore4.com\/de\/wp-json\/wp\/v2\/product_tag?post=11094"}],"curies":[{"name":"wp","href":"https:\/\/api.w.org\/{rel}","templated":true}]}}