{"id":11144,"date":"2023-09-15T11:00:32","date_gmt":"2023-09-15T09:00:32","guid":{"rendered":"https:\/\/webstore4.com\/?post_type=product&#038;p=11144"},"modified":"2024-06-21T13:06:27","modified_gmt":"2024-06-21T12:06:27","slug":"wl4-sp-m-21w-2-5a-mobiel-zonnepaneel","status":"publish","type":"product","link":"https:\/\/staging.webstore4.com\/de\/product\/wl4-sp-m-21w-2-5a-mobiel-zonnepaneel\/","title":{"rendered":"WL4 SP-M 21W 2,5A Faltbares mobiles Solarpanel mit zwei USB-A-Anschl\u00fcssen"},"content":{"rendered":"<p align=\"JUSTIFY\">Das WL4 SP-M 21W 2,5A ist ein mobiles tragbares Solarpanel mit 2 mal a <span class=\"article\">USB-A<\/span> \u2013 5 V \/ 2,5 A Ausgang. Sonnenkollektoren sind eine saubere und umweltfreundliche Stromquelle. Der WL4 SP-M 21W 2,5A ist die ideale L\u00f6sung f\u00fcr den Abenteurer.<\/p>\n<p align=\"JUSTIFY\">Das zusammenklappbare und leichte Design des Panels macht es sehr bequem zu tragen. Schlie\u00dfen Sie die Ger\u00e4te einfach an die USB-Anschl\u00fcsse an und platzieren Sie das Solarpanel an einem sonnigen Ort. Das Panel ist daher eine tolle L\u00f6sung zur Stromversorgung und zum Laden von Ger\u00e4ten mit USB-Schnittstelle (Smartphones, Tablets, Spielekonsolen, kabellose Kopfh\u00f6rer, MP3-Player, Kameras, Powerbanks), beispielsweise auf dem Campingplatz oder bei langen Bergwanderungen.<\/p>\n<p><strong>Wichtigste Funktionen<\/strong><\/p>\n<ul>\n<li>Zusammenklappbares Solarpanel<\/li>\n<li>21 Watt Leistung<\/li>\n<li>2x USB-A 5V \/ 2,5A<\/li>\n<li>Sehr leicht, nur 0,52 KG<\/li>\n<li>Sehr kompakt, zusammengeklappt 290x160x25 MM<\/li>\n<li>Ausgeklappt 500x290x16 MM<\/li>\n<li>Schwarz<\/li>\n<\/ul>\n<p align=\"JUSTIFY\"><a href=\"https:\/\/www.webstore4ipcameras.nl\/Copyright\" target=\"_blank\" rel=\"noopener\"><span style=\"color: #ff6e03; font-size: 11px;\">\u00a9 Der Text ist urheberrechtlich gesch\u00fctzt<\/span><\/a><\/p>","protected":false},"excerpt":{"rendered":"<p>De WL4 SP-M 21W 2.5A\u00a0 is een mobiel draagbaar zonnepaneel, met 2 keer een USB-A &#8211; 5 V \/ 2.5 A uitgang. Zonnepanelen zijn een schone en milieuvriendelijke bron van elektriciteit. Het WL4 SP-M 21W 2.5A is de ideale oplossing voor de avonturier. Het inklapbare en lichte ontwerp van het paneel maakt het zeer geschikt<\/p>\n<div class=\"klb-readmore button\"><a class=\"btn link\" href=\"https:\/\/staging.webstore4.com\/de\/product\/wl4-sp-m-21w-2-5a-mobiel-zonnepaneel\/\">Mehr lesen <i class=\"klbth-icon-right-arrow\"><\/i><\/a><\/div>","protected":false},"featured_media":14384,"comment_status":"open","ping_status":"closed","template":"","meta":[],"pwb-brand":[3380],"product_cat":[4247,4248],"product_tag":[],"class_list":{"0":"post-11144","1":"product","2":"type-product","3":"status-publish","4":"has-post-thumbnail","6":"pwb-brand-wl4","7":"product_cat-duurzaamheid","8":"product_cat-zonnepanelen","9":"product_shipping_class-pakket","10":"pa_ampereuur-2-5a","11":"pa_merk-wl4","12":"pa_product-zonnepaneel","13":"pa_wattage-zonnepaneel-21-watt","15":"first","16":"instock","17":"taxable","18":"shipping-taxable","19":"purchasable","20":"product-type-simple"},"brands":[{"id":3380,"name":"WL4","slug":"wl4"}],"_links":{"self":[{"href":"https:\/\/staging.webstore4.com\/de\/wp-json\/wp\/v2\/product\/11144","targetHints":{"allow":["GET"]}}],"collection":[{"href":"https:\/\/staging.webstore4.com\/de\/wp-json\/wp\/v2\/product"}],"about":[{"href":"https:\/\/staging.webstore4.com\/de\/wp-json\/wp\/v2\/types\/product"}],"replies":[{"embeddable":true,"href":"https:\/\/staging.webstore4.com\/de\/wp-json\/wp\/v2\/comments?post=11144"}],"wp:featuredmedia":[{"embeddable":true,"href":"https:\/\/staging.webstore4.com\/de\/wp-json\/wp\/v2\/media\/14384"}],"wp:attachment":[{"href":"https:\/\/staging.webstore4.com\/de\/wp-json\/wp\/v2\/media?parent=11144"}],"wp:term":[{"taxonomy":"pwb-brand","embeddable":true,"href":"https:\/\/staging.webstore4.com\/de\/wp-json\/wp\/v2\/pwb-brand?post=11144"},{"taxonomy":"product_cat","embeddable":true,"href":"https:\/\/staging.webstore4.com\/de\/wp-json\/wp\/v2\/product_cat?post=11144"},{"taxonomy":"product_tag","embeddable":true,"href":"https:\/\/staging.webstore4.com\/de\/wp-json\/wp\/v2\/product_tag?post=11144"}],"curies":[{"name":"wp","href":"https:\/\/api.w.org\/{rel}","templated":true}]}}