{"id":11159,"date":"2023-09-15T12:48:00","date_gmt":"2023-09-15T10:48:00","guid":{"rendered":"https:\/\/webstore4.com\/?post_type=product&#038;p=11159"},"modified":"2025-02-20T07:14:37","modified_gmt":"2025-02-20T06:14:37","slug":"service-wl4-mb01-gaten-boren","status":"publish","type":"product","link":"https:\/\/staging.webstore4.com\/de\/product\/service-wl4-mb01-gaten-boren\/","title":{"rendered":"Service WL4 MB01 Bohrl\u00f6cher"},"content":{"rendered":"<p>Bohrlochmuster f\u00fcr Eignung f\u00fcr 30-Watt- und 50-Watt-Solarmodule<\/p>\n<p>&nbsp;<\/p>","protected":false},"excerpt":{"rendered":"<p>Bohrlochmuster f\u00fcr Eignung f\u00fcr 30-Watt- und 50-Watt-Solarmodule &nbsp;<\/p>","protected":false},"featured_media":7836,"comment_status":"closed","ping_status":"closed","template":"","meta":[],"pwb-brand":[],"product_cat":[4212],"product_tag":[],"class_list":{"0":"post-11159","1":"product","2":"type-product","3":"status-publish","4":"has-post-thumbnail","6":"product_cat-services","8":"first","9":"onbackorder","10":"taxable","11":"shipping-taxable","12":"purchasable","13":"product-type-simple"},"brands":[],"_links":{"self":[{"href":"https:\/\/staging.webstore4.com\/de\/wp-json\/wp\/v2\/product\/11159","targetHints":{"allow":["GET"]}}],"collection":[{"href":"https:\/\/staging.webstore4.com\/de\/wp-json\/wp\/v2\/product"}],"about":[{"href":"https:\/\/staging.webstore4.com\/de\/wp-json\/wp\/v2\/types\/product"}],"replies":[{"embeddable":true,"href":"https:\/\/staging.webstore4.com\/de\/wp-json\/wp\/v2\/comments?post=11159"}],"wp:featuredmedia":[{"embeddable":true,"href":"https:\/\/staging.webstore4.com\/de\/wp-json\/wp\/v2\/media\/7836"}],"wp:attachment":[{"href":"https:\/\/staging.webstore4.com\/de\/wp-json\/wp\/v2\/media?parent=11159"}],"wp:term":[{"taxonomy":"pwb-brand","embeddable":true,"href":"https:\/\/staging.webstore4.com\/de\/wp-json\/wp\/v2\/pwb-brand?post=11159"},{"taxonomy":"product_cat","embeddable":true,"href":"https:\/\/staging.webstore4.com\/de\/wp-json\/wp\/v2\/product_cat?post=11159"},{"taxonomy":"product_tag","embeddable":true,"href":"https:\/\/staging.webstore4.com\/de\/wp-json\/wp\/v2\/product_tag?post=11159"}],"curies":[{"name":"wp","href":"https:\/\/api.w.org\/{rel}","templated":true}]}}