{"id":11213,"date":"2023-09-18T11:50:53","date_gmt":"2023-09-18T09:50:53","guid":{"rendered":"https:\/\/webstore4.com\/?post_type=product&#038;p=11213"},"modified":"2025-02-19T05:22:11","modified_gmt":"2025-02-19T04:22:11","slug":"wl4-ipc-m-b-mobiele-voertuig-ip-camera","status":"publish","type":"product","link":"https:\/\/staging.webstore4.com\/de\/product\/wl4-ipc-m-b-mobiele-voertuig-ip-camera\/","title":{"rendered":"WL4 IPC-MB mobile Fahrzeug-IP-Kamera Full HD 2,1 Megapixel mit Infrarot-Nachtsicht"},"content":{"rendered":"<p>Die WL4 IPC-MB ist eine mobile Full HD 2,1 Megapixel Fahrzeug-IP-Kamera f\u00fcr die Live-Video\u00fcberwachung. Der WL4 IPC-MB eignet sich sehr gut f\u00fcr den Einsatz in einem Auto, Transporter, Taxi, LKW, Wohnmobil, Personenbus, Stra\u00dfenbahn, Zug, Mietwagen, Pferdeanh\u00e4nger, Viehtransporter, Traktor, landwirtschaftlicher Maschine, Boot usw.<\/p>\n<p><strong>M\u00f6glichkeiten<\/strong><\/p>\n<p>Die Kamera zeigt Bilder in einer Full-HD-Aufl\u00f6sung von 1920 x 1080 an. Die Kamera verf\u00fcgt \u00fcber ein festes 2,8-mm-Objektiv mit einem horizontalen Betrachtungswinkel von 93 Grad. Die Kamera verf\u00fcgt \u00fcber einen speziellen M12-Anschluss zum Anschluss an den mobilen NVR (im Reiter \u201eOptionen\u201c enthalten). Der NVR versorgt die Kamera \u00fcber dasselbe Kabel mit Strom.<br \/>\nDie Kamera verf\u00fcgt \u00fcber eine integrierte Infrarot-LED-Beleuchtung f\u00fcr Nachtsicht. Die maximale Reichweite des Infrarotlichts betr\u00e4gt 15 Meter. Die Kamera besteht aus Metall und verf\u00fcgt \u00fcber die Schutzart IP67 f\u00fcr den Au\u00dfenbereich.<\/p>\n<p><strong>Bildspeicherung<\/strong><\/p>\n<p>Die Kamera kann die Bilder auf dem mobilen NVR speichern. Die Aufzeichnung auf dem NVR kann basierend auf einem Zeitplan, einer Bewegungserkennung oder manuell eingestellt werden. Die Aufzeichnung kann automatisch nach dem Einschalten der Z\u00fcndung des Fahrzeugs starten und dauert dank einer eingebauten Batterie noch ca. 10 Sekunden nach dem Ausschalten der Z\u00fcndung.<\/p>\n<p><strong>Installation<\/strong><\/p>\n<p>F\u00fcr die Installation des mobilen Videosystems und die Konfiguration des Servers sind Fachkenntnisse erforderlich. Wir liefern das System ausschlie\u00dflich an Gesch\u00e4ftskunden und Partner.<\/p>\n<p><strong>Wichtigste Funktionen<\/strong><\/p>\n<ul>\n<li>Mobile Full HD 2,1 Megapixel Fahrzeug-IP-Kamera<\/li>\n<li>IR-Nachtsicht bis zu 15 Meter<\/li>\n<li>Festes 2,8-mm-Objektiv<\/li>\n<li>IP67<\/li>\n<li>H.265<\/li>\n<li>2 Jahre Garantie<\/li>\n<\/ul>\n<p><a href=\"https:\/\/www.webstore4ipcameras.nl\/Copyright\" target=\"_blank\" rel=\"noopener\"><span style=\"color: #ff6e03; font-size: 11px;\">\u00a9 Der Text ist urheberrechtlich gesch\u00fctzt<\/span><\/a><\/p>","protected":false},"excerpt":{"rendered":"<p>De WL4 IPC-M-B is een mobiele Full HD 2.1 megapixel voertuig IP camera voor live video bewaking. De WL4 IPC-M-B is zeer geschikt voor gebruik in een auto, bestelbus, taxi, vrachtwagen, camper, personen bus, tram, trein, huurauto, paardentrailer, veevervoer, tractor, landbouwmachine, boot etc. Mogelijkheden De camera geeft beelden weer in een Full HD 1920&#215;1080 resolutie.<\/p>\n<div class=\"klb-readmore button\"><a class=\"btn link\" href=\"https:\/\/staging.webstore4.com\/de\/product\/wl4-ipc-m-b-mobiele-voertuig-ip-camera\/\">Mehr lesen <i class=\"klbth-icon-right-arrow\"><\/i><\/a><\/div>","protected":false},"featured_media":15078,"comment_status":"open","ping_status":"closed","template":"","meta":[],"pwb-brand":[3380],"product_cat":[4184,4240],"product_tag":[],"class_list":{"0":"post-11213","1":"product","2":"type-product","3":"status-publish","4":"has-post-thumbnail","6":"pwb-brand-wl4","7":"product_cat-cameras","8":"product_cat-voertuig-mobiele-ip-video-cameras","9":"product_shipping_class-pakket","10":"pa_beeldhoek-graden-horizontaal-3969","11":"pa_beeldsensor-1-2-8-cmos","12":"pa_draadloos-nee","13":"pa_ingebouwd-type-nachtzicht-infrared-ir-led","14":"pa_lens-mm-2-8","15":"pa_megapixel-2-1mp","16":"pa_merk-wl4","17":"pa_nachtzicht-ja","18":"pa_omgeving-binnen-en-buiten","19":"pa_opnemen-op-sd-kaart-nee","20":"pa_voeding-12vdc","22":"first","23":"onbackorder","24":"taxable","25":"shipping-taxable","26":"purchasable","27":"product-type-simple"},"brands":[{"id":3380,"name":"WL4","slug":"wl4"}],"_links":{"self":[{"href":"https:\/\/staging.webstore4.com\/de\/wp-json\/wp\/v2\/product\/11213","targetHints":{"allow":["GET"]}}],"collection":[{"href":"https:\/\/staging.webstore4.com\/de\/wp-json\/wp\/v2\/product"}],"about":[{"href":"https:\/\/staging.webstore4.com\/de\/wp-json\/wp\/v2\/types\/product"}],"replies":[{"embeddable":true,"href":"https:\/\/staging.webstore4.com\/de\/wp-json\/wp\/v2\/comments?post=11213"}],"wp:featuredmedia":[{"embeddable":true,"href":"https:\/\/staging.webstore4.com\/de\/wp-json\/wp\/v2\/media\/15078"}],"wp:attachment":[{"href":"https:\/\/staging.webstore4.com\/de\/wp-json\/wp\/v2\/media?parent=11213"}],"wp:term":[{"taxonomy":"pwb-brand","embeddable":true,"href":"https:\/\/staging.webstore4.com\/de\/wp-json\/wp\/v2\/pwb-brand?post=11213"},{"taxonomy":"product_cat","embeddable":true,"href":"https:\/\/staging.webstore4.com\/de\/wp-json\/wp\/v2\/product_cat?post=11213"},{"taxonomy":"product_tag","embeddable":true,"href":"https:\/\/staging.webstore4.com\/de\/wp-json\/wp\/v2\/product_tag?post=11213"}],"curies":[{"name":"wp","href":"https:\/\/api.w.org\/{rel}","templated":true}]}}