{"id":11357,"date":"2023-09-23T11:43:25","date_gmt":"2023-09-23T09:43:25","guid":{"rendered":"https:\/\/webstore4.com\/?post_type=product&#038;p=11357"},"modified":"2024-05-29T14:29:59","modified_gmt":"2024-05-29T13:29:59","slug":"nivian-cs020-dummy-beveiligingscamera","status":"publish","type":"product","link":"https:\/\/staging.webstore4.com\/de\/product\/nivian-cs020-dummy-beveiligingscamera\/","title":{"rendered":"Nivian CS020 realistische Dummy-\u00dcberwachungskamera f\u00fcr den Au\u00dfenbereich"},"content":{"rendered":"<p>Die Nivian CS020 ist eine realistische Dummy-\u00dcberwachungskamera. Dank der Form einer typischen Bullet-Kamera und der Farbe der Nivian CS020 ist die gef\u00e4lschte Kamera aus der Ferne nur schwer von einer echten Kamera zu unterscheiden. Die Nivian CS020 verf\u00fcgt \u00fcber eine halbkreisf\u00f6rmige Projektion auf der Vorderseite der Kamera, die einen PIR-Sensor nachahmt.<\/p>\n<p>Der Nivian CS020 l\u00e4sst sich einfach und ohne zus\u00e4tzliche Montagehalterungen an der Wand oder Decke montieren.<\/p>\n<p><strong>Hauptmerkmale<\/strong><\/p>\n<ul>\n<li>Realistischer Look<\/li>\n<li>Plastik<\/li>\n<li>Leicht zusammenzubauen<\/li>\n<\/ul>\n<p><a href=\"https:\/\/staging.webstore4.com\/Copyright\/\" target=\"_blank\" rel=\"noopener\"><span style=\"color: #ff6e03; font-size: 11px;\">\u00a9 Der Text ist urheberrechtlich gesch\u00fctzt<\/span><\/a><\/p>","protected":false},"excerpt":{"rendered":"<p>Die Nivian CS020 ist eine realistische Dummy-\u00dcberwachungskamera. Dank der Form einer typischen Bullet-Kamera und der Farbe der Nivian CS020 ist die gef\u00e4lschte Kamera aus der Ferne nur schwer von einer echten Kamera zu unterscheiden. Die Nivian CS020 verf\u00fcgt \u00fcber eine halbkreisf\u00f6rmige Projektion auf der Vorderseite der Kamera, die einen PIR-Sensor nachahmt.<\/p>\n<div class=\"klb-readmore button\"><a class=\"btn link\" href=\"https:\/\/staging.webstore4.com\/de\/product\/nivian-cs020-dummy-beveiligingscamera\/\">Mehr lesen <i class=\"klbth-icon-right-arrow\"><\/i><\/a><\/div>","protected":false},"featured_media":11359,"comment_status":"open","ping_status":"closed","template":"","meta":[],"pwb-brand":[3410],"product_cat":[4184,4251],"product_tag":[],"class_list":{"0":"post-11357","1":"product","2":"type-product","3":"status-publish","4":"has-post-thumbnail","6":"pwb-brand-nivian","7":"product_cat-cameras","8":"product_cat-dummy-cameras-cameras","9":"product_shipping_class-pakket","10":"pa_merk-nivian","12":"first","13":"instock","14":"taxable","15":"shipping-taxable","16":"purchasable","17":"product-type-simple"},"brands":[{"id":3410,"name":"Nivian","slug":"nivian"}],"_links":{"self":[{"href":"https:\/\/staging.webstore4.com\/de\/wp-json\/wp\/v2\/product\/11357","targetHints":{"allow":["GET"]}}],"collection":[{"href":"https:\/\/staging.webstore4.com\/de\/wp-json\/wp\/v2\/product"}],"about":[{"href":"https:\/\/staging.webstore4.com\/de\/wp-json\/wp\/v2\/types\/product"}],"replies":[{"embeddable":true,"href":"https:\/\/staging.webstore4.com\/de\/wp-json\/wp\/v2\/comments?post=11357"}],"wp:featuredmedia":[{"embeddable":true,"href":"https:\/\/staging.webstore4.com\/de\/wp-json\/wp\/v2\/media\/11359"}],"wp:attachment":[{"href":"https:\/\/staging.webstore4.com\/de\/wp-json\/wp\/v2\/media?parent=11357"}],"wp:term":[{"taxonomy":"pwb-brand","embeddable":true,"href":"https:\/\/staging.webstore4.com\/de\/wp-json\/wp\/v2\/pwb-brand?post=11357"},{"taxonomy":"product_cat","embeddable":true,"href":"https:\/\/staging.webstore4.com\/de\/wp-json\/wp\/v2\/product_cat?post=11357"},{"taxonomy":"product_tag","embeddable":true,"href":"https:\/\/staging.webstore4.com\/de\/wp-json\/wp\/v2\/product_tag?post=11357"}],"curies":[{"name":"wp","href":"https:\/\/api.w.org\/{rel}","templated":true}]}}