{"id":11375,"date":"2023-09-25T09:11:54","date_gmt":"2023-09-25T07:11:54","guid":{"rendered":"https:\/\/webstore4.com\/?post_type=product&#038;p=11375"},"modified":"2024-05-29T11:58:07","modified_gmt":"2024-05-29T10:58:07","slug":"wl4-ipc-mtw2-mini-2-1mp-wifi-camera","status":"publish","type":"product","link":"https:\/\/staging.webstore4.com\/de\/product\/wl4-ipc-mtw2-mini-2-1mp-wifi-camera\/","title":{"rendered":"WL4 IPC-MTW2 mini Full HD 2,1 MP WLAN-Innenkamera mit IR-Nachtsicht, microSD und 2-Wege-Audio mit kostenloser Tuya-App"},"content":{"rendered":"<p>Die WL4 IPC-MTW1 ist eine kompakte Mini-Full-HD-2,1-Megapixel-WLAN-Innenkamera mit IR-Nachtsicht, microSD-Steckplatz und 2-Wege-Audio mit kostenloser Tuya-App. Die \u00dcberwachungskamera wird h\u00e4ufig als Minikamera im Wohnzimmer eines Hauses oder B\u00fcros eingesetzt. Die Kamera kann auch als Babyphone verwendet werden.<\/p>\n<p><strong>M\u00f6glichkeiten<\/strong><\/p>\n<p>Die Kamera wird mit der kostenlosen Tuya Smart App verwaltet. Dies kann von \u00fcberall aus erfolgen, wo ein Smartphone oder Tablet \u00fcber eine Internetverbindung verf\u00fcgt: von zu Hause aus oder vom anderen Ende der Welt. Auch andere Ger\u00e4te k\u00f6nnen in der (niederl\u00e4ndischen) App verwaltet werden und es ist m\u00f6glich, R\u00e4ume einzurichten und (Familien-)Mitglieder hinzuzuf\u00fcgen.<\/p>\n<p>Der WL4 IPC-MTW1 zeigt Bilder in einer Full-HD-Aufl\u00f6sung von 1920 x 1080 an. Bei Dunkelheit kann die Kamera die integrierte IR-Beleuchtung einschalten, die auch bei v\u00f6lliger Dunkelheit (0 Lux) f\u00fcr ein gestochen scharfes Bild sorgt. Die IR-Beleuchtung hat eine Reichweite von 10 Metern. Die Kamera verf\u00fcgt \u00fcber ein festes 3,6-mm-Objektiv mit einem diagonalen Betrachtungswinkel von 76 Grad.<\/p>\n<p>Der WL4 IPC-MTW2 verf\u00fcgt \u00fcber eine Bewegungserkennung. Bei Bewegung kann eine Aktion ausgel\u00f6st werden, etwa das Schalten smarter Lichter. Die Kamera verf\u00fcgt \u00fcber die M\u00f6glichkeit, in der Kamera auf einer microSD-Speicherkarte (nicht im Lieferumfang enthalten) bis maximal 128 GB aufzuzeichnen. Die Kamera verf\u00fcgt \u00fcber ein eingebautes Mikrofon und einen Lautsprecher f\u00fcr Zwei-Wege-Audio.<\/p>\n<p><strong>Installation<\/strong><\/p>\n<p>Der WL4 IPC-MTW2 ist f\u00fcr den Innenbereich geeignet. Die Kamera muss \u00fcber 5 VDC USB mit Strom versorgt werden und drahtlos (WiFi) mit dem Netzwerk verbunden sein. Eine passende MicroSD-Karte oder ein Adapter kann unter \u201eOptionen\u201c bestellt werden.<\/p>\n<p>Das Benutzerhandbuch ist unter der Registerkarte \u201eDokumentation\u201c enthalten.<\/p>\n<p><strong>Hauptmerkmale<\/strong><\/p>\n<ul>\n<li>2,1-Megapixel-Full-HD-Minikamera<\/li>\n<li>IR-Nachtsichtbeleuchtung bis zu 5 Meter<\/li>\n<li>Aufnahme in der Kamera auf SD-Karte mit bis zu 128 GB (nicht im Lieferumfang enthalten)<\/li>\n<li>Eingebautes Mikrofon und Lautsprecher<\/li>\n<li>Bewegungserkennung<\/li>\n<li>H.264+-Codec<\/li>\n<li>802.11 b\/g\/n WLAN 2,4 GHz<\/li>\n<li>Kostenlose Tuya-App<\/li>\n<li>34 mm Durchmesser x 35 mm H\u00f6he<\/li>\n<\/ul>\n<p><a href=\"https:\/\/staging.webstore4.com\/Copyright\/\" target=\"_blank\" rel=\"noopener\"><span style=\"color: #ff6e03; font-size: 11px;\">\u00a9 Der Text ist urheberrechtlich gesch\u00fctzt<\/span><\/a><\/p>","protected":false},"excerpt":{"rendered":"<p>Die WL4 IPC-MTW1 ist eine kompakte Mini-Full-HD-2,1-Megapixel-WLAN-Innenkamera mit IR-Nachtsicht, microSD-Steckplatz und 2-Wege-Audio mit kostenloser Tuya-App. Die \u00dcberwachungskamera wird h\u00e4ufig als Minikamera im Wohnzimmer eines Hauses oder B\u00fcros eingesetzt. Die Kamera kann auch als Babyphone verwendet werden.<\/p>\n<div class=\"klb-readmore button\"><a class=\"btn link\" href=\"https:\/\/staging.webstore4.com\/de\/product\/wl4-ipc-mtw2-mini-2-1mp-wifi-camera\/\">Mehr lesen <i class=\"klbth-icon-right-arrow\"><\/i><\/a><\/div>","protected":false},"featured_media":11376,"comment_status":"open","ping_status":"closed","template":"","meta":[],"pwb-brand":[3380],"product_cat":[3435,4184,4242],"product_tag":[],"class_list":{"0":"post-11375","1":"product","2":"type-product","3":"status-publish","4":"has-post-thumbnail","6":"pwb-brand-wl4","7":"product_cat-ip-cameras","8":"product_cat-cameras","9":"product_cat-cube-cameras-cameras","10":"product_shipping_class-pakket","11":"pa_alarm-ingang-uitgang-nee","12":"pa_audio-microfoon-speaker","13":"pa_beeldsensor-1-4-cmos","14":"pa_dag-nacht-ir-cut-filter-ja","15":"pa_geheugenkaart-type-micro-sdsdhcsdxc-128gb","16":"pa_ingebouwd-type-nachtzicht-infrared-ir-led","17":"pa_lens-mm-3-6","18":"pa_materiaal-kunststof","19":"pa_megapixel-2-1mp","20":"pa_merk-wl4","21":"pa_minimale-verlichting-0-lux-with-ir","22":"pa_mobiele-app-fabrikant-ja","23":"pa_nachtzicht-ja","24":"pa_omgeving-binnen","25":"pa_opnemen-op-sd-kaart-ja","26":"pa_poe-nee","27":"pa_resolutie-max-pixels-full-hd-1920x1080","28":"pa_vandaalbestendig-nee","29":"pa_voeding-5v-usb","30":"pa_voeding-inclusief-adapter","31":"pa_wdr-ja","33":"first","34":"instock","35":"taxable","36":"shipping-taxable","37":"purchasable","38":"product-type-simple"},"brands":[{"id":3380,"name":"WL4","slug":"wl4"}],"_links":{"self":[{"href":"https:\/\/staging.webstore4.com\/de\/wp-json\/wp\/v2\/product\/11375","targetHints":{"allow":["GET"]}}],"collection":[{"href":"https:\/\/staging.webstore4.com\/de\/wp-json\/wp\/v2\/product"}],"about":[{"href":"https:\/\/staging.webstore4.com\/de\/wp-json\/wp\/v2\/types\/product"}],"replies":[{"embeddable":true,"href":"https:\/\/staging.webstore4.com\/de\/wp-json\/wp\/v2\/comments?post=11375"}],"wp:featuredmedia":[{"embeddable":true,"href":"https:\/\/staging.webstore4.com\/de\/wp-json\/wp\/v2\/media\/11376"}],"wp:attachment":[{"href":"https:\/\/staging.webstore4.com\/de\/wp-json\/wp\/v2\/media?parent=11375"}],"wp:term":[{"taxonomy":"pwb-brand","embeddable":true,"href":"https:\/\/staging.webstore4.com\/de\/wp-json\/wp\/v2\/pwb-brand?post=11375"},{"taxonomy":"product_cat","embeddable":true,"href":"https:\/\/staging.webstore4.com\/de\/wp-json\/wp\/v2\/product_cat?post=11375"},{"taxonomy":"product_tag","embeddable":true,"href":"https:\/\/staging.webstore4.com\/de\/wp-json\/wp\/v2\/product_tag?post=11375"}],"curies":[{"name":"wp","href":"https:\/\/api.w.org\/{rel}","templated":true}]}}