{"id":11637,"date":"2023-10-03T12:41:49","date_gmt":"2023-10-03T10:41:49","guid":{"rendered":"https:\/\/webstore4.com\/?post_type=product&#038;p=11637"},"modified":"2024-04-19T15:16:16","modified_gmt":"2024-04-19T14:16:16","slug":"hikvision-ds-2cd2t87g2p-lsu-sl-b-panoramic-8mp","status":"publish","type":"product","link":"https:\/\/staging.webstore4.com\/de\/product\/hikvision-ds-2cd2t87g2p-lsu-sl-b-panoramic-8mp\/","title":{"rendered":"Hikvision DS-2CD2T87G2P-LSU\/SL Panorama-8MP-ColorVu-Bullet mit 180-Grad-Betrachtungswinkel, wei\u00dfer LED, 130 dB WDR, Mikrofon und Audio-\/Alarm-IO"},"content":{"rendered":"<div class=\"video-frame-box\" style=\"width: 100%; max-width: 480px; max-height: 270px; float: right; padding: 0px 10px 10px 10px;\">\n<div class=\"video-frame\"><iframe src=\"\/\/www.youtube.com\/embed\/V-eXIKCSJIk?rel=0&amp;modestbranding=1&amp;showinfo=0&amp;autohide=1\" width=\"480\" height=\"270\" frameborder=\"0\"><\/iframe><\/div>\n<\/div>\n<p>Die Hikvision DS-2CD2T87G2P-LSU\/SL ist eine Panorama-8MP-UltraHD-4K-ColorVu-Bullet-Kamera mit 180-Grad-Blickwinkel, wei\u00dfer LED, 130 dB WDR, integriertem Mikrofon und Audio-\/Alarmeingang und -ausgang. Die Kamera verf\u00fcgt \u00fcber PoE und einen microSD-Steckplatz und ist f\u00fcr den Au\u00dfen- und Innenbereich geeignet.<\/p>\n<p><strong>M\u00f6glichkeiten<\/strong><\/p>\n<p>Der Hikvision DS-2CD2T87G2P-LSU\/SL zeigt Bilder in einer Full-HD-Aufl\u00f6sung von 5120 x 1440 an. Die Panoramakamera verf\u00fcgt \u00fcber ein duales 4-mm-Objektiv mit einem horizontalen Betrachtungswinkel von 180 Grad.<\/p>\n<p>Dank des hochlichtempfindlichen Bildchips liefert die Kamera auch bei minimalem Umgebungslicht ein brauchbares Farbbild. Bei sehr dunkler Umgebung kann die Kamera zudem die integrierte wei\u00dfe LED-Beleuchtung einschalten, sodass auch Bilder in v\u00f6lliger Dunkelheit (0 Lux) in Farbe betrachtet werden k\u00f6nnen. Die Kamera verf\u00fcgt \u00fcber die ColorVu-Technologie von Hikvision. Mit der wei\u00dfen LED-Beleuchtung hat die ColorVu-Kamera eine Reichweite von 40 Metern, sodass sie auch nachts Farbbilder liefern kann. Die Kamera verf\u00fcgt au\u00dferdem \u00fcber einen 130 dB Wide Dynamic Range (WDR), wodurch die Kamera auch mit komplexen Lichtverh\u00e4ltnissen, beispielsweise durch Gegenlicht der Sonne oder Autoscheinwerfer, sehr gut zurechtkommt.<\/p>\n<p>Bilder k\u00f6nnen unter anderem auf einem Netzwerk-Videorecorder (NVR) gespeichert werden. Die Kamera verf\u00fcgt au\u00dferdem \u00fcber die M\u00f6glichkeit, in der Kamera auf eine microSD-Speicherkarte bis maximal 512 GB aufzuzeichnen.<\/p>\n<p>Hikvision bietet eine kostenlose App f\u00fcr Apple iOS und Android an. Die Kamera verf\u00fcgt \u00fcber einen internen Webserver, der \u00fcber einen Webbrowser angezeigt und verwaltet werden kann. Video Management Software (VMS) f\u00fcr einen Computer kann kostenlos von der Hikvision-Website heruntergeladen werden. Die Registerkarte \u201eDokumentation\u201c enth\u00e4lt einen Link zur Produktseite des Herstellers.<\/p>\n<p>Die Hikvision DS-2CD2T87G2P-LSU\/SL verf\u00fcgt \u00fcber die Schutzart IP67, wodurch sich die Kamera ideal f\u00fcr den Au\u00dfenbereich eignet. Zur einfacheren Installation kann die Kamera \u00fcber das Netzwerkkabel mit Power over Ethernet (Standard 802.3af POE) mit Strom versorgt werden. PoE kann \u00fcber einen PoE-NVR, einen PoE-Switch oder mit einem PoE-Injektor bezogen werden. Die Kamera kann auch mit einem 12-V-Gleichstrom-Netzteil (nicht im Lieferumfang enthalten) betrieben werden.<\/p>\n<p><strong>Wichtigste Funktionen<\/strong><\/p>\n<ul>\n<li>8MP UltraHD 4K-Kamera mit Superweitwinkel-Blickwinkel von 180 Grad<\/li>\n<li>Wei\u00dfes LED-Licht von ColorVu f\u00fcr Farbbilder in dunklen Umgebungen<\/li>\n<li>Klares Bild bei starkem Gegenlicht dank 130 dB WDR-Technologie<\/li>\n<li>Aufnahme in der Kamera auf SD-Karte mit bis zu 256 GB (nicht im Lieferumfang enthalten)<\/li>\n<li>Bewegungserkennung<\/li>\n<li>Stroboskoplicht und akustischer Alarm zur Warnung von Eindringlingen<\/li>\n<li>ONVIF-Protokoll<\/li>\n<li>H.265+-Codec<\/li>\n<li>Stromversorgung \u00fcber 12VDC-Adapter oder \u00fcber PoE (802.3af)<\/li>\n<li>IP67<\/li>\n<li>Zwarte behuizing<\/li>\n<\/ul>\n<p><a href=\"https:\/\/staging.webstore4.com\/Copyright\/\" target=\"_blank\" rel=\"noopener\"><span style=\"color: #ff6e03; font-size: 11px;\">\u00a9 Der Text ist urheberrechtlich gesch\u00fctzt<\/span><\/a><\/p>","protected":false},"excerpt":{"rendered":"<p>Die Hikvision DS-2CD2T87G2P-LSU\/SL-B ist eine schwarze Panorama-8MP-UltraHD-4K-ColorVu-Bullet-Kamera.<\/p>","protected":false},"featured_media":13176,"comment_status":"open","ping_status":"closed","template":"","meta":[],"pwb-brand":[3367],"product_cat":[3435,4184,4185,4219,4606],"product_tag":[],"class_list":{"0":"post-11637","1":"product","2":"type-product","3":"status-publish","4":"has-post-thumbnail","6":"pwb-brand-hikvision","7":"product_cat-ip-cameras","8":"product_cat-cameras","9":"product_cat-180-360-ptz-cameras","10":"product_cat-bullet-box-cameras-cameras","11":"product_cat-hikvision-acusense","12":"product_shipping_class-pakket","13":"pa_alarm-ingang-uitgang-ja","14":"pa_audio-microfoon","15":"pa_beeldhoek-graden-horizontaal-3838","16":"pa_beeldsensor-1-1-8-cmos","17":"pa_dag-nacht-ir-cut-filter-ja","18":"pa_geheugenkaart-type-micro-sdsdhcsdxc-256gb","19":"pa_ingebouwd-type-nachtzicht-wit-led","20":"pa_lens-mm-4-0","21":"pa_materiaal-kunststof","22":"pa_materiaal-metaal","23":"pa_megapixel-8mp","24":"pa_merk-hikvision","25":"pa_minimale-verlichting-0-0005-lux","26":"pa_mobiele-app-fabrikant-ja","27":"pa_nachtzicht-ja","28":"pa_omgeving-binnen-en-buiten","29":"pa_opnemen-op-sd-kaart-ja","30":"pa_poe-802-3af","31":"pa_product-status-a","32":"pa_resolutie-max-pixels-full-hd-5120x1440","33":"pa_vandaalbestendig-nee","34":"pa_voeding-12vdc","35":"pa_voeding-poe","36":"pa_wdr-ja","38":"first","39":"onbackorder","40":"taxable","41":"shipping-taxable","42":"purchasable","43":"product-type-simple"},"brands":[{"id":3367,"name":"Hikvision","slug":"hikvision"}],"_links":{"self":[{"href":"https:\/\/staging.webstore4.com\/de\/wp-json\/wp\/v2\/product\/11637","targetHints":{"allow":["GET"]}}],"collection":[{"href":"https:\/\/staging.webstore4.com\/de\/wp-json\/wp\/v2\/product"}],"about":[{"href":"https:\/\/staging.webstore4.com\/de\/wp-json\/wp\/v2\/types\/product"}],"replies":[{"embeddable":true,"href":"https:\/\/staging.webstore4.com\/de\/wp-json\/wp\/v2\/comments?post=11637"}],"wp:featuredmedia":[{"embeddable":true,"href":"https:\/\/staging.webstore4.com\/de\/wp-json\/wp\/v2\/media\/13176"}],"wp:attachment":[{"href":"https:\/\/staging.webstore4.com\/de\/wp-json\/wp\/v2\/media?parent=11637"}],"wp:term":[{"taxonomy":"pwb-brand","embeddable":true,"href":"https:\/\/staging.webstore4.com\/de\/wp-json\/wp\/v2\/pwb-brand?post=11637"},{"taxonomy":"product_cat","embeddable":true,"href":"https:\/\/staging.webstore4.com\/de\/wp-json\/wp\/v2\/product_cat?post=11637"},{"taxonomy":"product_tag","embeddable":true,"href":"https:\/\/staging.webstore4.com\/de\/wp-json\/wp\/v2\/product_tag?post=11637"}],"curies":[{"name":"wp","href":"https:\/\/api.w.org\/{rel}","templated":true}]}}