{"id":11652,"date":"2023-10-03T15:16:23","date_gmt":"2023-10-03T13:16:23","guid":{"rendered":"https:\/\/webstore4.com\/?post_type=product&#038;p=11652"},"modified":"2025-02-19T05:22:11","modified_gmt":"2025-02-19T04:22:11","slug":"ajax-rex-repeater-zwart","status":"publish","type":"product","link":"https:\/\/staging.webstore4.com\/de\/product\/ajax-rex-repeater-zwart\/","title":{"rendered":"Ajax ReX Repeater Schwarzer Funksignalverst\u00e4rker"},"content":{"rendered":"<p>De Ajax ReX Repeater Zwart is onderdeel van het Ajax Baseline alarmsysteem. Ajax is een toonaangevend bedrijf op het gebied van beveiligingsoplossingen. Met geavanceerde technologie\u00ebn en innovatieve producten bieden ze betrouwbare en effectieve beveiligingsoplossingen voor zowel particuliere als zakelijke klanten. Hun systemen zijn eenvoudig te installeren en te bedienen, waardoor gebruikers een veilig gevoel hebben. Ajax Security Systems staat bekend om zijn hoogwaardige beveiligingsproducten die voldoen aan de strengste normen en eisen.<\/p>\n<p>Ajax bietet zu seinen Produkten eine kostenlose App an, die mit dem zentralen Hub kommuniziert, an den bis zu f\u00fcnfzig Benutzer und hundert Ger\u00e4te angeschlossen werden k\u00f6nnen. Die App erm\u00f6glicht es, Benachrichtigungen \u00fcber Alarme und Ereignisse zu erhalten, Live-Videostreams anzusehen und den Status aller Sicherheitsger\u00e4te zu \u00fcberpr\u00fcfen. Die App bietet detaillierte Veranstaltungsinformationen und l\u00e4sst sich einfach \u00fcber mehrere Ger\u00e4te und Benutzer hinweg verwalten.<\/p>\n<p><strong>M\u00f6glichkeiten<\/strong><\/p>\n<p>Der Ajax ReX 2 Repeater Black sorgt f\u00fcr eine Signalverst\u00e4rkung und erweitert so den zu sch\u00fctzenden Bereich. Dieser drahtlose Signalverst\u00e4rker f\u00fcr den Innenbereich kann den Bereich des zentralen Hubs erweitern. Sie k\u00f6nnen es mit WLAN-Verst\u00e4rkern in einem Haushalt vergleichen. Durch den Ausbau von f\u00fcnf ReX 2-Signalverst\u00e4rkern kann die zu sch\u00fctzende Fl\u00e4che auf 35 Quadratkilometer erweitert werden. Das Ajax-Sicherheitssystem ist auch die ideale Sicherheit f\u00fcr mehrst\u00f6ckige Geb\u00e4ude, Parkh\u00e4user und gro\u00dfe Fabriken. Der Ajax ReX Repeater Black muss immer direkt mit dem Hub verbunden werden, und zwar innerhalb von 1700 Metern von einem offenen Bereich.<\/p>\n<p>Der Ajax ReX 2 Repeater Black kann mit einem gro\u00dfen Teil der Ajax-Reichweite in einer Entfernung von 1800 Metern kommunizieren. Die Zustellung der Alarme verursacht bei Verwendung des Ajax ReX 2 Repeater Black keine Verz\u00f6gerung und dauert daher etwa 0,3 Sekunden. Das System verf\u00fcgt \u00fcber einen leistungsstarken Prozessor und l\u00e4uft nach dem Ausschalten bis zu 38 Stunden lang mit einer Pufferbatterie. Dank der OS Malevich-Software ist der Ajax ReX 2 Repeater Black \u00e4u\u00dferst resistent gegen Software-Angriffe, Hardware-Angriffe, Viren oder Exploits. Wenn das Geh\u00e4use sabotiert wird, sendet der Ajax ReX 2 Repeater Black ein Signal an den zentralen Hub.<\/p>\n<p>De Ajax ReX Repeater Zwart kan worden gevoed met een Ajax 12V PSU of een 110-240 V aansluiting.<\/p>\n<p>Dieses Produkt besteht aus dem Ajax ReX 2 Repeater Black, inklusive Netzkabel und einer Montageplatte f\u00fcr eine m\u00f6gliche Halterung. Die entsprechende Klammer kann unter \u201eOptionen\u201c hinzugef\u00fcgt werden.<\/p>\n<p>F\u00fcr weitere Spezifikationen empfehlen wir Ihnen, das Datenblatt zu konsultieren, das unter der Registerkarte \u201eDokumentation\u201c enthalten ist.<\/p>\n<p><strong>Wichtigste Funktionen<br \/>\n<\/strong><\/p>\n<ul>\n<li>De Ajax ReX Repeater Zwart ondersteund geen Ajax MotionCam<\/li>\n<li>Functioneert met alle Ajax Hubs, maximaal 99 te koppelen met de Hub en maximaal 149 te koppelen met de Hub PLUS<\/li>\n<li>Dient direct op de centrale Hub te worden aangesloten<\/li>\n<li>Steuerung \u00fcber Ajax-Anwendung<\/li>\n<li>2-Wege-Kommunikation<\/li>\n<li>Pingt alle 12 Sekunden<\/li>\n<li>Einschlie\u00dflich Pufferbatterie, Batterie ist von der Garantie ausgeschlossen<\/li>\n<li>Met de Ajax Hub te verbinden binnen een straal van maximaal 1800 meter (open ruimte)<\/li>\n<li>De HUB werkt met maximaal 1 signaalversterker<\/li>\n<li>De HUB PLUS, HUB 2, HUB 2 PLUS en de HUB HYBRID werken met maximaal 5 signaalversterkers<\/li>\n<li>Schwarz<\/li>\n<\/ul>\n<p><a href=\"https:\/\/www.webstore4ipcameras.nl\/Copyright\" target=\"_blank\" rel=\"noopener\"><span style=\"color: #ff6e03; font-size: 11px;\">\u00a9 Der Text ist urheberrechtlich gesch\u00fctzt<\/span><\/a><\/p>\n<div style=\"width: 960px;\" class=\"wp-video\"><!--[if lt IE 9]><script>document.createElement('video');<\/script><![endif]-->\n<video class=\"wp-video-shortcode\" id=\"video-11652-1\" width=\"960\" height=\"599\" preload=\"metadata\" controls=\"controls\"><source type=\"video\/mp4\" src=\"https:\/\/staging.webstore4.com\/wp-content\/uploads\/2023\/10\/Ajax-ReX-WebStore4.mp4?_=1\" \/><a href=\"https:\/\/staging.webstore4.com\/wp-content\/uploads\/2023\/10\/Ajax-ReX-WebStore4.mp4\">https:\/\/staging.webstore4.com\/wp-content\/uploads\/2023\/10\/Ajax-ReX-WebStore4.mp4<\/a><\/video><\/div>","protected":false},"excerpt":{"rendered":"<p>De Ajax ReX Repeater Zwart is onderdeel van het Ajax Baseline alarmsysteem. Ajax is een toonaangevend bedrijf op het gebied van beveiligingsoplossingen. Met geavanceerde technologie\u00ebn en innovatieve producten bieden ze betrouwbare en effectieve beveiligingsoplossingen voor zowel particuliere als zakelijke klanten. Hun systemen zijn eenvoudig te installeren en te bedienen, waardoor gebruikers een veilig gevoel hebben.<\/p>\n<div class=\"klb-readmore button\"><a class=\"btn link\" href=\"https:\/\/staging.webstore4.com\/de\/product\/ajax-rex-repeater-zwart\/\">Mehr lesen <i class=\"klbth-icon-right-arrow\"><\/i><\/a><\/div>","protected":false},"featured_media":11653,"comment_status":"closed","ping_status":"closed","template":"","meta":[],"pwb-brand":[3408],"product_cat":[3466,4224,4263],"product_tag":[],"class_list":{"0":"post-11652","1":"product","2":"type-product","3":"status-publish","4":"has-post-thumbnail","6":"pwb-brand-ajax-systems","7":"product_cat-alarm","8":"product_cat-alarmsystemen","9":"product_cat-ajax-baseline","10":"product_shipping_class-pakket","11":"pa_kleur-zwart","12":"pa_merk-ajax-systems","13":"pa_product-signaalversterker","15":"first","16":"onbackorder","17":"taxable","18":"shipping-taxable","19":"purchasable","20":"product-type-simple"},"brands":[{"id":3408,"name":"Ajax Systems","slug":"ajax-systems"}],"_links":{"self":[{"href":"https:\/\/staging.webstore4.com\/de\/wp-json\/wp\/v2\/product\/11652","targetHints":{"allow":["GET"]}}],"collection":[{"href":"https:\/\/staging.webstore4.com\/de\/wp-json\/wp\/v2\/product"}],"about":[{"href":"https:\/\/staging.webstore4.com\/de\/wp-json\/wp\/v2\/types\/product"}],"replies":[{"embeddable":true,"href":"https:\/\/staging.webstore4.com\/de\/wp-json\/wp\/v2\/comments?post=11652"}],"wp:featuredmedia":[{"embeddable":true,"href":"https:\/\/staging.webstore4.com\/de\/wp-json\/wp\/v2\/media\/11653"}],"wp:attachment":[{"href":"https:\/\/staging.webstore4.com\/de\/wp-json\/wp\/v2\/media?parent=11652"}],"wp:term":[{"taxonomy":"pwb-brand","embeddable":true,"href":"https:\/\/staging.webstore4.com\/de\/wp-json\/wp\/v2\/pwb-brand?post=11652"},{"taxonomy":"product_cat","embeddable":true,"href":"https:\/\/staging.webstore4.com\/de\/wp-json\/wp\/v2\/product_cat?post=11652"},{"taxonomy":"product_tag","embeddable":true,"href":"https:\/\/staging.webstore4.com\/de\/wp-json\/wp\/v2\/product_tag?post=11652"}],"curies":[{"name":"wp","href":"https:\/\/api.w.org\/{rel}","templated":true}]}}