{"id":11795,"date":"2023-10-06T09:53:01","date_gmt":"2023-10-06T07:53:01","guid":{"rendered":"https:\/\/webstore4.com\/?post_type=product&#038;p=11795"},"modified":"2024-04-19T15:16:29","modified_gmt":"2024-04-19T14:16:29","slug":"ajax-fireprotect-wit-jeweller-2","status":"publish","type":"product","link":"https:\/\/staging.webstore4.com\/de\/product\/ajax-fireprotect-wit-jeweller-2\/","title":{"rendered":"Ajax FireProtect White Jeweler"},"content":{"rendered":"<p>De Ajax FireProtect Wit Jeweller is onderdeel van het Ajax Baseline alarmsysteem. Ajax is een toonaangevend bedrijf op het gebied van beveiligingsoplossingen. Met geavanceerde technologie\u00ebn en innovatieve producten bieden ze betrouwbare en effectieve beveiligingsoplossingen voor zowel particuliere als zakelijke klanten. Ajax systemen zijn eenvoudig te installeren en te bedienen, waardoor gebruikers een veilig gevoel hebben. Ajax Security Systems staat bekend om zijn hoogwaardige beveiligingsproducten die voldoen aan de strengste normen en eisen.<\/p>\n<p>Die App erm\u00f6glicht es, Benachrichtigungen \u00fcber Alarme und Ereignisse zu erhalten, Live-Videostreams anzusehen (sofern Kameras integriert sind) und den Status aller Sicherheitsger\u00e4te zu \u00fcberpr\u00fcfen. Die App bietet detaillierte Veranstaltungsinformationen und l\u00e4sst sich einfach \u00fcber mehrere Ger\u00e4te und Benutzer hinweg verwalten.<\/p>\n<p><strong>M\u00f6glichkeiten<\/strong><\/p>\n<p>Auch f\u00fcr den Brandschutz gibt es L\u00f6sungen von Ajax. Der Ajax FireProtect PLUS Black sch\u00fctzt die Umgebung vor Feuer und Rauch. Dieser kabellose Rauch- und W\u00e4rmemelder sendet bei Erkennung eines schnellen Temperaturanstiegs, von Kohlenmonoxid oder Rauch innerhalb einer Sekunde eine Meldung und verf\u00fcgt au\u00dferdem \u00fcber einen integrierten Alarm mit einer Lautst\u00e4rke von 85 Dezibel. Das Ger\u00e4t verf\u00fcgt \u00fcber ein Jeweler-Funkprotokoll, das einen schnellen Informationsaustausch zwischen den verschiedenen Alarmkomponenten von Ajax erm\u00f6glicht.<\/p>\n<p>Der Ajax FireProtect PLUS Black ist ein kabelloser Alarm, der in einer Entfernung von 1300 Metern (im freien Raum) vom zentralen Hub montiert werden kann. Der Ajax FireProtect PLUS Black wird mit zwei Batterien und einer Backup-Batterie mit einer erwarteten Lebensdauer von vier Jahren betrieben.<br \/>\nDe Ajax FireProtect Wit heeft een sabotage bescherming en voert op regelmatige basis een zelftestfunctie uit. Door de zelftestfunctie controleert het systeem zichzelf en worden eventuele problemen direct gemeld.<\/p>\n<p>Dieses Produkt besteht aus dem Ajax FireProtect 2 RB White, inklusive Batterien und einer Montageplatte f\u00fcr eine m\u00f6gliche Halterung. Die entsprechende Klammer kann unter \u201eOptionen\u201c hinzugef\u00fcgt werden.<\/p>\n<p>F\u00fcr weitere Spezifikationen empfehlen wir Ihnen, das Datenblatt zu konsultieren, das unter der Registerkarte \u201eDokumentation\u201c enthalten ist.<\/p>\n<p><strong>Wichtigste Funktionen<\/strong><\/p>\n<ul>\n<li>Steuerung \u00fcber Ajax-Anwendung<\/li>\n<li>Rauchmelder<\/li>\n<li>Brunsterkennung<\/li>\n<li>Eingebaute Sirene<\/li>\n<li>2-Wege-Kommunikation<\/li>\n<li>Batterien im Lieferumfang enthalten, Batterien sind von der Garantie ausgeschlossen<\/li>\n<li>Kann in einem Umkreis von bis zu 1300 Metern (Freifl\u00e4che) mit dem Ajax Hub verbunden werden.<\/li>\n<li>Wei\u00df<\/li>\n<\/ul>\n<p><a href=\"https:\/\/www.webstore4ipcameras.nl\/Copyright\" target=\"_blank\" rel=\"noopener\"><span style=\"color: #ff6e03; font-size: 11px;\">\u00a9 Der Text ist urheberrechtlich gesch\u00fctzt<\/span><\/a><\/p>\n<p><iframe title=\"Ajax fire detectors. Your protection in an imperfect world.\" width=\"960\" height=\"540\" src=\"https:\/\/www.youtube.com\/embed\/XZDNd3ud-ck?feature=oembed&#038;enablejsapi=1&#038;origin=https:\/\/staging.webstore4.com\" frameborder=\"0\" allow=\"accelerometer; autoplay; clipboard-write; encrypted-media; gyroscope; picture-in-picture; web-share\" allowfullscreen><\/iframe><\/p>","protected":false},"excerpt":{"rendered":"<p>De Ajax FireProtect Wit Jeweller is onderdeel van het Ajax Baseline alarmsysteem. Ajax is een toonaangevend bedrijf op het gebied van beveiligingsoplossingen. Met geavanceerde technologie\u00ebn en innovatieve producten bieden ze betrouwbare en effectieve beveiligingsoplossingen voor zowel particuliere als zakelijke klanten. Ajax systemen zijn eenvoudig te installeren en te bedienen, waardoor gebruikers een veilig gevoel hebben.<\/p>\n<div class=\"klb-readmore button\"><a class=\"btn link\" href=\"https:\/\/staging.webstore4.com\/de\/product\/ajax-fireprotect-wit-jeweller-2\/\">Mehr lesen <i class=\"klbth-icon-right-arrow\"><\/i><\/a><\/div>","protected":false},"featured_media":11769,"comment_status":"open","ping_status":"closed","template":"","meta":[],"pwb-brand":[3408],"product_cat":[3466,4224,4263],"product_tag":[],"class_list":{"0":"post-11795","1":"product","2":"type-product","3":"status-publish","4":"has-post-thumbnail","6":"pwb-brand-ajax-systems","7":"product_cat-alarm","8":"product_cat-alarmsystemen","9":"product_cat-ajax-baseline","10":"product_shipping_class-pakket","11":"pa_detectie-met-hitte-sensoren","12":"pa_detectie-met-rook-sensoren","13":"pa_kleur-wit","14":"pa_merk-ajax-systems","15":"pa_product-branddetectie","16":"pa_voeding-vervangbare-batterij","18":"first","19":"onbackorder","20":"taxable","21":"shipping-taxable","22":"purchasable","23":"product-type-simple"},"brands":[{"id":3408,"name":"Ajax Systems","slug":"ajax-systems"}],"_links":{"self":[{"href":"https:\/\/staging.webstore4.com\/de\/wp-json\/wp\/v2\/product\/11795","targetHints":{"allow":["GET"]}}],"collection":[{"href":"https:\/\/staging.webstore4.com\/de\/wp-json\/wp\/v2\/product"}],"about":[{"href":"https:\/\/staging.webstore4.com\/de\/wp-json\/wp\/v2\/types\/product"}],"replies":[{"embeddable":true,"href":"https:\/\/staging.webstore4.com\/de\/wp-json\/wp\/v2\/comments?post=11795"}],"wp:featuredmedia":[{"embeddable":true,"href":"https:\/\/staging.webstore4.com\/de\/wp-json\/wp\/v2\/media\/11769"}],"wp:attachment":[{"href":"https:\/\/staging.webstore4.com\/de\/wp-json\/wp\/v2\/media?parent=11795"}],"wp:term":[{"taxonomy":"pwb-brand","embeddable":true,"href":"https:\/\/staging.webstore4.com\/de\/wp-json\/wp\/v2\/pwb-brand?post=11795"},{"taxonomy":"product_cat","embeddable":true,"href":"https:\/\/staging.webstore4.com\/de\/wp-json\/wp\/v2\/product_cat?post=11795"},{"taxonomy":"product_tag","embeddable":true,"href":"https:\/\/staging.webstore4.com\/de\/wp-json\/wp\/v2\/product_tag?post=11795"}],"curies":[{"name":"wp","href":"https:\/\/api.w.org\/{rel}","templated":true}]}}