{"id":11946,"date":"2023-10-14T13:25:32","date_gmt":"2023-10-14T11:25:32","guid":{"rendered":"https:\/\/webstore4.com\/?post_type=product&#038;p=11946"},"modified":"2024-04-19T15:16:58","modified_gmt":"2024-04-19T14:16:58","slug":"ajax-waterstop-wit-1-2-dn15","status":"publish","type":"product","link":"https:\/\/staging.webstore4.com\/de\/product\/ajax-waterstop-wit-1-2-dn15\/","title":{"rendered":"Ajax WaterStop Wit 1\/2&#8243; DN15"},"content":{"rendered":"<p>De Ajax WaterStop Wit 1\/2&#8243; is onderdeel van het Ajax Baseline alarmsysteem. Ajax is een toonaangevend bedrijf op het gebied van beveiligingsoplossingen. Met geavanceerde technologie\u00ebn en innovatieve producten bieden ze betrouwbare en effectieve beveiligingsoplossingen voor zowel particuliere als zakelijke klanten. Ajax systemen zijn eenvoudig te installeren en te bedienen, waardoor gebruikers een veilig gevoel hebben. Ajax Security Systems staat bekend om zijn hoogwaardige beveiligingsproducten die voldoen aan de strengste normen en eisen.<\/p>\n<p>Die App erm\u00f6glicht es, Benachrichtigungen \u00fcber Alarme und Ereignisse zu erhalten, Live-Videostreams anzusehen (sofern Kameras integriert sind) und den Status aller Sicherheitsger\u00e4te zu \u00fcberpr\u00fcfen. Die App bietet detaillierte Veranstaltungsinformationen und l\u00e4sst sich einfach \u00fcber mehrere Ger\u00e4te und Benutzer hinweg verwalten.<\/p>\n<p><strong>M\u00f6glichkeiten<\/strong><\/p>\n<p>Der Ajax WaterStop Black 1\u2033 ist der kompakte kabellose Wasserstopp mit einem 1\u2033 (33,7 MM) Anschluss, der an bestehende Entw\u00e4sserungssysteme montiert werden kann. Mit dem Ajax WaterStop Black 1\u2033 DN25 ist es m\u00f6glich, ein Ventil innerhalb von f\u00fcnf Sekunden aus der Ferne zu schlie\u00dfen. Der Ajax WaterStop Black 1\u2033 arbeitet daher mit dem Ajax LeaksProtect oder einem externen Wasserleckdetektor zusammen, um Leckagen oder \u00dcberschwemmungen zu verhindern. Der leistungsstarke Antrieb sorgt daf\u00fcr, dass das Ventil in wenigen Sekunden geschlossen werden kann. Der Ajax WaterStop Black 1\u2033 muss in einem Abstand von 1100 Metern (Freifl\u00e4che) vom zentralen Hub montiert werden.<\/p>\n<p>Der Ajax WaterStop Black 1\u2033 kann sowohl f\u00fcr H\u00e4user als auch f\u00fcr Geb\u00e4udekomplexe installiert werden. \u00dcber die Ajax-Anwendung, in der das gesamte Alarmsystem verwaltet wird, k\u00f6nnen Namen von R\u00e4umen festgelegt werden, in denen sich der entsprechende Ajax LeaksProtect befindet. Dadurch ist es m\u00f6glich, mithilfe des Ajax LeaksProtect Informationen dar\u00fcber bereitzustellen, wo innerhalb des betreffenden Geb\u00e4udes ein Leck vorliegt, und der entsprechende Ajax WaterStop kann automatisch abgeschaltet werden.<\/p>\n<p>Der Ajax WaterStop Black 1\u2033 wird vollst\u00e4ndig mit der Ajax Systems-Anwendung verwaltet. Die Anwendung erm\u00f6glicht es, Benachrichtigungen zu empfangen, Szenarien festzulegen und den Ajax WaterStop Black 1\u2033 ein- und auszuschalten. Dar\u00fcber hinaus befindet sich am Ger\u00e4t selbst ein Ein- und Ausschalter. Das Ventil entspricht der Norm ISO 5211. Die ISO5211 ist die Norm, in der die Abmessungen des Montageflansches und des Anschlussvierkants von Stellantrieben zur Automatisierung von Ventilen genormt sind. Der Ajax WaterStop Black 1\u2033 ist bis zu 120 Grad vor \u00dcberhitzung gesch\u00fctzt. Das Geh\u00e4use verf\u00fcgt \u00fcber IP-56-Schutz und Manipulationsschutz und das System kann mit Kalt- und Warmwasserleitungen verwendet werden.<\/p>\n<p>Der Ajax WaterStop Black 1\u2033 ist aus massivem Kupfer gefertigt und verf\u00fcgt \u00fcber vier vorinstallierte Batterien mit einer maximalen Lebensdauer von drei Jahren. Dar\u00fcber hinaus kann der Ajax WaterStop Black 1\u2033 mit einem 9-12 V Netzteil betrieben werden. Passende Netzteile finden Sie unter \u201eOptionen\u201c. Der Ajax WaterStop Black 1\u2033 verf\u00fcgt au\u00dferdem \u00fcber einen Schutz vor Betrug, Manipulation und Blockierung. Unter Jamming versteht man die St\u00f6rung von Funksignalen. Das komplette Kit wird mit einem Absperrventil von Bonomi Industries geliefert.<\/p>\n<p>F\u00fcr weitere Spezifikationen empfehlen wir Ihnen, das Datenblatt zu konsultieren, das unter der Registerkarte \u201eDokumentation\u201c enthalten ist.<\/p>\n<p><strong>Wichtigste Funktionen<\/strong><\/p>\n<ul>\n<li>Funktioniert mit dem HUB PLUS, HUB 2 (2G), HUB 2 (4G), HUB 2 PLUS, HUB Hybrid (2G) und dem HUB Hybrid (4G)<\/li>\n<li>Funktioniert mit den Signalverst\u00e4rkern ReX und ReX2<\/li>\n<li>Anschlie\u00dfbar an f\u00fcnf Signalverst\u00e4rker, wodurch das Ger\u00e4t auch \u00fcber gr\u00f6\u00dfere Entfernungen einsetzbar ist<\/li>\n<li>Drehmoment bis 8,5 Nm<\/li>\n<li>Betriebsdruck 10 bar<\/li>\n<li>Schaltet innerhalb von 5 Sekunden ab, es sei denn, das Ventil ist verstopft oder klemmt<\/li>\n<li>Steuerung \u00fcber Ajax-Anwendung<\/li>\n<li>Manipulationsschutz<\/li>\n<li>Erkennung von Kommunikationsfehlern in 36 Sekunden<\/li>\n<li>2-Wege-Kommunikation<\/li>\n<li>IP-56-Geh\u00e4use<\/li>\n<li>Inklusive Batterie, Batterie ist von der Garantie ausgeschlossen<\/li>\n<li>Stromversorgung \u00fcber Batterie oder 9-12 V m\u00f6glich<\/li>\n<li>NO\/NC-Status<\/li>\n<li>Kann in einem Umkreis von bis zu 1100 Metern (Freifl\u00e4che) mit dem Ajax Hub verbunden werden.<\/li>\n<li>Wei\u00df<\/li>\n<\/ul>\n<p><a href=\"https:\/\/www.webstore4ipcameras.nl\/Copyright\" target=\"_blank\" rel=\"noopener\"><span style=\"color: #ff6e03; font-size: 11px;\">\u00a9 Der Text ist urheberrechtlich gesch\u00fctzt<\/span><\/a><\/p>\n<p><iframe title=\"Ajax WaterStop: Fernsteuerbares elektrisches Absperrventil f\u00fcr die Wasserversorgung\" width=\"960\" height=\"540\" src=\"https:\/\/www.youtube.com\/embed\/ePMA-iwGuTc?feature=oembed&#038;enablejsapi=1&#038;origin=https:\/\/staging.webstore4.com\" frameborder=\"0\" allow=\"accelerometer; autoplay; clipboard-write; encrypted-media; gyroscope; picture-in-picture; web-share\" allowfullscreen><\/iframe><\/p>","protected":false},"excerpt":{"rendered":"<p>De Ajax WaterStop Wit 1\/2&#8243; is onderdeel van het Ajax Baseline alarmsysteem. Ajax is een toonaangevend bedrijf op het gebied van beveiligingsoplossingen. Met geavanceerde technologie\u00ebn en innovatieve producten bieden ze betrouwbare en effectieve beveiligingsoplossingen voor zowel particuliere als zakelijke klanten. Ajax systemen zijn eenvoudig te installeren en te bedienen, waardoor gebruikers een veilig gevoel hebben.<\/p>\n<div class=\"klb-readmore button\"><a class=\"btn link\" href=\"https:\/\/staging.webstore4.com\/de\/product\/ajax-waterstop-wit-1-2-dn15\/\">Mehr lesen <i class=\"klbth-icon-right-arrow\"><\/i><\/a><\/div>","protected":false},"featured_media":11948,"comment_status":"closed","ping_status":"closed","template":"","meta":[],"pwb-brand":[3408],"product_cat":[3466,4224,4263],"product_tag":[],"class_list":{"0":"post-11946","1":"product","2":"type-product","3":"status-publish","4":"has-post-thumbnail","6":"pwb-brand-ajax-systems","7":"product_cat-alarm","8":"product_cat-alarmsystemen","9":"product_cat-ajax-baseline","10":"product_shipping_class-pakket","11":"pa_kleur-wit","12":"pa_merk-ajax-systems","13":"pa_product-waterdetectie","15":"first","16":"onbackorder","17":"taxable","18":"shipping-taxable","19":"purchasable","20":"product-type-simple"},"brands":[{"id":3408,"name":"Ajax Systems","slug":"ajax-systems"}],"_links":{"self":[{"href":"https:\/\/staging.webstore4.com\/de\/wp-json\/wp\/v2\/product\/11946","targetHints":{"allow":["GET"]}}],"collection":[{"href":"https:\/\/staging.webstore4.com\/de\/wp-json\/wp\/v2\/product"}],"about":[{"href":"https:\/\/staging.webstore4.com\/de\/wp-json\/wp\/v2\/types\/product"}],"replies":[{"embeddable":true,"href":"https:\/\/staging.webstore4.com\/de\/wp-json\/wp\/v2\/comments?post=11946"}],"wp:featuredmedia":[{"embeddable":true,"href":"https:\/\/staging.webstore4.com\/de\/wp-json\/wp\/v2\/media\/11948"}],"wp:attachment":[{"href":"https:\/\/staging.webstore4.com\/de\/wp-json\/wp\/v2\/media?parent=11946"}],"wp:term":[{"taxonomy":"pwb-brand","embeddable":true,"href":"https:\/\/staging.webstore4.com\/de\/wp-json\/wp\/v2\/pwb-brand?post=11946"},{"taxonomy":"product_cat","embeddable":true,"href":"https:\/\/staging.webstore4.com\/de\/wp-json\/wp\/v2\/product_cat?post=11946"},{"taxonomy":"product_tag","embeddable":true,"href":"https:\/\/staging.webstore4.com\/de\/wp-json\/wp\/v2\/product_tag?post=11946"}],"curies":[{"name":"wp","href":"https:\/\/api.w.org\/{rel}","templated":true}]}}