{"id":11998,"date":"2023-10-16T16:53:01","date_gmt":"2023-10-16T14:53:01","guid":{"rendered":"https:\/\/webstore4.com\/?post_type=product&#038;p=11998"},"modified":"2024-04-19T15:17:01","modified_gmt":"2024-04-19T14:17:01","slug":"ajax-motioncam-outdoor-wit-met-fotocamera","status":"publish","type":"product","link":"https:\/\/staging.webstore4.com\/de\/product\/ajax-motioncam-outdoor-wit-met-fotocamera\/","title":{"rendered":"Ajax MotionCam Outdoor Wei\u00df mit Fotokamera"},"content":{"rendered":"<p>De Ajax MotionCam Outdoor Wit is onderdeel van het Ajax Baseline alarmsysteem. Ajax is een toonaangevend bedrijf op het gebied van beveiligingsoplossingen. Met geavanceerde technologie\u00ebn en innovatieve producten bieden ze betrouwbare en effectieve beveiligingsoplossingen voor zowel particuliere als zakelijke klanten. Ajax systemen zijn eenvoudig te installeren en te bedienen, waardoor gebruikers een veilig gevoel hebben. Ajax Security Systems staat bekend om zijn hoogwaardige beveiligingsproducten die voldoen aan de strengste normen en eisen.<\/p>\n<p>Die App erm\u00f6glicht es, Benachrichtigungen \u00fcber Alarme und Ereignisse zu erhalten, Live-Videostreams anzusehen (sofern Kameras integriert sind) und den Status aller Sicherheitsger\u00e4te zu \u00fcberpr\u00fcfen. Die App bietet detaillierte Veranstaltungsinformationen und l\u00e4sst sich einfach \u00fcber mehrere Ger\u00e4te und Benutzer hinweg verwalten.<\/p>\n<p><strong>M\u00f6glichkeiten<\/strong><\/p>\n<p>Der Ajax MotionCam Outdoor PhOD White ist ein kabelloser Bewegungsmelder f\u00fcr den Einsatz im Au\u00dfenbereich. Die Ajax MotionCam Outdoor PhOD White ist eine fortschrittliche MotionCam innerhalb des Ajax Baseline-Alarmsystems, da dieser Bewegungsmelder sofort Fotos des Eindringlings auf dem \u00fcberwachten Gel\u00e4nde aufnimmt. Nachdem eine Bewegung erkannt und der Alarm aktiviert wurde, beginnt die Ajax MotionCam Outdoor PhOD White sofort mit der Aufnahme von Fotos. Die Serie besteht aus maximal f\u00fcnf Fotos und kann auf Wunsch im Alarmfall, durch Szenarien oder mit der PhOD-Version erstellt werden. Dar\u00fcber hinaus k\u00f6nnen Sie \u00fcber die Ajax-Anwendung auch \u201elive\u201c in der \u00fcberwachten Umgebung zuschauen.<\/p>\n<p>Die Ajax MotionCam Outdoor PhOD White verf\u00fcgt \u00fcber eine einstellbare Bewegungserkennung, die es erm\u00f6glicht, Entfernungen von drei bis maximal f\u00fcnfzehn Metern zu erkennen. Dank der HDR-Technologie und der IR-Hintergrundbeleuchtung liefert die Kamera auch nachts gute Fotos.<br \/>\nAnhand der Fotos l\u00e4sst sich sofort feststellen, wie viele Eindringlinge es gibt und ob sie bewaffnet sind. Dar\u00fcber hinaus k\u00f6nnen die Fotos als Beweismittel dienen.<\/p>\n<p>De Ajax MotionCam Outdoor Wit is een geavanceerd apparaat die is uitgerust met een Tweestaps-algoritme. Dit algoritme zorgt er voor dat de Ajax MotionCam Outdoor Wit geen valse alarmen afgeeft. Omdat de Ajax MotionCam Outdoor Wit voor buiten gebruikt kan worden, waar continu beweging is en allerlei dieren zijn, is het belangrijk dat de Ajax MotionCam Outdoor Wit \u00a0verschil kan maken tussen mens, weersomstandigheden en dier. Door gebruik van twee PIR-sensoren in combinatie met de signaalanalyse LISA wordt dit voorkomen. LISA staat voor Live, Intelligent, Spectrum, Analysis. De Ajax MotionProtect Outdoor Wit moet binnen een afstand van 1700 meter (open ruimte) van de centrale Hub gemonteerd worden.<\/p>\n<p>Die Ajax MotionCam Outdoor PhOD White benachrichtigt den zentralen Hub innerhalb von zwei Sekunden. Da das Ajax MotionProtect Outdoor White mit einem intelligenten Maskierungsschutzsystem und einer Sabotagetaste ausgestattet ist, erkennt das Ger\u00e4t sofort, wenn es blockiert oder beispielsweise lackiert ist. Dar\u00fcber hinaus \u00fcberpr\u00fcft das System sich selbst hinsichtlich der Kommunikation und erkennt Kommunikationsverluste sechsunddrei\u00dfig Sekunden.<\/p>\n<p>Alarmmeldungen erreichen den zentralen Hub in 0,15 Sekunden. Dar\u00fcber hinaus ist die Ajax MotionCam Outdoor PhOD White laut IP55-Klasse gut vor Witterungseinfl\u00fcssen gesch\u00fctzt. Das Ger\u00e4t funktioniert zwischen 60 Grad und minus 25 Grad weiter und ist mit einer Haube zum Schutz vor Schnee und Regen ausgestattet. Der Ajax MotionProtect Outdoor White verf\u00fcgt au\u00dferdem \u00fcber einen Schutz vor Betrug, Manipulation und Einklemmung. Unter Jamming versteht man die St\u00f6rung von Funksignalen. Die Funksignale werden entsprechend dem Juwelier-Funksignal gesendet.<\/p>\n<p>Die Ajax MotionCam Outdoor PhOD White verf\u00fcgt \u00fcber vier vorinstallierte Batterien mit einer maximalen Lebensdauer von drei Jahren. Bei Verwendung der Funktion \u201eEintrittsverz\u00f6gerung\u201c verk\u00fcrzt sich diese auf maximal zweieinhalb Jahre. Die Funktion \u201eEintrittsverz\u00f6gerung\u201c bedeutet, dass der Alarm beim Betreten des Geb\u00e4udes verz\u00f6gert aktiviert wird. Auf diese Weise hat die Person, die hereinkommt, Zeit, den Alarm auszuschalten.<\/p>\n<p>Die Ajax MotionCam Outdoor PhOD White wurde mit einer klaren Aufteilung der Ger\u00e4terechte, Datenverschl\u00fcsselung und gem\u00e4\u00df den neuesten Regeln der DSGVO entwickelt. In Kombination mit einem detaillierten Logbuch stellt dies sicher, dass die Privatsph\u00e4re nicht beeintr\u00e4chtigt wird.<\/p>\n<p>Dieses Produkt besteht aus dem Ajax MotionProtect Outdoor White, inklusive vorinstallierter Batterien und einer Montageplatte f\u00fcr eine m\u00f6gliche Halterung. Die entsprechende Klammer kann unter \u201eOptionen\u201c hinzugef\u00fcgt werden.<\/p>\n<p>F\u00fcr weitere Spezifikationen empfehlen wir Ihnen, das Datenblatt zu konsultieren, das unter der Registerkarte \u201eDokumentation\u201c enthalten ist.<\/p>\n<p><strong>Wichtigste Funktionen<\/strong><\/p>\n<ul>\n<li>Functioneert enkel met de HUB 2 en HUB 2 PLUS<\/li>\n<li>Funktionen <strong>nicht<\/strong> met ReX signaalversterkers<\/li>\n<li>Bewegungssensor bis zu 3-15 Meter Entfernung<\/li>\n<li>Horizontaler Erfassungswinkel von 90 Grad<\/li>\n<li>Vertikaler Erfassungswinkel von 80 Grad<\/li>\n<li>Fotoaufl\u00f6sung von 320\u00d7176 Pixel<\/li>\n<li>Empfohlene Installationsh\u00f6he 0,8 bis 1,3 Meter<\/li>\n<li>Hitzebest\u00e4ndig bis 60 Grad<\/li>\n<li>K\u00e4ltebest\u00e4ndig bis -25 Grad<\/li>\n<li>Immunit\u00e4t f\u00fcr Tiere<\/li>\n<li>Steuerung \u00fcber Ajax-Anwendung<\/li>\n<li>2-Wege-Kommunikation<\/li>\n<li>Batterien im Lieferumfang enthalten, Batterien sind von der Garantie ausgeschlossen<\/li>\n<li>IP55-Geh\u00e4use<\/li>\n<li>Kann in einem Umkreis von bis zu 1700 Metern (Freifl\u00e4che) mit dem Ajax Hub verbunden werden.<\/li>\n<li>Wei\u00df<\/li>\n<\/ul>\n<p><a href=\"https:\/\/www.webstore4ipcameras.nl\/Copyright\" target=\"_blank\" rel=\"noopener\"><span style=\"color: #ff6e03; font-size: 11px;\">\u00a9 Der Text ist urheberrechtlich gesch\u00fctzt<\/span><\/a><\/p>\n<div style=\"width: 960px;\" class=\"wp-video\"><!--[if lt IE 9]><script>document.createElement('video');<\/script><![endif]-->\n<video class=\"wp-video-shortcode\" id=\"video-11998-1\" width=\"960\" height=\"540\" preload=\"metadata\" controls=\"controls\"><source type=\"video\/mp4\" src=\"https:\/\/staging.webstore4.com\/wp-content\/uploads\/2023\/10\/Ajax-MotionCamOUTDOOR-WebStore4.mp4?_=1\" \/><a href=\"https:\/\/staging.webstore4.com\/wp-content\/uploads\/2023\/10\/Ajax-MotionCamOUTDOOR-WebStore4.mp4\">https:\/\/staging.webstore4.com\/wp-content\/uploads\/2023\/10\/Ajax-MotionCamOUTDOOR-WebStore4.mp4<\/a><\/video><\/div>","protected":false},"excerpt":{"rendered":"<p>De Ajax MotionCam Outdoor Wit is onderdeel van het Ajax Baseline alarmsysteem. Ajax is een toonaangevend bedrijf op het gebied van beveiligingsoplossingen. Met geavanceerde technologie\u00ebn en innovatieve producten bieden ze betrouwbare en effectieve beveiligingsoplossingen voor zowel particuliere als zakelijke klanten. Ajax systemen zijn eenvoudig te installeren en te bedienen, waardoor gebruikers een veilig gevoel hebben.<\/p>\n<div class=\"klb-readmore button\"><a class=\"btn link\" href=\"https:\/\/staging.webstore4.com\/de\/product\/ajax-motioncam-outdoor-wit-met-fotocamera\/\">Mehr lesen <i class=\"klbth-icon-right-arrow\"><\/i><\/a><\/div>","protected":false},"featured_media":11997,"comment_status":"closed","ping_status":"closed","template":"","meta":[],"pwb-brand":[3408],"product_cat":[3466,4224,4263],"product_tag":[],"class_list":{"0":"post-11998","1":"product","2":"type-product","3":"status-publish","4":"has-post-thumbnail","6":"pwb-brand-ajax-systems","7":"product_cat-alarm","8":"product_cat-alarmsystemen","9":"product_cat-ajax-baseline","10":"product_shipping_class-pakket","11":"pa_kleur-wit","12":"pa_merk-ajax-systems","13":"pa_product-bewegingsdetectie","15":"first","16":"onbackorder","17":"taxable","18":"shipping-taxable","19":"purchasable","20":"product-type-simple"},"brands":[{"id":3408,"name":"Ajax Systems","slug":"ajax-systems"}],"_links":{"self":[{"href":"https:\/\/staging.webstore4.com\/de\/wp-json\/wp\/v2\/product\/11998","targetHints":{"allow":["GET"]}}],"collection":[{"href":"https:\/\/staging.webstore4.com\/de\/wp-json\/wp\/v2\/product"}],"about":[{"href":"https:\/\/staging.webstore4.com\/de\/wp-json\/wp\/v2\/types\/product"}],"replies":[{"embeddable":true,"href":"https:\/\/staging.webstore4.com\/de\/wp-json\/wp\/v2\/comments?post=11998"}],"wp:featuredmedia":[{"embeddable":true,"href":"https:\/\/staging.webstore4.com\/de\/wp-json\/wp\/v2\/media\/11997"}],"wp:attachment":[{"href":"https:\/\/staging.webstore4.com\/de\/wp-json\/wp\/v2\/media?parent=11998"}],"wp:term":[{"taxonomy":"pwb-brand","embeddable":true,"href":"https:\/\/staging.webstore4.com\/de\/wp-json\/wp\/v2\/pwb-brand?post=11998"},{"taxonomy":"product_cat","embeddable":true,"href":"https:\/\/staging.webstore4.com\/de\/wp-json\/wp\/v2\/product_cat?post=11998"},{"taxonomy":"product_tag","embeddable":true,"href":"https:\/\/staging.webstore4.com\/de\/wp-json\/wp\/v2\/product_tag?post=11998"}],"curies":[{"name":"wp","href":"https:\/\/api.w.org\/{rel}","templated":true}]}}