{"id":12000,"date":"2023-10-16T17:11:37","date_gmt":"2023-10-16T15:11:37","guid":{"rendered":"https:\/\/webstore4.com\/?post_type=product&#038;p=12000"},"modified":"2025-02-26T08:49:55","modified_gmt":"2025-02-26T07:49:55","slug":"ajax-motioncam-phod-zwart","status":"publish","type":"product","link":"https:\/\/staging.webstore4.com\/de\/product\/ajax-motioncam-phod-zwart\/","title":{"rendered":"Ajax MotionCam PhOD Black Kabelloser IR-Bewegungsmelder mit Fotokamera"},"content":{"rendered":"<p>Die Ajax BulletCam Black ist Teil des Ajax Baseline-Alarmsystems. Ajax ist ein f\u00fchrendes Unternehmen im Bereich Sicherheitsl\u00f6sungen. Mit fortschrittlichen Technologien und innovativen Produkten bieten sie zuverl\u00e4ssige und effektive Sicherheitsl\u00f6sungen f\u00fcr Privat- und Gesch\u00e4ftskunden. Ihre Systeme sind einfach zu installieren und zu bedienen und geben den Benutzern ein Gef\u00fchl der Sicherheit. Ajax Security Systems ist bekannt f\u00fcr seine hochwertigen Sicherheitsprodukte, die die strengsten Standards und Anforderungen erf\u00fcllen.<\/p>\n<p>Ajax bietet zu seinen Produkten eine kostenlose App an, die mit dem zentralen Hub kommuniziert, an den bis zu f\u00fcnfzig Benutzer und hundert Ger\u00e4te angeschlossen werden k\u00f6nnen. Die App erm\u00f6glicht es, Benachrichtigungen \u00fcber Alarme und Ereignisse zu erhalten, Live-Videostreams anzusehen und den Status aller Sicherheitsger\u00e4te zu \u00fcberpr\u00fcfen. Die App bietet detaillierte Veranstaltungsinformationen und l\u00e4sst sich einfach \u00fcber mehrere Ger\u00e4te und Benutzer hinweg verwalten.<\/p>\n<p><strong>M\u00f6glichkeiten<\/strong><\/p>\n<p>De Ajax MotionCam PhOD Zwart is geen gewone bewegingssensor; het is een slim en draadloos beveiligingsapparaat dat uw beveiliging naar een hoger niveau tilt. De Ajax MotionCam PhOD Zwart is een draadloze IR-bewegingsdetector met fotocamera die voorzien is van een sabotage bescherming. Met een indrukwekkende cameraresolutie van 2 megapixels legt het scherpe beelden vast, ook in omstandigheden met weinig licht. Hierdoor kunt u verdachte gebeurtenissen en indringers met absolute duidelijkheid zien. De Ajax MotionCam PhOD Zwart werkt enkel samen met de AJAX Hub 2, Hub 2 PLUS of Hub Hybrid en dient binnen 1700 meter met de centrale Hub verbonden te worden. Onder &#8216;Opties&#8217; staan de Hub 2 en de Hub 2 PLUS aangegeven.<\/p>\n<p>De Ajax MotionCam PhOD Zwart maakt gebruik van een passieve infrarood (PIR) technologie om bewegingen te detecteren binnen het bewaakte gebied van maximaal 12 meter afstand. De camera wordt direct geactiveerd bij beweging en stuurt de foto&#8217;s van de gebeurtenis binnen enkele seconden door naar de Hub.<br \/>\nDe serie foto&#8217;s bestaat uit maximaal vijf foto&#8217;s en kan gecre\u00eberd worden bij alarm, door scenario&#8217;s of bij de PhOD-versie op aanvraag. De foto&#8217;s worden binnen negen seconden gedeeld met de gebruikers.<br \/>\nDa der Ajax MotionProtect Black \u00fcber einen fortschrittlichen Algorithmus verf\u00fcgt, kann er zwischen menschlichen Bewegungen und den Bewegungen von Objekten oder Tieren unterscheiden.<\/p>\n<p>De Ajax MotionCam PhOD Zwart heeft vier voor ge\u00efnstalleerde batterijen met een maximale levensduur van vier jaar, bij gebruik van de functie &#8216;Foto op aanvraag&#8217; zal dit tot maximaal drie en half jaar verkorten. De PhOD in Ajax MotionCam PhOD Zwart staat voor het maken van foto&#8217;s op aanvraag. Dit betekend dat naast situaties waarin het alarm geactiveerd wordt, er ook op aanvraag via de applicatie van Ajax foto&#8217;s gemaakt kunnen worden.<br \/>\nDieses Produkt besteht aus dem Ajax MotionProtect Outdoor White, inklusive vorinstallierter Batterien und einer Montageplatte f\u00fcr eine m\u00f6gliche Halterung. Die entsprechende Klammer kann unter \u201eOptionen\u201c hinzugef\u00fcgt werden.<\/p>\n<p>F\u00fcr weitere Spezifikationen empfehlen wir Ihnen, das Datenblatt zu konsultieren, das unter der Registerkarte \u201eDokumentation\u201c enthalten ist.<\/p>\n<p><strong>Wichtigste Funktionen<br \/>\n<\/strong><\/p>\n<ul>\n<li>Mit dieser Version k\u00f6nnen auch Fotos auf Abruf aufgenommen werden (Photo On Demand)<\/li>\n<li>Funktioniert nur mit dem HUB 2 (2G), HUB 2 (4G), HUB 2 PLUS, HUB HYBRID oder HUB HYBDRID 2<\/li>\n<li>Funktioniert nur mit ReX 2 Signalverst\u00e4rker<\/li>\n<li>Bewegingsdetectie tot 12 meter afstand<\/li>\n<li>Detectiehoek horizontaal van 88,5 graden<\/li>\n<li>Vertikaler Erfassungswinkel von 80 Grad<\/li>\n<li>Fotoresolutie van 320&#215;240 pixels<\/li>\n<li>Empfohlene Installationsh\u00f6he 2,4 Meter<\/li>\n<li>Immunit\u00e4t f\u00fcr Tiere<\/li>\n<li>Steuerung \u00fcber Ajax-Anwendung<\/li>\n<li>2-Wege-Kommunikation<\/li>\n<li>Batterien im Lieferumfang enthalten, Batterien sind von der Garantie ausgeschlossen<\/li>\n<li>IP55-Geh\u00e4use<\/li>\n<li>Kann in einem Umkreis von bis zu 1700 Metern (Freifl\u00e4che) mit dem Ajax Hub verbunden werden.<\/li>\n<li>Schwarz<\/li>\n<\/ul>\n<p>WebStore4 ist offizieller H\u00e4ndler von Ajax Systems. Bestellen Sie Alarmsysteme von Ajax Systems einfach und schnell \u00fcber unseren Webshop. Alle Elemente k\u00f6nnen auch einzeln bestellt werden. Gerne beraten wir Sie fachkundig \u00fcber die M\u00f6glichkeiten des Ajax-Systems. Bei gr\u00f6\u00dferen Projekten k\u00f6nnen wir attraktive Preise anbieten und Hilfe bei der Montage der richtigen Teile anbieten.<\/p>\n<p>Wussten Sie, dass Ajax Systems ein zertifiziertes drahtloses Alarmsystem ist? Neben einem Alarmsystem ist Ajax Systems auch ein Smart-Home-System. Dadurch besteht auch die M\u00f6glichkeit, eine IP-Kamera in das System zu integrieren.<\/p>\n<p><a href=\"https:\/\/staging.webstore4.com\/Copyright\/\" target=\"_blank\" rel=\"noopener\"><span style=\"color: #ff6e03; font-size: 11px;\">\u00a9 Der Text ist urheberrechtlich gesch\u00fctzt<\/span><\/a><\/p>\n<div style=\"width: 960px;\" class=\"wp-video\"><!--[if lt IE 9]><script>document.createElement('video');<\/script><![endif]-->\n<video class=\"wp-video-shortcode\" id=\"video-12000-1\" width=\"960\" height=\"540\" preload=\"metadata\" controls=\"controls\"><source type=\"video\/mp4\" src=\"https:\/\/staging.webstore4.com\/wp-content\/uploads\/2023\/10\/Ajax-MotionCamINDOOR-WebStore4.mp4?_=1\" \/><a href=\"https:\/\/staging.webstore4.com\/wp-content\/uploads\/2023\/10\/Ajax-MotionCamINDOOR-WebStore4.mp4\">https:\/\/staging.webstore4.com\/wp-content\/uploads\/2023\/10\/Ajax-MotionCamINDOOR-WebStore4.mp4<\/a><\/video><\/div>\n<p>&nbsp;<\/p>","protected":false},"excerpt":{"rendered":"<p>De Ajax MotionCam PhOD Zwart is onderdeel van het Ajax Baseline alarmsysteem. Ajax is een toonaangevend bedrijf op het gebied van beveiligingsoplossingen. Met geavanceerde technologie\u00ebn en innovatieve producten bieden ze betrouwbare en effectieve beveiligingsoplossingen voor zowel particuliere als zakelijke klanten. Hun systemen zijn eenvoudig te installeren en te bedienen, waardoor gebruikers een veilig gevoel hebben.<\/p>\n<div class=\"klb-readmore button\"><a class=\"btn link\" href=\"https:\/\/staging.webstore4.com\/de\/product\/ajax-motioncam-phod-zwart\/\">Mehr lesen <i class=\"klbth-icon-right-arrow\"><\/i><\/a><\/div>","protected":false},"featured_media":11657,"comment_status":"closed","ping_status":"closed","template":"","meta":[],"pwb-brand":[3408],"product_cat":[3466,4224,4263],"product_tag":[],"class_list":{"0":"post-12000","1":"product","2":"type-product","3":"status-publish","4":"has-post-thumbnail","6":"pwb-brand-ajax-systems","7":"product_cat-alarm","8":"product_cat-alarmsystemen","9":"product_cat-ajax-baseline","10":"product_shipping_class-pakket","11":"pa_aanbieding-sale","12":"pa_kleur-zwart","13":"pa_merk-ajax-systems","14":"pa_product-bewegingsdetectie","16":"first","17":"onbackorder","18":"sale","19":"taxable","20":"shipping-taxable","21":"purchasable","22":"product-type-simple"},"brands":[{"id":3408,"name":"Ajax Systems","slug":"ajax-systems"}],"_links":{"self":[{"href":"https:\/\/staging.webstore4.com\/de\/wp-json\/wp\/v2\/product\/12000","targetHints":{"allow":["GET"]}}],"collection":[{"href":"https:\/\/staging.webstore4.com\/de\/wp-json\/wp\/v2\/product"}],"about":[{"href":"https:\/\/staging.webstore4.com\/de\/wp-json\/wp\/v2\/types\/product"}],"replies":[{"embeddable":true,"href":"https:\/\/staging.webstore4.com\/de\/wp-json\/wp\/v2\/comments?post=12000"}],"wp:featuredmedia":[{"embeddable":true,"href":"https:\/\/staging.webstore4.com\/de\/wp-json\/wp\/v2\/media\/11657"}],"wp:attachment":[{"href":"https:\/\/staging.webstore4.com\/de\/wp-json\/wp\/v2\/media?parent=12000"}],"wp:term":[{"taxonomy":"pwb-brand","embeddable":true,"href":"https:\/\/staging.webstore4.com\/de\/wp-json\/wp\/v2\/pwb-brand?post=12000"},{"taxonomy":"product_cat","embeddable":true,"href":"https:\/\/staging.webstore4.com\/de\/wp-json\/wp\/v2\/product_cat?post=12000"},{"taxonomy":"product_tag","embeddable":true,"href":"https:\/\/staging.webstore4.com\/de\/wp-json\/wp\/v2\/product_tag?post=12000"}],"curies":[{"name":"wp","href":"https:\/\/api.w.org\/{rel}","templated":true}]}}