{"id":12065,"date":"2023-10-19T20:42:56","date_gmt":"2023-10-19T18:42:56","guid":{"rendered":"https:\/\/webstore4.com\/?post_type=product&#038;p=12065"},"modified":"2025-02-26T20:34:07","modified_gmt":"2025-02-26T19:34:07","slug":"ajax-12v-24v-psu-voedingsprint-voor-hub-2-hub-2-plus-en-rex-2","status":"publish","type":"product","link":"https:\/\/staging.webstore4.com\/de\/product\/ajax-12v-24v-psu-voedingsprint-voor-hub-2-hub-2-plus-en-rex-2\/","title":{"rendered":"Ajax 12V-24V Netzteilplatine f\u00fcr HUB 2, HUB 2 PLUS und ReX 2"},"content":{"rendered":"<p>Die Ajax BulletCam Black ist Teil des Ajax Baseline-Alarmsystems. Ajax ist ein f\u00fchrendes Unternehmen im Bereich Sicherheitsl\u00f6sungen. Mit fortschrittlichen Technologien und innovativen Produkten bieten sie zuverl\u00e4ssige und effektive Sicherheitsl\u00f6sungen f\u00fcr Privat- und Gesch\u00e4ftskunden. Ihre Systeme sind einfach zu installieren und zu bedienen und geben den Benutzern ein Gef\u00fchl der Sicherheit. Ajax Security Systems ist bekannt f\u00fcr seine hochwertigen Sicherheitsprodukte, die die strengsten Standards und Anforderungen erf\u00fcllen.<\/p>\n<p>Die App erm\u00f6glicht es, Benachrichtigungen \u00fcber Alarme und Ereignisse zu erhalten, Live-Videostreams anzusehen (sofern Kameras integriert sind) und den Status aller Sicherheitsger\u00e4te zu \u00fcberpr\u00fcfen. Die App bietet detaillierte Veranstaltungsinformationen und l\u00e4sst sich einfach \u00fcber mehrere Ger\u00e4te und Benutzer hinweg verwalten.<\/p>\n<p><strong>M\u00f6glichkeiten<\/strong><\/p>\n<p>Das Ajax 12V-24V-Netzteil ist f\u00fcr den Anschluss an die Zentralen HUB 2 oder HUB 2 PLUS vorgesehen, das Ajax 12V-24V-Netzteil kann auch an den ReX 2-Signalverst\u00e4rker angeschlossen werden. Der Zweck des Ajax 12V-24V-Netzteils besteht darin, Niederspannung zu erzeugen. Das Ajax-Alarmsystem kann auch Geb\u00e4ude alarmieren, die \u00fcber keine oder eine schlechte Stromversorgung verf\u00fcgen. So k\u00f6nnte die Alarmanlage sogar \u00fcber Batterien mit Strom versorgt werden, was die Alarmanlage sogar mobil f\u00fcr das Wohnmobil oder Boot macht.<\/p>\n<p>Der Installateur ben\u00f6tigt einen Schraubendreher (PH1) und das Installationshandbuch und kann in zehn Minuten das Standardnetzteil des Hubs oder Signalverst\u00e4rkers durch eine alternative Stromquelle ersetzen. Das 12 V \u2013 24 V Netzteil (PSU) ist im Ger\u00e4tegeh\u00e4use verbaut und ersetzt das vorinstallierte 110\/230 V Netzteil.<\/p>\n<p>Das Ajax 12V-24V-Netzteil hat gegen\u00fcber dem Ajax 12V-Netzteil den Vorteil, dass eine Stromversorgungsplatine mit 24 V erstellt werden kann und diese Stromversorgungsplatine auch mit Systemen verwendet werden kann, die eine Fotoverifizierung verwenden.<\/p>\n<p>F\u00fcr weitere Spezifikationen und das Benutzerhandbuch empfehlen wir Ihnen, die Dokumentation zu konsultieren, die unter der Registerkarte \u201eDokumentation\u201c enthalten ist.<\/p>\n<p><strong>Wichtigste Funktionen<\/strong><\/p>\n<ul>\n<li>Funktioniert nur mit den Signalverst\u00e4rkern HUB 2, HUB 2 PLUS und ReX 2<\/li>\n<li>Erm\u00f6glicht den Einsatz des Ajax-Alarmsystems in Situationen mit geringer oder keiner Stromversorgung<\/li>\n<li>Steuerung \u00fcber Ajax-Anwendung<\/li>\n<li>Direkter Anschluss an den Signalverst\u00e4rker HUB 2, HUB 2 PLUS oder ReX 2<\/li>\n<\/ul>\n<p><a href=\"https:\/\/www.webstore4ipcameras.nl\/Copyright\" target=\"_blank\" rel=\"noopener\"><span style=\"color: #ff6e03; font-size: 11px;\">\u00a9 Der Text ist urheberrechtlich gesch\u00fctzt<\/span><\/a><\/p>\n<p><iframe title=\"Einbau der alternativen Stromversorgung in einen Ajax-Hub oder Signalverst\u00e4rker\" src=\"https:\/\/www.youtube.com\/embed\/XF9DAhwH2Bg\" width=\"674\" height=\"379\" frameborder=\"0\" allowfullscreen=\"allowfullscreen\"><\/iframe><\/p>","protected":false},"excerpt":{"rendered":"<p>De Ajax 12V-24V PSU is onderdeel van het Ajax Baseline alarmsysteem. Ajax is een toonaangevend bedrijf op het gebied van beveiligingsoplossingen. Met geavanceerde technologie\u00ebn en innovatieve producten bieden ze betrouwbare en effectieve beveiligingsoplossingen voor zowel particuliere als zakelijke klanten. Ajax systemen zijn eenvoudig te installeren en te bedienen, waardoor gebruikers een veilig gevoel hebben. Ajax<\/p>\n<div class=\"klb-readmore button\"><a class=\"btn link\" href=\"https:\/\/staging.webstore4.com\/de\/product\/ajax-12v-24v-psu-voedingsprint-voor-hub-2-hub-2-plus-en-rex-2\/\">Mehr lesen <i class=\"klbth-icon-right-arrow\"><\/i><\/a><\/div>","protected":false},"featured_media":12061,"comment_status":"closed","ping_status":"closed","template":"","meta":[],"pwb-brand":[3408],"product_cat":[3466,4224,4263],"product_tag":[],"class_list":{"0":"post-12065","1":"product","2":"type-product","3":"status-publish","4":"has-post-thumbnail","6":"pwb-brand-ajax-systems","7":"product_cat-alarm","8":"product_cat-alarmsystemen","9":"product_cat-ajax-baseline","10":"product_shipping_class-pakket","11":"pa_kleur-zwart","12":"pa_merk-ajax-systems","13":"pa_product-accessoires","15":"first","16":"instock","17":"taxable","18":"shipping-taxable","19":"purchasable","20":"product-type-simple"},"brands":[{"id":3408,"name":"Ajax Systems","slug":"ajax-systems"}],"_links":{"self":[{"href":"https:\/\/staging.webstore4.com\/de\/wp-json\/wp\/v2\/product\/12065","targetHints":{"allow":["GET"]}}],"collection":[{"href":"https:\/\/staging.webstore4.com\/de\/wp-json\/wp\/v2\/product"}],"about":[{"href":"https:\/\/staging.webstore4.com\/de\/wp-json\/wp\/v2\/types\/product"}],"replies":[{"embeddable":true,"href":"https:\/\/staging.webstore4.com\/de\/wp-json\/wp\/v2\/comments?post=12065"}],"wp:featuredmedia":[{"embeddable":true,"href":"https:\/\/staging.webstore4.com\/de\/wp-json\/wp\/v2\/media\/12061"}],"wp:attachment":[{"href":"https:\/\/staging.webstore4.com\/de\/wp-json\/wp\/v2\/media?parent=12065"}],"wp:term":[{"taxonomy":"pwb-brand","embeddable":true,"href":"https:\/\/staging.webstore4.com\/de\/wp-json\/wp\/v2\/pwb-brand?post=12065"},{"taxonomy":"product_cat","embeddable":true,"href":"https:\/\/staging.webstore4.com\/de\/wp-json\/wp\/v2\/product_cat?post=12065"},{"taxonomy":"product_tag","embeddable":true,"href":"https:\/\/staging.webstore4.com\/de\/wp-json\/wp\/v2\/product_tag?post=12065"}],"curies":[{"name":"wp","href":"https:\/\/api.w.org\/{rel}","templated":true}]}}