{"id":12135,"date":"2023-10-25T12:54:25","date_gmt":"2023-10-25T10:54:25","guid":{"rendered":"https:\/\/webstore4.com\/?post_type=product&#038;p=12135"},"modified":"2025-02-20T07:11:58","modified_gmt":"2025-02-20T06:11:58","slug":"ajax-starterkit-cam-plus-wit","status":"publish","type":"product","link":"https:\/\/staging.webstore4.com\/de\/product\/ajax-starterkit-cam-plus-wit\/","title":{"rendered":"Ajax StarterKit CAM PLUS Wit met Hub 2 PLUS, MotionCam, DoorProtect en SpaceControl"},"content":{"rendered":"<p>Ajax StarterKit CAM White ist ein erweitertes Basiskit mit dem Hub 2 in der Ajax Baseline-Alarmsystemreihe. Ajax ist ein f\u00fchrendes Unternehmen im Bereich Sicherheitsl\u00f6sungen. Mit fortschrittlichen Technologien und innovativen Produkten bieten sie zuverl\u00e4ssige und effektive Sicherheitsl\u00f6sungen f\u00fcr Privat- und Gesch\u00e4ftskunden. Ihre Systeme sind einfach zu installieren und zu bedienen und geben den Benutzern ein Gef\u00fchl der Sicherheit. Ajax Security Systems ist bekannt f\u00fcr seine hochwertigen Sicherheitsprodukte, die die strengsten Standards und Anforderungen erf\u00fcllen.<\/p>\n<p>Ajax bietet zu seinen Produkten eine kostenlose App an, die mit dem zentralen Hub kommuniziert, an den bis zu f\u00fcnfzig Benutzer und hundert Ger\u00e4te angeschlossen werden k\u00f6nnen. Die App erm\u00f6glicht es, Benachrichtigungen \u00fcber Alarme und Ereignisse zu erhalten, Live-Videostreams anzusehen und den Status aller Sicherheitsger\u00e4te zu \u00fcberpr\u00fcfen. Die App bietet detaillierte Veranstaltungsinformationen und l\u00e4sst sich einfach \u00fcber mehrere Ger\u00e4te und Benutzer hinweg verwalten.<\/p>\n<p><strong>M\u00f6glichkeiten<\/strong><\/p>\n<p>Ajax StarterKit CAM PLUS Wit is de meest geavanceerde kit met de Hub 2 PLUS binnen het Ajax Baseline alarmsysteem, door deze Hub 2 PLUS ben je voorzien van de meest uitgebreide mogelijkheden, gezien deze Hub 2 PLUS compitabel is met de meest geavanceerde apparaten van het Ajax assortiment en geeft extra veel comfort door verschillende extra functies ten opzichte van de Ajax Hub 2. Deze kit bestaat uit een <span style=\"color: #ff9900;\"><a style=\"color: #ff9900;\" href=\"https:\/\/staging.webstore4.com\/ajax-hub-2-plus-wit-met-2x-4g-gsm-wi-fi-en-lan\/\" target=\"_blank\" rel=\"noopener\">Ajax Hub 2 PLUS Wei\u00df mit 2x 4G GSM, WI-FI und LAN<\/a><span style=\"color: #000000;\">, Ein <span style=\"color: #ff9900;\"><a style=\"color: #ff9900;\" href=\"https:\/\/staging.webstore4.com\/ajax-motioncam-wit\/\" target=\"_blank\" rel=\"noopener\">Ajax MotionCam PhOD Wei\u00df Drahtloser IR-Bewegungsmelder mit Fotokamera<\/a><\/span>, Ein <a style=\"color: #ff9900;\" href=\"https:\/\/staging.webstore4.com\/ajax-doorprotect-wit\/\" target=\"_blank\" rel=\"noopener\">Ajax DoorProtect Wei\u00dfer Magnetkontakt<\/a> und ein <a style=\"color: #ff9900;\" href=\"https:\/\/staging.webstore4.com\/ajax-spacecontrol-wit\/\" target=\"_blank\" rel=\"noopener\">Ajax SpaceControl Wei\u00df<\/a>.<br \/>\n<\/span><\/span><\/p>\n<p>De Ajax Hub 2 PLUS Wit functioneert tussen de andere beveiligingsapparatuur van Ajax. Deze centrale eenheid is het punt wat met de gratis applicatie van Ajax communiceert. Met de app kan het beveiligingssysteem eenvoudig worden beheerd en je ruimte worden bewaakt. De overige componenten van het Ajax beveiligingssysteem worden verbonden met de centrale hub binnen een afstand van 2000 meter.<br \/>\nDe hub meldt de alarmen via push meldingen, sms of telefoongesprek.<br \/>\nNach einem Stromausfall l\u00e4uft der Hub noch etwa 15 Stunden lang mit der Notstrombatterie weiter. Wenn die Stromversorgung versehentlich entfernt wird, wird der Alarm aktiviert.<\/p>\n<p>Der Ajax Hub 2 Black 4G ist eine fortschrittlichere und leistungsst\u00e4rkere Version des urspr\u00fcnglichen Ajax Hub. Der Unterschied zwischen dem Hub und dem Hub 2 liegt in mehreren Elementen.<br \/>\nZo heeft de Ajax Hub 2 PLUS Wit heeft meer software functionaliteiten dan zijn voorganger. Het is het mogelijk om honderd camera\u2019s en of DVR\u2019s aan te sluiten. Er is ook in dit model een gegarandeerde bevestiging van alarmmeldingen en visuele alarmverificaties door de functie van de vier antennes en ondersteuning van de radioprotocollen Jeweller en Wings.\u00a0Dit verhoogd de betrouwbaarheid. De Ajax Hub 2 PLUS heeft daarnaast ook WI-FI, dat heeft de Ajax Hub 2 niet.<\/p>\n<p>De Ajax Hub 2 PLUS ondersteund tot maximaal 200 apparaten. De Ajax Hub 2 PLUS ondersteund het aansluiten van vijf signaalversterkers en heeft de mogelijkheid om samen te werken met 200 gebruikers. Daarnaast ondersteund de Ajax Hub 2 PLUS 25 beveiligingsgroepen en is het mogelijk om vierenzestig scenario\u2019s aan te leggen.<\/p>\n<p>Die Ajax MotionCam White ist ein fortschrittlicher Bewegungssensor. Die Ajax MotionCam White ist ein kabelloser IR-Bewegungsmelder mit Fotokamera, der mit Manipulationsschutz ausgestattet ist. Mit einer beeindruckenden Kameraaufl\u00f6sung von 2 Megapixeln nimmt es selbst bei schlechten Lichtverh\u00e4ltnissen scharfe Bilder auf. Dadurch k\u00f6nnen Sie verd\u00e4chtige Ereignisse und Einbr\u00fcche absolut klar erkennen.<\/p>\n<p>Der Magnetkontakt Ajax DoorProtect Black ist ein drahtloser Sicherheitssensor zur \u00dcberwachung von Fenstern und T\u00fcren. Der Ajax DoorProtect Black besteht aus einem Magneten und einem Sensor. Sobald die Verbindung zwischen Magnet und Sensor unterbrochen wird, wird der Alarm aktiviert. Der Ajax DoorProtect Black sendet dann sofort ein Signal an den Ajax Hub.<\/p>\n<p>De meegeleverde Ajax SpaceControl Wit is de afstandsbediening van de Ajax StarterKit CAM PLUS Wit en geeft gebruikers de kans om snel en gemakkelijk de status van beveiligingssysteem te veranderen. De afstandsbediening is voorzien van beveiligingsmaatregelen zoals encryptie, waardoor ongeautoriseerde toegang tot het systeem wordt voorkomen.<\/p>\n<p>Uiteraard kunnen er nog extra apparaten bijgekocht worden bij de Ajax StarterKit CAM PLUS Wit. Een aantal aanbevolen producten staan onder opties.\u00a0 Koop voor het monteren van de onderdelen <span style=\"color: #ff9900;\"><a style=\"color: #ff9900;\" href=\"https:\/\/staging.webstore4.com\/alarmsystemen\/ajax-baseline\/?yith_wcan=1&amp;filter_product=bracket&amp;query_type_product=or\" target=\"_blank\" rel=\"noopener\">Hier<\/a> <\/span>eine zus\u00e4tzliche Halterung mit den Materialien.<br \/>\nF\u00fcr eine detailliertere Beschreibung der einzelnen Produkte verweisen wir auf die Produkte selbst. Wir empfehlen au\u00dferdem, die Produktseite zu konsultieren, die unter der Registerkarte \u201eDokumentation\u201c enthalten ist.<\/p>\n<p><strong>Wichtigste Funktionen<\/strong><\/p>\n<ul>\n<li>Kompletter Ajax-Bausatz<\/li>\n<li>1x <span style=\"color: #ff9900;\"><a style=\"color: #ff9900;\" href=\"https:\/\/staging.webstore4.com\/ajax-hub-2-plus-wit-met-2x-4g-gsm-wi-fi-en-lan\/\" target=\"_blank\" rel=\"noopener\">Ajax Hub 2 PLUS Wei\u00df mit 2x 4G GSM, WI-FI und LAN<\/a><\/span><span style=\"color: #ff9900;\"><span style=\"color: #000000;\">, <\/span><\/span>mit ca. 15 Stunden Batterie-Backup<\/li>\n<li>1x <span style=\"color: #ff9900;\"><span style=\"color: #000000;\"><a style=\"color: #ff9900;\" href=\"https:\/\/staging.webstore4.com\/ajax-motioncam-wit\/\" target=\"_blank\" rel=\"noopener\">Ajax MotionCam PhOD Wei\u00df Drahtloser IR-Bewegungsmelder mit Fotokamera<\/a><\/span><\/span><\/li>\n<li>1x <span style=\"color: #ff9900;\"><span style=\"color: #000000;\"><a style=\"color: #ff9900;\" href=\"https:\/\/staging.webstore4.com\/ajax-doorprotect-wit\/\" target=\"_blank\" rel=\"noopener\">Ajax DoorProtect Wei\u00dfer Magnetkontakt<\/a> <\/span><\/span><\/li>\n<li>1x <span style=\"color: #ff9900;\"><span style=\"color: #000000;\"><a style=\"color: #ff9900;\" href=\"https:\/\/staging.webstore4.com\/ajax-spacecontrol-wit\/\" target=\"_blank\" rel=\"noopener\">Ajax SpaceControl Wei\u00df<\/a><\/span><\/span><\/li>\n<li>Maximal 200 Benutzer<\/li>\n<li>Maximaal 200 apparaten<\/li>\n<li>Steuerung \u00fcber Ajax-Anwendung<\/li>\n<li>Voorzien van WI-FI<\/li>\n<li>Ausgestattet mit einem Ethernet-Kabel und mobilen 2G-, 3G- und LTE 2-Netzwerken<\/li>\n<li>Batterien im Lieferumfang enthalten, Batterien sind von der Garantie ausgeschlossen<\/li>\n<li>Teile zum Anschluss des Bausatzes im Umkreis von 2000 Metern.<\/li>\n<li>Der Hub ist vom R\u00fcckgaberecht ausgeschlossen. Denn das Protokoll (nach der Registrierung) kann nicht gel\u00f6scht werden.<\/li>\n<li>Wei\u00df<\/li>\n<\/ul>\n<p>WebStore4 ist offizieller H\u00e4ndler von Ajax Systems. Bestellen Sie Alarmsysteme von Ajax Systems einfach und schnell \u00fcber unseren Webshop. Alle Elemente k\u00f6nnen auch einzeln bestellt werden. Gerne beraten wir Sie fachkundig \u00fcber die M\u00f6glichkeiten des Ajax-Systems. Bei gr\u00f6\u00dferen Projekten k\u00f6nnen wir attraktive Preise anbieten und Hilfe bei der Montage der richtigen Teile anbieten.<\/p>\n<p>Wussten Sie, dass Ajax Systems ein zertifiziertes drahtloses Alarmsystem ist? Neben einem Alarmsystem ist Ajax Systems auch ein Smart-Home-System. Dadurch besteht auch die M\u00f6glichkeit, eine IP-Kamera in das System zu integrieren.<\/p>\n<p><a href=\"https:\/\/www.webstore4ipcameras.nl\/Copyright\" target=\"_blank\" rel=\"noopener\"><span style=\"color: #ff6e03; font-size: 11px;\">\u00a9 Der Text ist urheberrechtlich gesch\u00fctzt<\/span><\/a><\/p>\n<p><iframe title=\"Ajax: Das drahtlose Sicherheitssystem der n\u00e4chsten Generation\" width=\"960\" height=\"540\" src=\"https:\/\/www.youtube.com\/embed\/0T5Sk6xCKek?feature=oembed&#038;enablejsapi=1&#038;origin=https:\/\/staging.webstore4.com\" frameborder=\"0\" allow=\"accelerometer; autoplay; clipboard-write; encrypted-media; gyroscope; picture-in-picture; web-share\" referrerpolicy=\"strict-origin-when-cross-origin\" allowfullscreen><\/iframe><\/p>","protected":false},"excerpt":{"rendered":"<p>Ajax StarterKit CAM PLUS Wit is de meest geavanceerde basis kit met de Hub 2 PLUS in het Ajax Baseline alarmsysteem assortiment. Ajax is een toonaangevend bedrijf op het gebied van beveiligingsoplossingen. Met geavanceerde technologie\u00ebn en innovatieve producten bieden ze betrouwbare en effectieve beveiligingsoplossingen voor zowel particuliere als zakelijke klanten. Hun systemen zijn eenvoudig te<\/p>\n<div class=\"klb-readmore button\"><a class=\"btn link\" href=\"https:\/\/staging.webstore4.com\/de\/product\/ajax-starterkit-cam-plus-wit\/\">Mehr lesen <i class=\"klbth-icon-right-arrow\"><\/i><\/a><\/div>","protected":false},"featured_media":12134,"comment_status":"closed","ping_status":"closed","template":"","meta":[],"pwb-brand":[3408],"product_cat":[3466,4224,4263],"product_tag":[],"class_list":{"0":"post-12135","1":"product","2":"type-product","3":"status-publish","4":"has-post-thumbnail","6":"pwb-brand-ajax-systems","7":"product_cat-alarm","8":"product_cat-alarmsystemen","9":"product_cat-ajax-baseline","10":"product_shipping_class-pakket","11":"pa_aanbieding-sale","12":"pa_kleur-wit","13":"pa_merk-ajax-systems","14":"pa_product-complete-kit","16":"first","17":"onbackorder","18":"sale","19":"featured","20":"taxable","21":"shipping-taxable","22":"purchasable","23":"product-type-simple"},"brands":[{"id":3408,"name":"Ajax Systems","slug":"ajax-systems"}],"_links":{"self":[{"href":"https:\/\/staging.webstore4.com\/de\/wp-json\/wp\/v2\/product\/12135","targetHints":{"allow":["GET"]}}],"collection":[{"href":"https:\/\/staging.webstore4.com\/de\/wp-json\/wp\/v2\/product"}],"about":[{"href":"https:\/\/staging.webstore4.com\/de\/wp-json\/wp\/v2\/types\/product"}],"replies":[{"embeddable":true,"href":"https:\/\/staging.webstore4.com\/de\/wp-json\/wp\/v2\/comments?post=12135"}],"wp:featuredmedia":[{"embeddable":true,"href":"https:\/\/staging.webstore4.com\/de\/wp-json\/wp\/v2\/media\/12134"}],"wp:attachment":[{"href":"https:\/\/staging.webstore4.com\/de\/wp-json\/wp\/v2\/media?parent=12135"}],"wp:term":[{"taxonomy":"pwb-brand","embeddable":true,"href":"https:\/\/staging.webstore4.com\/de\/wp-json\/wp\/v2\/pwb-brand?post=12135"},{"taxonomy":"product_cat","embeddable":true,"href":"https:\/\/staging.webstore4.com\/de\/wp-json\/wp\/v2\/product_cat?post=12135"},{"taxonomy":"product_tag","embeddable":true,"href":"https:\/\/staging.webstore4.com\/de\/wp-json\/wp\/v2\/product_tag?post=12135"}],"curies":[{"name":"wp","href":"https:\/\/api.w.org\/{rel}","templated":true}]}}