{"id":12263,"date":"2023-10-31T10:45:00","date_gmt":"2023-10-31T08:45:00","guid":{"rendered":"https:\/\/webstore4.com\/?post_type=product&#038;p=12263"},"modified":"2024-04-19T15:17:34","modified_gmt":"2024-04-19T14:17:34","slug":"wl4-as01-rvs-spanwartel-met-oog-set-190-285-mm","status":"publish","type":"product","link":"https:\/\/staging.webstore4.com\/de\/product\/wl4-as01-rvs-spanwartel-met-oog-set-190-285-mm\/","title":{"rendered":"WL4 AS01 Klemmwirbel aus Edelstahl mit \u00d6senset 190-285 MM"},"content":{"rendered":"<p>De WL4 AS01 is een spanwartel met bijbehorend oog set gemaakt van roestvaststaal. WL4 voert onder de categorie Poort en hekwerk hoogwaardige producten van materialen zoals staal, roestvrijstaal, verzinkt staal en gepoedercoat staal. De afmetingen van het scharnier moeten passen bij de afmetingen van de deur, poort of ander object dat ge\u00efnstalleerd moet worden.<\/p>\n<p>Wir stellen immer Produktinformationen wie L\u00e4nge, Breite und Dicke des Produkts zur Verf\u00fcgung. Dar\u00fcber hinaus haben unsere Produkte ein luxuri\u00f6ses Aussehen und eine lange Lebensdauer, was sie zu einer nachhaltigen L\u00f6sung macht.<\/p>\n<p>Unter der Marke WL4 f\u00fchrt WebStore4 Qualit\u00e4tsprodukte zu sehr wettbewerbsf\u00e4higen Preisen. Gesch\u00e4ftskunden erhalten bei uns wettbewerbsf\u00e4hige Preise f\u00fcr gr\u00f6\u00dfere Eink\u00e4ufe, aber auch f\u00fcr Privatpersonen halten wir die Preise wettbewerbsf\u00e4hig. F\u00fcr Gesch\u00e4ftskunden, die regelm\u00e4\u00dfig einkaufen, haben wir ein Konto, in dem Preise und Verwaltungsdokumente sofort sichtbar sind.<\/p>\n<p><strong>M\u00f6glichkeiten<\/strong><\/p>\n<p>De WL4 AS01 is een spanwartel met oog set voor binnen en buiten, gemaakt van roestvrijstaal. Doordat het een roestvrijstaal product betreft, heeft het een lange levensduur in de buitenomgeving.<\/p>\n<p>Deze set bevat \u00e9\u00e9n spanwartel met twee haken en twee bijbehorende ogen.<\/p>\n<p>Met de WL4 AS01 kan worden gebruikt voor het spannen van schaduwdoeken, zonnezeilen, touwen of kabels. Zo is het met deze set mogelijk om snel een doek of draad te spannen.\u00a0Het monteren van de WL4 AS01 is eenvoudig. Door de vier schroefgaten monteer je het oog, daarna is het een kwestie van draad spannen met de wartel.<\/p>\n<p><strong>Wichtigste Funktionen<\/strong><\/p>\n<ul>\n<li>Set bestaande uit 1 spanwartel met 2 haken en 2 bijbehorende ogen<\/li>\n<li>Roestvrijstaal in de kwaliteit 304<\/li>\n<li>Lange Lebensspanne<\/li>\n<li>Leicht zusammenzubauen<\/li>\n<li>Spanwartel met totale lengte van 190-285 MM<\/li>\n<li>Oog met onder plaat van 80x50x3 MM<\/li>\n<li>Hoogte oog van 35 MM<\/li>\n<li>Oog dikte van de ring is 8 MM<\/li>\n<li>Exclusief schroeven set<\/li>\n<li>Edelstahloptik<\/li>\n<\/ul>\n<p><a href=\"https:\/\/www.webstore4ipcameras.nl\/Copyright\" target=\"_blank\" rel=\"noopener\"><span style=\"color: #ff6e03; font-size: 11px;\">\u00a9 Der Text ist urheberrechtlich gesch\u00fctzt<\/span><\/a><\/p>","protected":false},"excerpt":{"rendered":"<p>De WL4 AS01 is een spanwartel met bijbehorend oog set gemaakt van roestvaststaal. WL4 voert onder de categorie Poort en hekwerk hoogwaardige producten van materialen zoals staal, roestvrijstaal, verzinkt staal en gepoedercoat staal. De afmetingen van het scharnier moeten passen bij de afmetingen van de deur, poort of ander object dat ge\u00efnstalleerd moet worden. Wij<\/p>\n<div class=\"klb-readmore button\"><a class=\"btn link\" href=\"https:\/\/staging.webstore4.com\/de\/product\/wl4-as01-rvs-spanwartel-met-oog-set-190-285-mm\/\">Mehr lesen <i class=\"klbth-icon-right-arrow\"><\/i><\/a><\/div>","protected":false},"featured_media":12264,"comment_status":"closed","ping_status":"closed","template":"","meta":[],"pwb-brand":[3380],"product_cat":[4544,4567],"product_tag":[],"class_list":{"0":"post-12263","1":"product","2":"type-product","3":"status-publish","4":"has-post-thumbnail","6":"pwb-brand-wl4","7":"product_cat-poort-en-hekwerk","8":"product_cat-accessoires","9":"product_shipping_class-pakket","10":"pa_kleur-rvs","11":"pa_lengte-19-cm","12":"pa_lengte-285-cm","13":"pa_materiaal-roestvast-staal","14":"pa_merk-wl4","15":"pa_omgeving-binnen-en-buiten","17":"first","18":"instock","19":"taxable","20":"shipping-taxable","21":"purchasable","22":"product-type-simple"},"brands":[{"id":3380,"name":"WL4","slug":"wl4"}],"_links":{"self":[{"href":"https:\/\/staging.webstore4.com\/de\/wp-json\/wp\/v2\/product\/12263","targetHints":{"allow":["GET"]}}],"collection":[{"href":"https:\/\/staging.webstore4.com\/de\/wp-json\/wp\/v2\/product"}],"about":[{"href":"https:\/\/staging.webstore4.com\/de\/wp-json\/wp\/v2\/types\/product"}],"replies":[{"embeddable":true,"href":"https:\/\/staging.webstore4.com\/de\/wp-json\/wp\/v2\/comments?post=12263"}],"wp:featuredmedia":[{"embeddable":true,"href":"https:\/\/staging.webstore4.com\/de\/wp-json\/wp\/v2\/media\/12264"}],"wp:attachment":[{"href":"https:\/\/staging.webstore4.com\/de\/wp-json\/wp\/v2\/media?parent=12263"}],"wp:term":[{"taxonomy":"pwb-brand","embeddable":true,"href":"https:\/\/staging.webstore4.com\/de\/wp-json\/wp\/v2\/pwb-brand?post=12263"},{"taxonomy":"product_cat","embeddable":true,"href":"https:\/\/staging.webstore4.com\/de\/wp-json\/wp\/v2\/product_cat?post=12263"},{"taxonomy":"product_tag","embeddable":true,"href":"https:\/\/staging.webstore4.com\/de\/wp-json\/wp\/v2\/product_tag?post=12263"}],"curies":[{"name":"wp","href":"https:\/\/api.w.org\/{rel}","templated":true}]}}