{"id":12440,"date":"2023-11-04T14:55:29","date_gmt":"2023-11-04T12:55:29","guid":{"rendered":"https:\/\/webstore4.com\/?post_type=product&#038;p=12440"},"modified":"2024-04-19T15:17:59","modified_gmt":"2024-04-19T14:17:59","slug":"dahua-tpc-df1241p-td3f4-s2-eyeball-camera","status":"publish","type":"product","link":"https:\/\/staging.webstore4.com\/de\/product\/dahua-tpc-df1241p-td3f4-s2-eyeball-camera\/","title":{"rendered":"Dahua TPC-DF1241-B3F4-DW-S2 Hybrid-W\u00e4rmebild- und optische 4-MP-AI-Augapfelkamera f\u00fcr den Au\u00dfenbereich"},"content":{"rendered":"<p>De Dahua TPC-DF1241-B3F4-DW-S2 is een hybride thermische warmtebeeld en optische 4MP buiten Eyeball camera met WizSense AI techniek. De camera is zeer geschikt voor vroegtijdige hitte en brand detectie en voor zeer betrouwbare bewegingsdetectie. De camera beschikt over een thermische lens en een normale 4 megapixel lens. Veder heeft de camera infrarood nachtzicht, alarm en audio in- en uitgang, PoE en de mogelijkheid om op te nemen op een interne microSD kaart (niet meegeleverd). <span style=\"color: #ffffff;\">www.webstore4.com<\/span><\/p>\n<p><strong>M\u00f6glichkeiten<\/strong><\/p>\n<p>De Dahua TPC-DF1241-B3F4-DW-S2 geeft beelden weer in een 4MP Full HD 2336&#215;1752 (optische) en 256&#215;192 (thermische) resolutie. De camera heeft een ingebouwd automatisch dag\/nacht IR, smart IR verlichting voor nachtzicht tot 30 meter en Digital Wide Dynamic Range. De camera heeft vaste lenzen. Door de dubbele lens biedt de camera een slimme en zeer betrouwbare bewegingsdetectie. De bewegingsdetectie werkt door de thermische lens ook goed in slecht of geen zicht omstandigheden zoals bij rook, mist en fel tegenlicht van bijvoorbeeld auto koplampen.<\/p>\n<p>De thermische lens geeft de camera voorst de mogelijkheid van temperatuurmeting waardoor vroegtijdige brand en over-verhittingdetectie mogelijk is. De camera beschikt ook over Tripwire en Intrusion detectie. De camera kan ook worden ingesteld voor detectie van het roken van sigaretten of sigaren of telefoneren. Het beeld van de thermische en optische lens kan met image fusion over elkaar worden gelegd waardoor een zeer gedetailleerd beeld ontstaat. Onder de tab &#8220;Documentatie&#8221; is een link naar de datasheet opgenomen.<\/p>\n<p>Bilder k\u00f6nnen unter anderem auf einem Netzwerk-Videorecorder (NVR) gespeichert werden. Die Kamera verf\u00fcgt au\u00dferdem \u00fcber die M\u00f6glichkeit, in der Kamera auf einer microSD-Speicherkarte mit bis zu maximal 256 GB aufzuzeichnen. Die Kamera verf\u00fcgt \u00fcber einen Alarm- und Audioein- und -ausgang.<\/p>\n<p>De TPC-DF1241-B3F4-DW-S2 heeft een IP67 rating waardoor de camera uitermate geschikt is voor gebruik buiten. De camera kan worden gevoed met een optionele 12V voeding adapter. Onder het tabblad &#8220;Opties&#8221; kan worden aangegeven of een montagebeugel moet worden meegeleverd.<\/p>\n<p><strong>Wichtigste Funktionen<\/strong><\/p>\n<ul>\n<li>4-Megapixel-Full-HD-Kamera mit Doppelobjektiv und W\u00e4rmebildkamera<\/li>\n<li>Branderkennung und hochpr\u00e4zise Bewegungserkennung<\/li>\n<li>&#8220;verboden te roken&#8221; en &#8220;verboden te telefoneren&#8221; detectie<\/li>\n<li>Bildfusion<\/li>\n<li>Aufnahme auf microSD-Karte (nicht im Lieferumfang enthalten)<\/li>\n<li>Tag-\/Nachtkamera mit automatischem mechanischem IR-Sperrfilter<\/li>\n<li>Intelligente IR-Nachtsichtbeleuchtung bis zu 30 Meter<\/li>\n<li>Alarm- und Audio-Ein- und Ausgang<\/li>\n<li>ONVIF-Protokoll<\/li>\n<li>Stromversorgung \u00fcber 12VDC-Adapter oder PoE<\/li>\n<\/ul>\n<p><a href=\"https:\/\/www.webstore4ipcameras.nl\/Copyright\" target=\"_blank\" rel=\"noopener\"><span style=\"color: #ff6e03; font-size: 11px;\">\u00a9 Der Text ist urheberrechtlich gesch\u00fctzt<\/span><\/a><\/p>","protected":false},"excerpt":{"rendered":"<p>De Dahua TPC-DF1241-B3F4-DW-S2 is een hybride thermische warmtebeeld en optische 4MP buiten Eyeball camera met WizSense AI techniek. De camera is zeer geschikt voor vroegtijdige hitte en brand detectie en voor zeer betrouwbare bewegingsdetectie. De camera beschikt over een thermische lens en een normale 4 megapixel lens. Veder heeft de camera infrarood nachtzicht, alarm en<\/p>\n<div class=\"klb-readmore button\"><a class=\"btn link\" href=\"https:\/\/staging.webstore4.com\/de\/product\/dahua-tpc-df1241p-td3f4-s2-eyeball-camera\/\">Mehr lesen <i class=\"klbth-icon-right-arrow\"><\/i><\/a><\/div>","protected":false},"featured_media":12447,"comment_status":"closed","ping_status":"closed","template":"","meta":[],"pwb-brand":[3376],"product_cat":[3435,4184,4200,4244],"product_tag":[],"class_list":{"0":"post-12440","1":"product","2":"type-product","3":"status-publish","4":"has-post-thumbnail","6":"pwb-brand-dahua","7":"product_cat-ip-cameras","8":"product_cat-cameras","9":"product_cat-dome-eyeball-cameras-cameras","10":"product_cat-thermische-cameras-cameras","11":"product_shipping_class-pakket","12":"pa_audio-ingang-uitgang","13":"pa_beeldhoek-graden-horizontaal-33-4-visible","14":"pa_beeldsensor-1-2-7-cmos","15":"pa_dag-nacht-ir-cut-filter-ja","16":"pa_draadloos-nee","17":"pa_geheugenkaart-type-micro-sdsdhcsdxc-256gb","18":"pa_ingebouwd-type-nachtzicht-infrared-ir-led","19":"pa_lens-mm-4-0","20":"pa_megapixel-4mp","21":"pa_merk-dahua","22":"pa_minimale-verlichting-0-05-lux-0-lux-met-ir","23":"pa_mobiele-app-fabrikant-ja","24":"pa_nachtzicht-ja","25":"pa_omgeving-binnen-en-buiten","26":"pa_opnemen-op-sd-kaart-ja","27":"pa_poe-802-3af","28":"pa_product-status-a","29":"pa_resolutie-max-pixels-full-hd-2336x1752-visible","30":"pa_vandaalbestendig-nee","31":"pa_voeding-12vdc","32":"pa_voeding-poe","33":"pa_wdr-ja","35":"first","36":"onbackorder","37":"taxable","38":"shipping-taxable","39":"purchasable","40":"product-type-simple"},"brands":[{"id":3376,"name":"Dahua","slug":"dahua"}],"_links":{"self":[{"href":"https:\/\/staging.webstore4.com\/de\/wp-json\/wp\/v2\/product\/12440","targetHints":{"allow":["GET"]}}],"collection":[{"href":"https:\/\/staging.webstore4.com\/de\/wp-json\/wp\/v2\/product"}],"about":[{"href":"https:\/\/staging.webstore4.com\/de\/wp-json\/wp\/v2\/types\/product"}],"replies":[{"embeddable":true,"href":"https:\/\/staging.webstore4.com\/de\/wp-json\/wp\/v2\/comments?post=12440"}],"wp:featuredmedia":[{"embeddable":true,"href":"https:\/\/staging.webstore4.com\/de\/wp-json\/wp\/v2\/media\/12447"}],"wp:attachment":[{"href":"https:\/\/staging.webstore4.com\/de\/wp-json\/wp\/v2\/media?parent=12440"}],"wp:term":[{"taxonomy":"pwb-brand","embeddable":true,"href":"https:\/\/staging.webstore4.com\/de\/wp-json\/wp\/v2\/pwb-brand?post=12440"},{"taxonomy":"product_cat","embeddable":true,"href":"https:\/\/staging.webstore4.com\/de\/wp-json\/wp\/v2\/product_cat?post=12440"},{"taxonomy":"product_tag","embeddable":true,"href":"https:\/\/staging.webstore4.com\/de\/wp-json\/wp\/v2\/product_tag?post=12440"}],"curies":[{"name":"wp","href":"https:\/\/api.w.org\/{rel}","templated":true}]}}