{"id":12536,"date":"2023-11-08T09:58:10","date_gmt":"2023-11-08T07:58:10","guid":{"rendered":"https:\/\/webstore4.com\/?post_type=product&#038;p=12536"},"modified":"2025-02-19T05:22:13","modified_gmt":"2025-02-19T04:22:13","slug":"dahua-ipc-pdw5849p-a180-e2-aste-full-color-2x-4mp-starlight-wizmind-buiten-180-graden-eyeball-camera-met-40m-ir-dual-lens-microfoon-epoe-microsd","status":"publish","type":"product","link":"https:\/\/staging.webstore4.com\/de\/product\/dahua-ipc-pdw5849p-a180-e2-aste-full-color-2x-4mp-starlight-wizmind-buiten-180-graden-eyeball-camera-met-40m-ir-dual-lens-microfoon-epoe-microsd\/","title":{"rendered":"Dahua IPC-PDW5849P-A180-E2-ASTE Vollfarbige 2x 4MP Starlight WizMind 180-Grad-Augapfelkamera f\u00fcr den Au\u00dfenbereich mit 40 m IR, Doppelobjektiv, Mikrofon, (e)PoE, microSD"},"content":{"rendered":"<p>De Dahua IPC-PDW5849P-A180-E2-ASTE is een Full-color 2x 4 megapixel 180 graden eyeball Starlight WizMind camera met een zeer lichtgevoelige beeldsensor en 40 meter infrarood nachtzicht, ingebouwde microfoon, 140db WDR, (e)PoE voeding en microSD opname mogelijkheid voor binnen of buiten.<\/p>\n<p><strong>M\u00f6glichkeiten<\/strong><\/p>\n<p>De Dahua IPC-PDW5849P-A180-E2-ASTE geeft beelden weer in een 4096&#215;1800 resolutie maximaal met een snelheid van 25 frames per second (FPS). De maximale output van de twee 4-megapixel camera&#8217;s is 8 megapixel.\u00a0 De camera beschikt over een vaste focale lens. De camera heeft Dahua Starlight Technologie waardoor deze ideaal is voor toepassingen met uitdagende licht condities. Door de zeer lichtgevoelige beeldsensor levert de camera met een minimum aan omgevingslicht nog bruikbaar kleurenbeeld, zelfs bij bijna volledige duisternis (0.005 lux).<\/p>\n<p>De camera heeft een ingebouwd automatisch dag\/nacht IR-cut filter en kan in donkere omstandigheden ook de ingebouwde IR verlichting inschakelen waardoor er zelfs in volledige duisternis (0 Lux) een haarscherp beeld is.\u00a0De IR verlichting heeft een zeer groot bereik van maar liefst 40 meter. De camera beschikt over\u00a0140dB Wide Dynamic Range (WDR) waardoor de camera zeer goed kan omgaan met complexe lichtomstandigheden als gevolg van bijvoorbeeld tegenlicht van de zon of auto koplampen.<\/p>\n<p>Der Dahua PDW3849P-A180-AS-PV verf\u00fcgt \u00fcber eine elektronische Schwenk-Neige-Zoom-Funktion (EPTZ), die es erm\u00f6glicht, digitale Schwenk-, Neige- und Zoomfunktionen mit der Dahua-Kamera zu simulieren, ohne die Kamera selbst zu bewegen. Anstatt die Kamera zu bewegen, werden digitale Bildverarbeitungstechniken eingesetzt, um einen bestimmten Teil des Videobildes zu vergr\u00f6\u00dfern und das Bild virtuell zu schwenken oder zu neigen. Dadurch k\u00f6nnen Sie beispielsweise einen bestimmten Teil des Bildes vergr\u00f6\u00dfern.<\/p>\n<p>Door de Dahua Perimeter Protection technology in deze camera kan de camera mens en voertuig herkennen. De technologie sluit valse alarmen uit en maakt het mogelijk om indringers te detecteren. Er kan een virtuele barri\u00e8re worden gecre\u00eberd, waarbij de camera direct alarmeert als deze overschreden wordt. Naast de Perimeter Protection technology heeft deze camera ook People Couting technologie. Deze functie wordt gebruikt om het aantal mensen dat een bepaald gebied binnenkomt of verlaat te tellen. Dit kan handig zijn in verschillende toepassingen, zoals het beheer van toegangscontrole, het meten van de bezettingsgraad van een winkel of gebouw, het analyseren van de stroom van mensen op een bepaalde locatie en het verkrijgen van inzicht in bezoekerspatronen.<\/p>\n<p>Bilder k\u00f6nnen unter anderem auf einem Netzwerk-Videorecorder (NVR) gespeichert werden. Die Kamera verf\u00fcgt au\u00dferdem \u00fcber die M\u00f6glichkeit, in der Kamera auf einer microSD-Speicherkarte mit bis zu maximal 512 GB (nicht im Lieferumfang enthalten) aufzuzeichnen. Die Kamera verf\u00fcgt \u00fcber ein eingebautes Mikrofon.<\/p>\n<p>Dahua bietet eine kostenlose niederl\u00e4ndische App f\u00fcr Apple iOS und Android an. Die Kamera verf\u00fcgt \u00fcber einen internen Webserver, der \u00fcber einen Webbrowser angezeigt und verwaltet werden kann. Video Management Software (VMS) f\u00fcr einen Computer kann kostenlos von der Dahua-Website heruntergeladen werden. Der Reiter \u201eDokumentation\u201c enth\u00e4lt einen Link zur Produktseite des Herstellers.<\/p>\n<p>Die Dahua PDW3849P-A180-AS-PV verf\u00fcgt \u00fcber die Schutzart IP67, wodurch sich die Kamera ideal f\u00fcr den Au\u00dfenbereich eignet. Zur einfacheren Installation kann die Kamera \u00fcber das Netzwerkkabel mit Power over Ethernet (802.3at P0E) oder ePoE mit Strom versorgt werden. PoE kann \u00fcber einen PoE-NVR, einen PoE-Switch oder mit einem PoE-Injektor bezogen werden. Die Kamera kann auch mit einem optionalen 12-V-Netzteil mit Strom versorgt werden. Unter der Registerkarte \u201eOptionen\u201c k\u00f6nnen Sie angeben, ob ein Adapter und\/oder eine Dahua-Montagehalterung enthalten sein soll.<\/p>\n<p><strong>Wichtigste Funktionen<\/strong><\/p>\n<ul>\n<li>2x 4 megapixel Full-color Starlight WizMind camera<\/li>\n<li>Eingebautes Mikrophon<\/li>\n<li>PoE- und ePoE-Option<\/li>\n<li>Aufnahme auf microSD-Karte m\u00f6glich<\/li>\n<li>Tag-\/Nachtkamera mit automatischem mechanischem IR-Sperrfilter<\/li>\n<li>IR-Nachtsichtbeleuchtung bis zu 40 Meter<\/li>\n<li>EPTZ-Funktion<\/li>\n<li>Dahua Perimeter Protection technology<\/li>\n<li>People counting technology<\/li>\n<li>140 dB breiter Dynamikbereich (WDR)<\/li>\n<li>Zonen-optionale Hintergrundbeleuchtungskompensation (BLC)<\/li>\n<li>3D-Digital-Rauschunterdr\u00fcckung (3D-DNR)<\/li>\n<li>Bewegungserkennung, Manipulationsalarm, Privatzonenmaske<\/li>\n<li>ONVIF-Protokoll<\/li>\n<li>IP67 mit Weitspannung<\/li>\n<li>Stromversorgung \u00fcber 12VDC-Adapter, PoE (802.3at) oder ePoE<\/li>\n<\/ul>\n<p><a href=\"https:\/\/www.webstore4ipcameras.nl\/Copyright\" target=\"_blank\" rel=\"noopener\"><span style=\"color: #ff6e03; font-size: 11px;\">\u00a9 Der Text ist urheberrechtlich gesch\u00fctzt<\/span><\/a><\/p>","protected":false},"excerpt":{"rendered":"<p>De Dahua IPC-PDW5849P-A180-E2-ASTE is een Full-color 2x 4 megapixel 180 graden eyeball Starlight WizMind camera met een zeer lichtgevoelige beeldsensor en 40 meter infrarood nachtzicht, ingebouwde microfoon, 140db WDR, (e)PoE voeding en microSD opname mogelijkheid voor binnen of buiten. Mogelijkheden De Dahua IPC-PDW5849P-A180-E2-ASTE geeft beelden weer in een 4096&#215;1800 resolutie maximaal met een snelheid van<\/p>\n<div class=\"klb-readmore button\"><a class=\"btn link\" href=\"https:\/\/staging.webstore4.com\/de\/product\/dahua-ipc-pdw5849p-a180-e2-aste-full-color-2x-4mp-starlight-wizmind-buiten-180-graden-eyeball-camera-met-40m-ir-dual-lens-microfoon-epoe-microsd\/\">Mehr lesen <i class=\"klbth-icon-right-arrow\"><\/i><\/a><\/div>","protected":false},"featured_media":12537,"comment_status":"open","ping_status":"closed","template":"","meta":[],"pwb-brand":[3376],"product_cat":[3435,4184,4200,4199],"product_tag":[],"class_list":{"0":"post-12536","1":"product","2":"type-product","3":"status-publish","4":"has-post-thumbnail","6":"pwb-brand-dahua","7":"product_cat-ip-cameras","8":"product_cat-cameras","9":"product_cat-dome-eyeball-cameras-cameras","10":"product_cat-dahua-starlight-series","11":"product_shipping_class-pakket","12":"pa_audio-microfoon-speaker","13":"pa_beeldhoek-graden-horizontaal-3838","14":"pa_beeldsensor-1-1-8-cmos","15":"pa_dag-nacht-ir-cut-filter-ja","16":"pa_geheugenkaart-type-micro-sd-sdhc-sdxc-512gb","17":"pa_ingebouwd-type-nachtzicht-full-color-sensor","18":"pa_ingebouwd-type-nachtzicht-infrared-ir-led","19":"pa_lens-mm-2-7-12","20":"pa_megapixel-4mp","21":"pa_megapixel-8mp","22":"pa_merk-dahua","23":"pa_minimale-verlichting-0-0005-lux-0-lux-met-ir","24":"pa_mobiele-app-fabrikant-ja","25":"pa_nachtzicht-ja","26":"pa_omgeving-binnen-en-buiten","27":"pa_opnemen-op-sd-kaart-ja","28":"pa_poe-802-3at","29":"pa_product-status-b","30":"pa_resolutie-max-pixels-full-hd-4096x1800","31":"pa_vandaalbestendig-nee","32":"pa_voeding-12vdc","33":"pa_voeding-epoe","34":"pa_voeding-poe","35":"pa_wdr-ja","37":"first","38":"onbackorder","39":"taxable","40":"shipping-taxable","41":"purchasable","42":"product-type-simple"},"brands":[{"id":3376,"name":"Dahua","slug":"dahua"}],"_links":{"self":[{"href":"https:\/\/staging.webstore4.com\/de\/wp-json\/wp\/v2\/product\/12536","targetHints":{"allow":["GET"]}}],"collection":[{"href":"https:\/\/staging.webstore4.com\/de\/wp-json\/wp\/v2\/product"}],"about":[{"href":"https:\/\/staging.webstore4.com\/de\/wp-json\/wp\/v2\/types\/product"}],"replies":[{"embeddable":true,"href":"https:\/\/staging.webstore4.com\/de\/wp-json\/wp\/v2\/comments?post=12536"}],"wp:featuredmedia":[{"embeddable":true,"href":"https:\/\/staging.webstore4.com\/de\/wp-json\/wp\/v2\/media\/12537"}],"wp:attachment":[{"href":"https:\/\/staging.webstore4.com\/de\/wp-json\/wp\/v2\/media?parent=12536"}],"wp:term":[{"taxonomy":"pwb-brand","embeddable":true,"href":"https:\/\/staging.webstore4.com\/de\/wp-json\/wp\/v2\/pwb-brand?post=12536"},{"taxonomy":"product_cat","embeddable":true,"href":"https:\/\/staging.webstore4.com\/de\/wp-json\/wp\/v2\/product_cat?post=12536"},{"taxonomy":"product_tag","embeddable":true,"href":"https:\/\/staging.webstore4.com\/de\/wp-json\/wp\/v2\/product_tag?post=12536"}],"curies":[{"name":"wp","href":"https:\/\/api.w.org\/{rel}","templated":true}]}}