{"id":12754,"date":"2023-11-15T12:02:28","date_gmt":"2023-11-15T10:02:28","guid":{"rendered":"https:\/\/webstore4.com\/?post_type=product&#038;p=12754"},"modified":"2024-12-20T12:41:11","modified_gmt":"2024-12-20T11:41:11","slug":"dahua-sd29204ue-gn-w-2mp-ptz-mini-dome-wi-fi","status":"publish","type":"product","link":"https:\/\/staging.webstore4.com\/de\/product\/dahua-sd29204ue-gn-w-2mp-ptz-mini-dome-wi-fi\/","title":{"rendered":"Dahua SD29204UE-GN-W motorisierte Full HD 2MP Starlight PTZ Mini-Dome-WLAN-Kamera mit 4-fachem Zoom, Mikrofon, IR-Nachtsicht und SD-Steckplatz"},"content":{"rendered":"<p>Die Dahua SD29204UE-GN-W ist eine motorisierte 2-Megapixel-Starlight-Full-HD-PTZ-Mini-Dome-Innenkamera mit 4-fach optischem Zoom, Infrarot-Nachtsicht, WLAN, Mikrofon und SD-Kartenaufzeichnung. Die Kamera kann geneigt, gedreht und gezoomt (Schwenken\/Neigen\/Zoomen) werden und eignet sich sehr gut f\u00fcr den Einsatz in Wohnungen, B\u00fcros, Restaurants, Hotels und Gesch\u00e4ftsr\u00e4umen.<\/p>\n<p>Nur ein St\u00fcck verf\u00fcgbar.<\/p>\n<p><strong>M\u00f6glichkeiten<\/strong><\/p>\n<p>Der Dahua SD29204UE-GN zeigt Bilder in einer Full-HD-Aufl\u00f6sung von 1920\u00d71080 an. Die Kamera verf\u00fcgt \u00fcber einen eingebauten automatischen IR-Sperrfilter, was sie zu einer echten Tag-\/Nachtkamera macht. Bei Dunkelheit kann die Kamera die integrierte IR-Beleuchtung einschalten, die auch bei v\u00f6lliger Dunkelheit (0 Lux) f\u00fcr ein gestochen scharfes Bild sorgt. Die IR-Beleuchtung hat eine Reichweite von nicht weniger als 30 Metern. Die Kamera verf\u00fcgt au\u00dferdem \u00fcber einen 12odB Wide Dynamic Range (WDR) f\u00fcr optimale Bilder bei unterschiedlichen Lichtverh\u00e4ltnissen in einer Szene. Die Kamera verf\u00fcgt \u00fcber ein eingebautes Mikrofon.<\/p>\n<p>Bilder k\u00f6nnen unter anderem auf einem Netzwerk-Videorecorder (NVR) gespeichert werden. Die Kamera verf\u00fcgt au\u00dferdem \u00fcber die M\u00f6glichkeit, in der Kamera auf einer microSD-Speicherkarte bis maximal 128 GB (nicht im Lieferumfang enthalten) aufzuzeichnen. Diese Kamera kann zur Daten\u00fcbertragung und Konnektivit\u00e4t eine drahtlose Verbindung zu einem Wi-Fi-Netzwerk herstellen.<\/p>\n<p>Dahua heeft een gratis Nederlandstalige app beschikbaar voor Apple iOS en Android. De camera heeft een interne webserver die met een webbrowser kan worden bekeken en beheerd. Op de website van Dahua is gratis Video Management Software (VMS) voor een computer te downloaden. Onder de tab &#8220;Documentatie&#8221; is onder meer een link naar de productpagina van de fabrikant opgenomen. De camera kan worden gevoed met een 12VDC voeding adapter (niet meegeleverd).<\/p>\n<p><strong>Wichtigste Funktionen<\/strong><\/p>\n<ul>\n<li>2-Megapixel-Full-HD-Schwenk-Neige-Zoom-Kamera mit 4-fach optischem Zoom<\/li>\n<li>Motorisierte Dome-Kamera<\/li>\n<li>802.11b\/g\/n Wi-Fi-Protokoll<\/li>\n<li>Tag-\/Nachtkamera mit automatischem mechanischem IR-Sperrfilter<\/li>\n<li>IR-Nachtsichtbeleuchtung<\/li>\n<li>Max. Schwenkgeschwindigkeit 100\u00b0\/s<\/li>\n<li>Bis zu 300 Voreinstellungen, 5 Auto-Scan, 8 Tour, 5 Muster-PTZ<\/li>\n<li>Eingebautes Mikrophon<\/li>\n<li>Aufnahme in der Kamera auf SD-Karte<\/li>\n<li>120 dB breiter Dynamikbereich (WDR)<\/li>\n<li>Zonen-optionale Hintergrundbeleuchtungskompensation (BLC)<\/li>\n<li>3D-Digital-Rauschunterdr\u00fcckung (3D-DNR)<\/li>\n<li>Bewegungserkennung, Manipulationsalarm, Privatzonenmaske<\/li>\n<li>ONVIF-Protokoll<\/li>\n<li>Stromversorgung \u00fcber 12VDC-Adapter<\/li>\n<\/ul>\n<p><a href=\"https:\/\/staging.webstore4.com\/Copyright\/\" target=\"_blank\" rel=\"noopener\"><span style=\"color: #ff6e03; font-size: 11px;\">\u00a9 Der Text ist urheberrechtlich gesch\u00fctzt<\/span><\/a><\/p>","protected":false},"excerpt":{"rendered":"<p>De Dahua SD29204UE-GN-W is een 2 megapixel Starlight Full HD PTZ mini dome gemotoriseerde camera voor binnen met 4x optische zoom, infrarood nachtzicht, Wi-Fi, microfoon en SD kaart opname. De camera kan kantelen, draaien en zoomen (Pan\/Tilt\/Zoom) en is zeer geschikt voor gebruik bij woningen, kantoren, restaurants, hotels en bedrijfsruimten. Slechts \u00e9\u00e9n stuks beschikbaar. Mogelijkheden<\/p>\n<div class=\"klb-readmore button\"><a class=\"btn link\" href=\"https:\/\/staging.webstore4.com\/de\/product\/dahua-sd29204ue-gn-w-2mp-ptz-mini-dome-wi-fi\/\">Mehr lesen <i class=\"klbth-icon-right-arrow\"><\/i><\/a><\/div>","protected":false},"featured_media":8900,"comment_status":"open","ping_status":"closed","template":"","meta":[],"pwb-brand":[3376],"product_cat":[3435,4184,4185,4200],"product_tag":[],"class_list":{"0":"post-12754","1":"product","2":"type-product","3":"status-publish","4":"has-post-thumbnail","6":"pwb-brand-dahua","7":"product_cat-ip-cameras","8":"product_cat-cameras","9":"product_cat-180-360-ptz-cameras","10":"product_cat-dome-eyeball-cameras-cameras","11":"product_shipping_class-pakket","12":"pa_aanbieding-opop","13":"pa_audio-microfoon","14":"pa_beeldhoek-graden-horizontaal-112-5-30","15":"pa_beeldsensor-1-2-8-cmos","16":"pa_dag-nacht-ir-cut-filter-ja","17":"pa_draadloos-protocol-wi-fi-802-11bgn","18":"pa_geheugenkaart-type-micro-sdsdhcsdxc-128gb","19":"pa_ingebouwd-type-nachtzicht-infrared-ir-led","20":"pa_lens-mm-2-7-11","21":"pa_megapixel-2mp","22":"pa_merk-dahua","23":"pa_minimale-verlichting-0-005-lux-0-lux-met-ir","24":"pa_mobiele-app-fabrikant-ja","25":"pa_nachtzicht-ja","26":"pa_omgeving-binnen","27":"pa_opnemen-op-sd-kaart-ja","28":"pa_product-status-a","29":"pa_resolutie-max-pixels-full-hd-1920x1080","30":"pa_vandaalbestendig-nee","31":"pa_voeding-12vdc","32":"pa_wdr-ja","34":"first","35":"instock","36":"sale","37":"sold-individually","38":"taxable","39":"shipping-taxable","40":"purchasable","41":"product-type-simple"},"brands":[{"id":3376,"name":"Dahua","slug":"dahua"}],"_links":{"self":[{"href":"https:\/\/staging.webstore4.com\/de\/wp-json\/wp\/v2\/product\/12754","targetHints":{"allow":["GET"]}}],"collection":[{"href":"https:\/\/staging.webstore4.com\/de\/wp-json\/wp\/v2\/product"}],"about":[{"href":"https:\/\/staging.webstore4.com\/de\/wp-json\/wp\/v2\/types\/product"}],"replies":[{"embeddable":true,"href":"https:\/\/staging.webstore4.com\/de\/wp-json\/wp\/v2\/comments?post=12754"}],"wp:featuredmedia":[{"embeddable":true,"href":"https:\/\/staging.webstore4.com\/de\/wp-json\/wp\/v2\/media\/8900"}],"wp:attachment":[{"href":"https:\/\/staging.webstore4.com\/de\/wp-json\/wp\/v2\/media?parent=12754"}],"wp:term":[{"taxonomy":"pwb-brand","embeddable":true,"href":"https:\/\/staging.webstore4.com\/de\/wp-json\/wp\/v2\/pwb-brand?post=12754"},{"taxonomy":"product_cat","embeddable":true,"href":"https:\/\/staging.webstore4.com\/de\/wp-json\/wp\/v2\/product_cat?post=12754"},{"taxonomy":"product_tag","embeddable":true,"href":"https:\/\/staging.webstore4.com\/de\/wp-json\/wp\/v2\/product_tag?post=12754"}],"curies":[{"name":"wp","href":"https:\/\/api.w.org\/{rel}","templated":true}]}}