{"id":12841,"date":"2023-11-17T08:42:58","date_gmt":"2023-11-17T06:42:58","guid":{"rendered":"https:\/\/webstore4.com\/?post_type=product&#038;p=12841"},"modified":"2024-06-21T13:18:33","modified_gmt":"2024-06-21T12:18:33","slug":"wl4-sp-aa-50w-50-watt-2-77a-zonnepaneel","status":"publish","type":"product","link":"https:\/\/staging.webstore4.com\/de\/product\/wl4-sp-aa-50w-50-watt-2-77a-zonnepaneel\/","title":{"rendered":"WL4 SP-AA-50W 50 Watt 2,77A Solarpanel im Aluminiumrahmen"},"content":{"rendered":"<p>Das WL4 SP-A-50W ist ein 50-Watt-Solarpanel. Der WL4 SP-A-50W liefert maximal 2,86 Ah und 17,5 VDC und ist in einem stabilen Aluminiumrahmen untergebracht, sodass er sich nicht verbiegt. Das Panel darf nicht w\u00e4rmer als 80 Grad Celsius werden. Daher ist es wichtig, dass f\u00fcr eine ausreichende K\u00fchlung, beispielsweise durch Bel\u00fcftung, gesorgt ist.<\/p>\n<p>Das Solarpanel verf\u00fcgt \u00fcber 2 Kabel von 95 cm, jeweils mit einem halben M4-Stecker, 1x Stecker und 1x Buchse.<br \/>\nZum Anschluss an Kabel ist 1x vollwertiger M4-Stecker erforderlich. Den passenden M4-Stecker finden Sie unter dem Reiter \u201eOptionen\u201c.<\/p>\n<p>Wie lange ein Ger\u00e4t mit einer Solaranlage betrieben werden kann, h\u00e4ngt unter anderem vom Verbrauch des Ger\u00e4ts, der Umgebungstemperatur, der Anzahl der Tageslichtstunden und Lichtintensit\u00e4t, der Kapazit\u00e4t des Solarpanels und der Batterie ab.<br \/>\nLiefert dieses Solarpanel zu viel oder zu wenig Strom? Dar\u00fcber hinaus haben wir in unserem Online-Shop weitere Solarmodule und Komplettsets sowie alle Einzelkomponenten, um eine komplette Solaranlage selbst zusammenzustellen.<\/p>\n<p><strong>Wichtige Funktionen<\/strong><\/p>\n<ul>\n<li>50 Watt Solarpanel 700x540x30 im Aluminiumrahmen<\/li>\n<li>1x M4-Stecker (1x Stecker und 1x Buchse)<\/li>\n<li>Polykristalline Zellen<\/li>\n<li>Maximal 2,77 A<\/li>\n<li>Maximal 18 VDC<\/li>\n<\/ul>\n<p><a href=\"https:\/\/www.webstore4ipcameras.nl\/Copyright\" target=\"_blank\" rel=\"noopener\"><span style=\"color: #ff6e03; font-size: 11px;\">\u00a9 Der Text ist urheberrechtlich gesch\u00fctzt<\/span><\/a><\/p>","protected":false},"excerpt":{"rendered":"<p>Das WL4 SP-A-50W ist ein 50-Watt-Solarpanel. Der WL4 SP-A-50W liefert maximal 2,86 Ah und 17,5 VDC und ist in einem stabilen Aluminiumrahmen untergebracht, sodass er sich nicht verbiegt. Das Panel darf nicht w\u00e4rmer als 80 Grad Celsius werden. Daher ist es wichtig, dass f\u00fcr eine ausreichende K\u00fchlung, beispielsweise durch Bel\u00fcftung, gesorgt ist.<\/p>\n<div class=\"klb-readmore button\"><a class=\"btn link\" href=\"https:\/\/staging.webstore4.com\/de\/product\/wl4-sp-aa-50w-50-watt-2-77a-zonnepaneel\/\">Mehr lesen <i class=\"klbth-icon-right-arrow\"><\/i><\/a><\/div>","protected":false},"featured_media":14411,"comment_status":"open","ping_status":"closed","template":"","meta":[],"pwb-brand":[3380],"product_cat":[4247,4248],"product_tag":[],"class_list":{"0":"post-12841","1":"product","2":"type-product","3":"status-publish","4":"has-post-thumbnail","6":"pwb-brand-wl4","7":"product_cat-duurzaamheid","8":"product_cat-zonnepanelen","9":"product_shipping_class-pakket","10":"pa_ampereuur-2-77a","11":"pa_garantie-2-jaar","12":"pa_merk-wl4","13":"pa_product-zonnepaneel","14":"pa_wattage-zonnepaneel-50-watt","16":"first","17":"onbackorder","18":"sold-individually","19":"taxable","20":"shipping-taxable","21":"purchasable","22":"product-type-simple"},"brands":[{"id":3380,"name":"WL4","slug":"wl4"}],"_links":{"self":[{"href":"https:\/\/staging.webstore4.com\/de\/wp-json\/wp\/v2\/product\/12841","targetHints":{"allow":["GET"]}}],"collection":[{"href":"https:\/\/staging.webstore4.com\/de\/wp-json\/wp\/v2\/product"}],"about":[{"href":"https:\/\/staging.webstore4.com\/de\/wp-json\/wp\/v2\/types\/product"}],"replies":[{"embeddable":true,"href":"https:\/\/staging.webstore4.com\/de\/wp-json\/wp\/v2\/comments?post=12841"}],"wp:featuredmedia":[{"embeddable":true,"href":"https:\/\/staging.webstore4.com\/de\/wp-json\/wp\/v2\/media\/14411"}],"wp:attachment":[{"href":"https:\/\/staging.webstore4.com\/de\/wp-json\/wp\/v2\/media?parent=12841"}],"wp:term":[{"taxonomy":"pwb-brand","embeddable":true,"href":"https:\/\/staging.webstore4.com\/de\/wp-json\/wp\/v2\/pwb-brand?post=12841"},{"taxonomy":"product_cat","embeddable":true,"href":"https:\/\/staging.webstore4.com\/de\/wp-json\/wp\/v2\/product_cat?post=12841"},{"taxonomy":"product_tag","embeddable":true,"href":"https:\/\/staging.webstore4.com\/de\/wp-json\/wp\/v2\/product_tag?post=12841"}],"curies":[{"name":"wp","href":"https:\/\/api.w.org\/{rel}","templated":true}]}}