{"id":12931,"date":"2023-11-20T11:30:11","date_gmt":"2023-11-20T09:30:11","guid":{"rendered":"https:\/\/webstore4.com\/?post_type=product&#038;p=12931"},"modified":"2024-06-19T07:43:47","modified_gmt":"2024-06-19T06:43:47","slug":"hikvision-ds-kd-acw1-zwarte-intercom-enkelvoudig","status":"publish","type":"product","link":"https:\/\/staging.webstore4.com\/de\/product\/hikvision-ds-kd-acw1-zwarte-intercom-enkelvoudig\/","title":{"rendered":"Hikvision DS-KD-ACW1-B Schwarze IP-Video-Gegensprechanlage f\u00fcr den Au\u00dfenbereich, einzelnes Aufputzgeh\u00e4use"},"content":{"rendered":"<div class=\"video-frame-box\" style=\"width: 100%; max-width: 480px; max-height: 270px; float: right; padding: 0px 10px 10px 10px;\">\n<div class=\"video-frame\"><iframe src=\"\/\/www.youtube.com\/embed\/TW-K5pFtcVg?rel=0&amp;modestbranding=1&amp;showinfo=0&amp;autohide=1\" width=\"480\" height=\"270\" frameborder=\"0\"><\/iframe><\/div>\n<\/div>\n<p>Das Hikvision DS-KD-ACW1-B ist ein schwarzes, komplettes, einzelnes Aufputzgeh\u00e4use f\u00fcr den Einsatz im modularen Hikvision IP-Gegensprechsystem der zweiten Generation. Das Geh\u00e4use besteht aus Aluminium. Das Datenblatt haben wir unter dem Reiter \u201eDokumentation\u201c eingebunden.<\/p>\n<p><strong>Haupteigenschaften<\/strong><\/p>\n<ul>\n<li>Einzelnes Aufputzgeh\u00e4use<\/li>\n<li>Flexibles Baukastensystem<\/li>\n<li>Luftfahrtaluminium<\/li>\n<\/ul>\n<p><a href=\"https:\/\/staging.webstore4.com\/Copyright\/\" target=\"_blank\" rel=\"noopener\"><span style=\"color: #ff6e03; font-size: 11px;\">\u00a9 Der Text ist urheberrechtlich gesch\u00fctzt<\/span><\/a><\/p>\n<p>&nbsp;<\/p>","protected":false},"excerpt":{"rendered":"<p>De Hikvision DS-KD-ACW1-B is een zwarte complete enkelvoudige opbouw behuizing voor gebruik in het modulaire Hikvision second generation IP intercom systeem. De behuizing is van aluminium. Onder het tabblad &#8216;Documentatie&#8217; hebben wij de datasheet opgenomen. Belangrijkste eigenschappen Enkelvoudige opbouwbehuizing Flexibel modulair systeem Aviation Aluminium \u00a9 Tekst is auteursrechtelijk beschermd &nbsp;<\/p>","protected":false},"featured_media":12932,"comment_status":"open","ping_status":"closed","template":"","meta":[],"pwb-brand":[3367],"product_cat":[4178,4182,4227,4228],"product_tag":[1712],"class_list":{"0":"post-12931","1":"product","2":"type-product","3":"status-publish","4":"has-post-thumbnail","6":"pwb-brand-hikvision","7":"product_cat-intercom","8":"product_cat-hikvision-ip-video","9":"product_cat-series-intercom","10":"product_cat-hikvision-2nd-generation","11":"product_tag-ds-kd-acw1","12":"product_shipping_class-pakket","13":"pa_behuizing-1-module","14":"pa_kleur-zwart","15":"pa_materiaal-aluminium","16":"pa_merk-hikvision","17":"pa_modulair-ja","18":"pa_montage-inbouw","19":"pa_omgeving-binnen-en-buiten","20":"pa_product-modulair","21":"pa_product-status-a","22":"pa_vandaalbestendig-nee","24":"first","25":"instock","26":"taxable","27":"shipping-taxable","28":"purchasable","29":"product-type-simple"},"brands":[{"id":3367,"name":"Hikvision","slug":"hikvision"}],"_links":{"self":[{"href":"https:\/\/staging.webstore4.com\/de\/wp-json\/wp\/v2\/product\/12931","targetHints":{"allow":["GET"]}}],"collection":[{"href":"https:\/\/staging.webstore4.com\/de\/wp-json\/wp\/v2\/product"}],"about":[{"href":"https:\/\/staging.webstore4.com\/de\/wp-json\/wp\/v2\/types\/product"}],"replies":[{"embeddable":true,"href":"https:\/\/staging.webstore4.com\/de\/wp-json\/wp\/v2\/comments?post=12931"}],"wp:featuredmedia":[{"embeddable":true,"href":"https:\/\/staging.webstore4.com\/de\/wp-json\/wp\/v2\/media\/12932"}],"wp:attachment":[{"href":"https:\/\/staging.webstore4.com\/de\/wp-json\/wp\/v2\/media?parent=12931"}],"wp:term":[{"taxonomy":"pwb-brand","embeddable":true,"href":"https:\/\/staging.webstore4.com\/de\/wp-json\/wp\/v2\/pwb-brand?post=12931"},{"taxonomy":"product_cat","embeddable":true,"href":"https:\/\/staging.webstore4.com\/de\/wp-json\/wp\/v2\/product_cat?post=12931"},{"taxonomy":"product_tag","embeddable":true,"href":"https:\/\/staging.webstore4.com\/de\/wp-json\/wp\/v2\/product_tag?post=12931"}],"curies":[{"name":"wp","href":"https:\/\/api.w.org\/{rel}","templated":true}]}}