{"id":13189,"date":"2023-11-26T14:00:50","date_gmt":"2023-11-26T12:00:50","guid":{"rendered":"https:\/\/webstore4.com\/?post_type=product&#038;p=13189"},"modified":"2024-04-19T15:19:09","modified_gmt":"2024-04-19T14:19:09","slug":"hikvision-ds-2cd2t47g2h-li-colorvu-4mp-bullet-camera-2-8mm","status":"publish","type":"product","link":"https:\/\/staging.webstore4.com\/de\/product\/hikvision-ds-2cd2t47g2h-li-colorvu-4mp-bullet-camera-2-8mm\/","title":{"rendered":"Hikvision DS-2CD2T47G2H-LI-B Schwarze ColorVu 4MP Full HD Bullet-Au\u00dfenkamera mit 2,8-mm-Objektiv, wei\u00dfer LED-Nachtsicht, PoE, 130 dB WDR und microSD-Aufzeichnung"},"content":{"rendered":"<p>De Hikvision DS-2CD2T47G2H-LI ColorVu is een 4MP Full HD bullet buiten camera met 2.8 mm lens, warm wit LED nachtzicht, PoE, 120dB WDR en microSD opname mogelijkheid. De camera beschikt over Hikvision ColorVu techniek waarmee de camera in het donker nog steeds een kleurenbeeld kan geven.<\/p>\n<p>Der Hikvision DS-2CD2T47G2H-LI ist Teil der Hikvision AcuSense-Serie von Hikvision. Bei den Kameras der AcuSense-Serie handelt es sich um fortschrittliche Kameras, die umfassende Algorithmen und k\u00fcnstliche Intelligenz nutzen, um eine genaue Einbrucherkennung zu erm\u00f6glichen. Die Kameras unterscheiden effektiv zwischen wichtigen Bewegungen, wie z. B. Personen und Fahrzeugen, und unwichtigen Aktivit\u00e4ten, wie z. B. Tieren oder sich bewegenden \u00c4sten. Dadurch werden Fehlalarme minimiert und gezielte Warnungen bereitgestellt, was eine effizientere und effektivere \u00dcberwachung erm\u00f6glicht.<\/p>\n<p><strong>M\u00f6glichkeiten<\/strong><\/p>\n<p>Der Hikvision DS-2CD2T47G1-L zeigt Bilder in Full HD 2688\u00d71520 Aufl\u00f6sung an. Die Kamera verf\u00fcgt \u00fcber einen sehr lichtempfindlichen Bildsensor f\u00fcr brauchbare Farbbilder bei schlechten Lichtverh\u00e4ltnissen. Die Kamera verf\u00fcgt \u00fcber Wei\u00dflicht-LED-Lampen, sodass auch im Dunkeln Farbbilder aufgenommen werden k\u00f6nnen. Die LED-Beleuchtung hat eine Reichweite von nicht weniger als 30 Metern. Die Kamera verf\u00fcgt \u00fcber einen Wide Dynamic Range (WDR) von 120 dB, wodurch die Kamera auch mit komplexen Lichtverh\u00e4ltnissen wie Gegenlicht durch die Sonne oder Autoscheinwerfern sehr gut zurechtkommt.<\/p>\n<p>De camera beschikt over een vaste 2.8 mm lens met een horizontale beeldhoek van 104 graden. De camera heeft de mogelijkheid om op te nemen op een SD kaart in de camera tot maximaal 512Gb. Beelden kunnen ook worden opgeslagen op een NAS\/NVR.<\/p>\n<p>Hikvision bietet eine kostenlose niederl\u00e4ndische Mobil-App an. Video Management Software (iVMS) f\u00fcr einen Computer oder Mac kann kostenlos von der Hikvision-Website heruntergeladen werden. Die Kamera verf\u00fcgt \u00fcber einen internen Webserver, der \u00fcber einen Webbrowser angezeigt und verwaltet werden kann. Der Reiter \u201eDokumentation\u201c enth\u00e4lt einen Link zur Produktseite des Herstellers.<\/p>\n<p>Die Hikvision DS-2CD2T47G2H-LI verf\u00fcgt \u00fcber die Schutzart IP67, wodurch sich die Kamera ideal f\u00fcr den Au\u00dfenbereich eignet. Zur einfacheren Installation kann die Kamera \u00fcber das Netzwerkkabel mit Power over Ethernet (Standard 802.3af POE) mit Strom versorgt werden. PoE kann \u00fcber einen PoE-NVR, einen PoE-Switch oder mit einem PoE-Injektor bezogen werden. Die Kamera kann auch mit einem optionalen 12-V-Netzteil mit Strom versorgt werden. Unter dem Reiter \u201eOptionen\u201c k\u00f6nnen Sie angeben, ob ein Adapter enthalten sein soll. Unter dem Reiter \u201eOptionen\u201c sind auch passende Montagehalterungen enthalten. Die Kamera ist manuell \u00fcber 3 Achsen verstellbar.<\/p>\n<p><strong>Wichtigste Funktionen<\/strong><\/p>\n<ul>\n<li>4-Megapixel-ColorVu-Full-HD-Kamera<\/li>\n<li>Tag-\/Nachtkamera<\/li>\n<li>Warmwei\u00dfe LED-Beleuchtung bis zu 60 Meter<\/li>\n<li>130 dB breiter Dynamikbereich (WDR)<\/li>\n<li>ONVIF-Protokoll<\/li>\n<li>H.265+, H.265, H.264+, H.264-Komprimierungstechnologie<\/li>\n<li>Nehmen Sie auf einer microSD-Karte mit bis zu 512 GB auf<\/li>\n<li>Erkennung von Linien\u00fcberschreitungen, Einbrucherkennung, Bereichseintritt\/-ausgang, Objektentfernung<\/li>\n<li>Stromversorgung mit 12VDC oder PoE (802.3af)<\/li>\n<li>Geeignet f\u00fcr den Au\u00dfenbereich (IP67)<\/li>\n<li>Kostenlose App und Software<\/li>\n<\/ul>\n<p><a href=\"https:\/\/www.webstore4ipcameras.nl\/Copyright\" target=\"_blank\" rel=\"noopener\"><span style=\"color: #ff6e03; font-size: 11px;\">\u00a9 Der Text ist urheberrechtlich gesch\u00fctzt<\/span><\/a><\/p>\n<div style=\"width: 960px;\" class=\"wp-video\"><!--[if lt IE 9]><script>document.createElement('video');<\/script><![endif]-->\n<video class=\"wp-video-shortcode\" id=\"video-13189-1\" width=\"960\" height=\"540\" preload=\"metadata\" controls=\"controls\"><source type=\"video\/mp4\" src=\"https:\/\/staging.webstore4.com\/wp-content\/uploads\/2019\/07\/ColorVu-vs-IR-WebStore4.mp4?_=1\" \/><a href=\"https:\/\/staging.webstore4.com\/wp-content\/uploads\/2019\/07\/ColorVu-vs-IR-WebStore4.mp4\">https:\/\/staging.webstore4.com\/wp-content\/uploads\/2019\/07\/ColorVu-vs-IR-WebStore4.mp4<\/a><\/video><\/div>","protected":false},"excerpt":{"rendered":"<p>Die Hikvision DS-2CD2T47G2H-LI ColorVu ist eine 4-MP-Full-HD-Bullet-Au\u00dfenkamera mit einem 2,8-mm-Objektiv.<\/p>","protected":false},"featured_media":13184,"comment_status":"open","ping_status":"closed","template":"","meta":[],"pwb-brand":[3367],"product_cat":[3435,4184,4219],"product_tag":[797],"class_list":{"0":"post-13189","1":"product","2":"type-product","3":"status-publish","4":"has-post-thumbnail","6":"pwb-brand-hikvision","7":"product_cat-ip-cameras","8":"product_cat-cameras","9":"product_cat-bullet-box-cameras-cameras","10":"product_tag-ds-2cd2t47g1-l","11":"product_shipping_class-pakket","12":"pa_audio-nee","13":"pa_beeldhoek-graden-horizontaal-3856","14":"pa_beeldsensor-1-1-8-cmos","15":"pa_dag-nacht-ir-cut-filter-ja","16":"pa_draadloos-nee","17":"pa_geheugenkaart-type-micro-sd-sdhc-sdxc-512gb","18":"pa_ingebouwd-type-nachtzicht-infrared-ir-led","19":"pa_ingebouwd-type-nachtzicht-wit-led","20":"pa_lens-mm-2-8","21":"pa_megapixel-4mp","22":"pa_merk-hikvision","23":"pa_minimale-verlichting-0-0005-lux-0-lux-met-ir","24":"pa_mobiele-app-fabrikant-ja","25":"pa_nachtzicht-ja","26":"pa_omgeving-binnen-en-buiten","27":"pa_opnemen-op-sd-kaart-ja","28":"pa_poe-802-3af","29":"pa_product-status-a","30":"pa_resolutie-max-pixels-full-hd-2688x1520","31":"pa_voeding-12vdc","32":"pa_voeding-poe","33":"pa_wdr-ja","35":"first","36":"onbackorder","37":"taxable","38":"shipping-taxable","39":"purchasable","40":"product-type-simple"},"brands":[{"id":3367,"name":"Hikvision","slug":"hikvision"}],"_links":{"self":[{"href":"https:\/\/staging.webstore4.com\/de\/wp-json\/wp\/v2\/product\/13189","targetHints":{"allow":["GET"]}}],"collection":[{"href":"https:\/\/staging.webstore4.com\/de\/wp-json\/wp\/v2\/product"}],"about":[{"href":"https:\/\/staging.webstore4.com\/de\/wp-json\/wp\/v2\/types\/product"}],"replies":[{"embeddable":true,"href":"https:\/\/staging.webstore4.com\/de\/wp-json\/wp\/v2\/comments?post=13189"}],"wp:featuredmedia":[{"embeddable":true,"href":"https:\/\/staging.webstore4.com\/de\/wp-json\/wp\/v2\/media\/13184"}],"wp:attachment":[{"href":"https:\/\/staging.webstore4.com\/de\/wp-json\/wp\/v2\/media?parent=13189"}],"wp:term":[{"taxonomy":"pwb-brand","embeddable":true,"href":"https:\/\/staging.webstore4.com\/de\/wp-json\/wp\/v2\/pwb-brand?post=13189"},{"taxonomy":"product_cat","embeddable":true,"href":"https:\/\/staging.webstore4.com\/de\/wp-json\/wp\/v2\/product_cat?post=13189"},{"taxonomy":"product_tag","embeddable":true,"href":"https:\/\/staging.webstore4.com\/de\/wp-json\/wp\/v2\/product_tag?post=13189"}],"curies":[{"name":"wp","href":"https:\/\/api.w.org\/{rel}","templated":true}]}}