{"id":13269,"date":"2023-11-29T14:59:16","date_gmt":"2023-11-29T12:59:16","guid":{"rendered":"https:\/\/webstore4.com\/?post_type=product&#038;p=13269"},"modified":"2024-04-19T15:19:11","modified_gmt":"2024-04-19T14:19:11","slug":"hikvision-ds-2de4a425iwg-e-acusense-4mp-speed-dome-ptz","status":"publish","type":"product","link":"https:\/\/staging.webstore4.com\/de\/product\/hikvision-ds-2de4a425iwg-e-acusense-4mp-speed-dome-ptz\/","title":{"rendered":"Hikvision DS-2DE4A425IWG-E AcuSense Full HD 4MP Speed Dome PTZ f\u00fcr den Au\u00dfenbereich mit 25-fach optischem Zoom, 50 m IR-Nachtsicht, microSD, 120 dB WDR und PoE"},"content":{"rendered":"<p>Die Hikvision DS-2DE4A425IWG-E AcuSense ist eine Full HD 4MP Speeddome PTZ-\u00dcberwachungskamera mit 25-fachem optischem Zoom und 16-fachem Digitalzoom, 50 m IR-Nachtsicht, PoE-Stromversorgung und der M\u00f6glichkeit zur Aufzeichnung auf einer microSD (nicht im Lieferumfang enthalten). Die Kamera verf\u00fcgt \u00fcber 120 dB WDR und ist f\u00fcr den Au\u00dfenbereich geeignet. Die Kamera kann geneigt, gedreht und gezoomt werden (Schwenken\/Neigen\/Zoomen).<\/p>\n<p>Der Hikvision DS-2DE4A425IWG-E ist Teil der Hikvision AcuSense-Serie von Hikvision. Bei den Kameras der AcuSense-Serie handelt es sich um fortschrittliche Kameras, die umfassende Algorithmen und k\u00fcnstliche Intelligenz nutzen, um eine genaue Einbrucherkennung zu erm\u00f6glichen. Die Kameras unterscheiden effektiv zwischen wichtigen Bewegungen, wie z. B. Personen und Fahrzeugen, und unwichtigen Aktivit\u00e4ten, wie z. B. Tieren oder sich bewegenden \u00c4sten. Dadurch werden Fehlalarme minimiert und gezielte Warnungen bereitgestellt, was eine effizientere und effektivere \u00dcberwachung erm\u00f6glicht.<\/p>\n<p><strong>M\u00f6glichkeiten<\/strong><\/p>\n<p>Der Hikvision DS-2DE4A425IWG-E zeigt Bilder in einer Full-HD-Aufl\u00f6sung von 2560 x 1440 an. Die Kamera verf\u00fcgt \u00fcber einen eingebauten automatischen IR-Sperrfilter, was sie zu einer echten Tag-\/Nachtkamera macht. Bei Dunkelheit kann die Kamera die integrierte IR-Beleuchtung einschalten, die auch bei v\u00f6lliger Dunkelheit (0 Lux) f\u00fcr ein gestochen scharfes Bild sorgt. Die IR-Beleuchtung hat eine Reichweite von 50 Metern. Die Kamera verf\u00fcgt \u00fcber einen 120 dB Wide Dynamic Range (WDR), wodurch die Kamera auch mit komplexen Lichtverh\u00e4ltnissen, beispielsweise durch Gegenlicht der Sonne oder Autoscheinwerfer, sehr gut zurechtkommt.<\/p>\n<p>Das motorisierte 4,8- bis 120-mm-Varioobjektiv erm\u00f6glicht das Vergr\u00f6\u00dfern und Verkleinern der Kamera mit einem horizontalen Bildwinkel zwischen 57,6 und 2,5 Grad. Die Kamera verf\u00fcgt \u00fcber einen 25-fachen optischen Zoom und einen 16-fachen Digitalzoom. Die Kamera kann endlos um 360 Grad gedreht und mit einer Auto-Flip-Funktion zwischen -15 und 90 Grad geneigt werden. Die Rotations- und Neigungsgeschwindigkeit betr\u00e4gt 80 Grad pro Sekunde. Die Kamera verf\u00fcgt \u00fcber Voreinstellungs-, Auto-Pattern-, Auto-Patrol- und Auto-Pan-Funktionen.<\/p>\n<p>Die Hikvision DS-2DE4A425IWG-E verf\u00fcgt wie viele andere Kameras der DE-Serie \u00fcber die Powered-by-DarkFighter-Technologie. Diese Technologie wurde speziell entwickelt, um in Umgebungen mit wenig Licht klare und scharfe Bilder zu erzeugen. Es nutzt fortschrittliche Sensortechnologie und Bildverarbeitungsalgorithmen, um Bilder bei schlechten Lichtverh\u00e4ltnissen zu verbessern und so eine bessere Farbwiedergabe, Kontraste und Details zu gew\u00e4hrleisten. Dies tr\u00e4gt dazu bei, eine zuverl\u00e4ssigere und klarere Video\u00fcberwachung zu erm\u00f6glichen.<\/p>\n<p>Die Kamera verf\u00fcgt \u00fcber intelligente Erkennungsfunktionen wie Bewegungserkennung, Video-Manipulationsalarm, Linien\u00fcberschreitungserkennung, Einbrucherkennung, Bereichseingangserkennung, Bereichsausgangserkennung, Erkennung unbeaufsichtigten Gep\u00e4cks und Erkennung der Entfernung von Objekten. Bilder k\u00f6nnen unter anderem auf einem Netzwerk-Videorecorder (NVR) gespeichert werden. Die Kamera verf\u00fcgt au\u00dferdem \u00fcber die M\u00f6glichkeit, in der Kamera auf einer microSD-Speicherkarte mit bis zu maximal 256 GB aufzuzeichnen.<\/p>\n<p>Hikvision bietet eine kostenlose mobile App f\u00fcr Apple iOS und Android. Die Kamera verf\u00fcgt \u00fcber einen internen Webserver, der \u00fcber einen Webbrowser angezeigt und verwaltet werden kann. Die kostenlose Video Management Software (VMS) kann von der Hikvision-Website heruntergeladen werden. Auf der Registerkarte \u201eDokumentation\u201c finden Sie einen Link zum Datenblatt und zur Produktseite des Herstellers.<\/p>\n<p>Die Hikvision DS-2DE4A425IWG-E verf\u00fcgt \u00fcber die Schutzart IP66, wodurch sich die Kamera ideal f\u00fcr den Au\u00dfenbereich eignet. Das Geh\u00e4use der Kamera besteht aus Kunststoff und Metall. Zur einfacheren Installation kann die Kamera \u00fcber das Netzwerkkabel mit Power over Ethernet (Standard 802.3at POE+) mit Strom versorgt werden. PoE kann \u00fcber einen PoE-NVR, einen PoE-Switch oder mit einem PoE-Injektor bezogen werden. Die Kamera kann auch mit dem mitgelieferten 12-V-Gleichstrom-Netzteil mit Netzkabel betrieben werden. Geeignete Hikvision-Montagehalterungen sind unter der Registerkarte \u201e\u00c4hnliche\u201c aufgef\u00fchrt.<\/p>\n<p><strong>Wichtigste Funktionen<\/strong><\/p>\n<ul>\n<li>4-Megapixel-Full-HD-PTZ-Kamera mit 25-fachem optischen Zoom und 16-fachem Digitalzoom<\/li>\n<li>Tag-\/Nachtkamera mit automatischem mechanischem IR-Sperrfilter und DarkFighter-Technologie<\/li>\n<li>Intelligente IR-Nachtsichtbeleuchtung bis zu 50 Meter<\/li>\n<li>Aufnahme in der Kamera auf SD-Karte mit max. 256 GB (nicht im Lieferumfang enthalten)<\/li>\n<li>120 dB breiter Dynamikbereich (WDR)<\/li>\n<li>Zonen-optionale Gegenlichtkompensation (BLC)<\/li>\n<li>3D-Digital-Rauschunterdr\u00fcckung (3D-DNR)<\/li>\n<li>Intelligente Funktionen wie; Bewegungserkennung, Manipulationsalarm, Privatzonenmaske<\/li>\n<li>300 Voreinstellungen, Musterscan, Patrouillenscan, automatischer Scan, Neigungsscan, Zufallsscan, Rahmenscan, Panoramascan<\/li>\n<li>H.265+-Codec<\/li>\n<li>Stromversorgung \u00fcber 12VDC-Adapter oder \u00fcber PoE plus (802.3at)<\/li>\n<li>Wetterfest IP66<\/li>\n<li>Betriebstemperaturbereich -30 \u00b0C bis +65 \u00b0C<\/li>\n<\/ul>\n<p><a href=\"https:\/\/staging.webstore4.com\/Copyright\/\" target=\"_blank\" rel=\"noopener\"><span style=\"color: #ff6e03; font-size: 11px;\">\u00a9 Der Text ist urheberrechtlich gesch\u00fctzt<\/span><\/a><\/p>\n<p><iframe title=\"DarkFighterX \u2013 Hikvision stellt die n\u00e4chste Stufe der \u00dcberwachung vor\" width=\"960\" height=\"540\" src=\"https:\/\/www.youtube.com\/embed\/1AwNY4XXcGk?feature=oembed&#038;enablejsapi=1&#038;origin=https:\/\/staging.webstore4.com\" frameborder=\"0\" allow=\"accelerometer; autoplay; clipboard-write; encrypted-media; gyroscope; picture-in-picture; web-share\" allowfullscreen><\/iframe><\/p>","protected":false},"excerpt":{"rendered":"<p>Die Hikvision DS-2DE4A425IWG-E ist eine AcuSense Speeddome 4MP PTZ-Kamera.<\/p>","protected":false},"featured_media":13277,"comment_status":"open","ping_status":"closed","template":"","meta":[],"pwb-brand":[3367],"product_cat":[3435,4184,4185,4198,4606],"product_tag":[],"class_list":{"0":"post-13269","1":"product","2":"type-product","3":"status-publish","4":"has-post-thumbnail","6":"pwb-brand-hikvision","7":"product_cat-ip-cameras","8":"product_cat-cameras","9":"product_cat-180-360-ptz-cameras","10":"product_cat-series","11":"product_cat-hikvision-acusense","12":"product_shipping_class-pakket","13":"pa_alarm-ingang-uitgang-nee","14":"pa_audio-nee","15":"pa_beeldhoek-graden-horizontaal-53-3-2-6","16":"pa_beeldsensor-1-2-8-cmos","17":"pa_dag-nacht-ir-cut-filter-ja","18":"pa_geheugenkaart-type-micro-sdsdhcsdxc-256gb","19":"pa_ingebouwd-type-nachtzicht-infrared-ir-led","20":"pa_lens-mm-4-8-120","21":"pa_materiaal-kunststof","22":"pa_materiaal-metaal","23":"pa_megapixel-4mp","24":"pa_merk-hikvision","25":"pa_minimale-verlichting-0-005-lux-0-lux-met-ir","26":"pa_mobiele-app-fabrikant-ja","27":"pa_nachtzicht-ja","28":"pa_omgeving-binnen-en-buiten","29":"pa_opnemen-op-sd-kaart-ja","30":"pa_poe-802-3at","31":"pa_product-status-a","32":"pa_resolutie-max-pixels-full-hd-2560x1440","33":"pa_vandaalbestendig-nee","34":"pa_verstelbare-assen-3631","35":"pa_voeding-12vdc","36":"pa_voeding-poe","37":"pa_wdr-ja","39":"first","40":"onbackorder","41":"taxable","42":"shipping-taxable","43":"purchasable","44":"product-type-simple"},"brands":[{"id":3367,"name":"Hikvision","slug":"hikvision"}],"_links":{"self":[{"href":"https:\/\/staging.webstore4.com\/de\/wp-json\/wp\/v2\/product\/13269","targetHints":{"allow":["GET"]}}],"collection":[{"href":"https:\/\/staging.webstore4.com\/de\/wp-json\/wp\/v2\/product"}],"about":[{"href":"https:\/\/staging.webstore4.com\/de\/wp-json\/wp\/v2\/types\/product"}],"replies":[{"embeddable":true,"href":"https:\/\/staging.webstore4.com\/de\/wp-json\/wp\/v2\/comments?post=13269"}],"wp:featuredmedia":[{"embeddable":true,"href":"https:\/\/staging.webstore4.com\/de\/wp-json\/wp\/v2\/media\/13277"}],"wp:attachment":[{"href":"https:\/\/staging.webstore4.com\/de\/wp-json\/wp\/v2\/media?parent=13269"}],"wp:term":[{"taxonomy":"pwb-brand","embeddable":true,"href":"https:\/\/staging.webstore4.com\/de\/wp-json\/wp\/v2\/pwb-brand?post=13269"},{"taxonomy":"product_cat","embeddable":true,"href":"https:\/\/staging.webstore4.com\/de\/wp-json\/wp\/v2\/product_cat?post=13269"},{"taxonomy":"product_tag","embeddable":true,"href":"https:\/\/staging.webstore4.com\/de\/wp-json\/wp\/v2\/product_tag?post=13269"}],"curies":[{"name":"wp","href":"https:\/\/api.w.org\/{rel}","templated":true}]}}