{"id":13282,"date":"2023-11-29T17:05:25","date_gmt":"2023-11-29T15:05:25","guid":{"rendered":"https:\/\/webstore4.com\/?post_type=product&#038;p=13282"},"modified":"2025-02-24T06:50:10","modified_gmt":"2025-02-24T05:50:10","slug":"ruijie-reyee-ew1200r-wi-fi-versterker","status":"publish","type":"product","link":"https:\/\/staging.webstore4.com\/de\/product\/ruijie-reyee-ew1200r-wi-fi-versterker\/","title":{"rendered":"Ruijie Reyee EW1200R WLAN-Verst\u00e4rker Dual-Flow und Dual-Band 2,4 GHz und 5 GHz 802.11ac 867 Mbit\/s Access Point mit kostenloser App"},"content":{"rendered":"<p>Der Reyee EW1200R der Marke Ruijie ist ein 802.11AC Dual-Flow- und Dual-Band-WLAN-Verst\u00e4rker, der f\u00fcr den Innenbereich geeignet ist. Der EW1200R ist mit einem Gigabit-Ethernet-Anschluss ausgestattet und kann \u00fcber den integrierten 100-240VAC-Stecker mit Strom versorgt werden.<\/p>\n<p>Ruijie Networks ist ein chinesisches Unternehmen, das sich auf Netzwerkger\u00e4te und -l\u00f6sungen spezialisiert hat. Reyee ist eine der Produktlinien, die sich auf Sicherheit, insbesondere im Bereich Cybersicherheit, konzentriert. Ruijie Reyee bietet verschiedene Sicherheitsl\u00f6sungen, darunter Firewalls, Intrusion-Detection-Systeme, Antivirensoftware und mehr, um Netzwerke vor Cyber-Bedrohungen zu sch\u00fctzen. Ihre Produkte sollen umfassenden Schutz sowohl f\u00fcr kleine als auch gro\u00dfe Netzwerkinfrastrukturen f\u00fcr den Gesch\u00e4fts- und Privatmarkt bieten.<\/p>\n<p><strong>M\u00f6glichkeiten<\/strong><\/p>\n<p>Der Reyee EW1200R ist ein WLAN-Booster f\u00fcr den Innenbereich, der h\u00e4ufig in Villen, Mehrfamilienh\u00e4usern, H\u00e4usern und Gewerbegeb\u00e4uden eingesetzt wird. Der Reyee EW1200R verf\u00fcgt \u00fcber einen LAN-Anschluss und bietet durch zwei integrierte WLAN-Antennen die M\u00f6glichkeit, das WLAN-Signal auf eine maximale Entfernung von 1200 Metern zu erweitern. Dank Dualband AC1300 2,4 GHz (300 Mbit\/s) und 5 GHz (867 Mbit\/s) 802.11ac 867 Mbit\/s ist die Geschwindigkeit hoch und mit den neuesten Routern kompatibel.<\/p>\n<p>De Wi-Fi versterker is een zeer goede keuze voor het tot stand brengen van een omni-directionele (360 graden) Wi-Fi verbinding over een lange afstand voor bijvoorbeeld meerdere IP camera&#8217;s of toegangscontrolepunten.<br \/>\nRuijie biedt een gratis applicatie die het monitoren en bedienen van de producten gemakkelijk maakt.<br \/>\nDe EW1200R wordt ingeklikt om de signaalversterking te activeren. Op de EW1200R zijn drie streepjes zichtbaar die de connectiviteit weergeven, zo is het gemakkelijk om de beste plek voor de Wi-Fi versterker te vinden. Deze kunnen eventueel uitgeschakeld worden wanneer de versterker op de juiste plaats hangt.<\/p>\n<p>Onder het tabblad &#8216;Documentatie&#8217; zijn de overige specificaties te vinden in de datasheet. Daarnaast biedt de product pagina van de fabrikant veel informatie over de werking van de Wi-Fi versterker.<\/p>\n<p><strong>Wichtigste Funktionen<\/strong><\/p>\n<ul>\n<li>802.11AC Dual-Flow, 2 Geschwindigkeiten bis zu 867 Mbit\/s auf 5 GHz und 300 Mbit\/s auf 2,4 GHz<\/li>\n<li>1 Port RJ45, 10\/100 Mbit\/s<\/li>\n<li>Kompatibel mit 802.11a\/b\/g\/n\/ac<\/li>\n<li>Dual-Radio MU-MIMO, 2 integrierte Antennen.<\/li>\n<li>Verwaltung \u00fcber die kostenlose Ruijie Cloud<\/li>\n<li>Stromversorgung \u00fcber integriertes 100-240V<\/li>\n<li>2,4 und 5 GHz<\/li>\n<\/ul>\n<p><a href=\"https:\/\/www.webstore4ipcameras.nl\/Copyright\" target=\"_blank\" rel=\"noopener\"><span style=\"color: #ff6e03; font-size: 11px;\">\u00a9 Der Text ist urheberrechtlich gesch\u00fctzt<\/span><\/a><\/p>","protected":false},"excerpt":{"rendered":"<p>De Reyee EW1200R van het merk Ruijie is een 802.11AC Dual-Flow en Dual-Band Wi-Fi versterker geschikt voor binnen. De\u00a0 EW1200R is uitgerust met een Gigabit Ethernet poort en kan gevoed worden met de ge\u00efntegreerde 100-240VAC stekker. Ruijie Networks is een Chinees bedrijf dat gespecialiseerd is in netwerkapparatuur en -oplossingen. Reyee is een van de productlijnen<\/p>\n<div class=\"klb-readmore button\"><a class=\"btn link\" href=\"https:\/\/staging.webstore4.com\/de\/product\/ruijie-reyee-ew1200r-wi-fi-versterker\/\">Mehr lesen <i class=\"klbth-icon-right-arrow\"><\/i><\/a><\/div>","protected":false},"featured_media":13284,"comment_status":"open","ping_status":"closed","template":"","meta":[],"pwb-brand":[4612],"product_cat":[3440,4611],"product_tag":[],"class_list":{"0":"post-13282","1":"product","2":"type-product","3":"status-publish","4":"has-post-thumbnail","6":"pwb-brand-ruijie-networks","7":"product_cat-netwerk","8":"product_cat-wi-fi-versterkers","9":"product_shipping_class-pakket","10":"pa_aantal-ssid-4613","11":"pa_merk-ruijie-networks","12":"pa_omgeving-binnen","13":"pa_rj45-lan-aansluiting-1x-10100","14":"pa_voeding-inclusief-adapter","15":"pa_wi-fi-data-snelheid-300-mbps","16":"pa_wi-fi-data-snelheid-867-mbps","18":"first","19":"onbackorder","20":"sold-individually","21":"taxable","22":"shipping-taxable","23":"purchasable","24":"product-type-simple"},"brands":[{"id":4612,"name":"Ruijie Networks","slug":"ruijie-networks"}],"_links":{"self":[{"href":"https:\/\/staging.webstore4.com\/de\/wp-json\/wp\/v2\/product\/13282","targetHints":{"allow":["GET"]}}],"collection":[{"href":"https:\/\/staging.webstore4.com\/de\/wp-json\/wp\/v2\/product"}],"about":[{"href":"https:\/\/staging.webstore4.com\/de\/wp-json\/wp\/v2\/types\/product"}],"replies":[{"embeddable":true,"href":"https:\/\/staging.webstore4.com\/de\/wp-json\/wp\/v2\/comments?post=13282"}],"wp:featuredmedia":[{"embeddable":true,"href":"https:\/\/staging.webstore4.com\/de\/wp-json\/wp\/v2\/media\/13284"}],"wp:attachment":[{"href":"https:\/\/staging.webstore4.com\/de\/wp-json\/wp\/v2\/media?parent=13282"}],"wp:term":[{"taxonomy":"pwb-brand","embeddable":true,"href":"https:\/\/staging.webstore4.com\/de\/wp-json\/wp\/v2\/pwb-brand?post=13282"},{"taxonomy":"product_cat","embeddable":true,"href":"https:\/\/staging.webstore4.com\/de\/wp-json\/wp\/v2\/product_cat?post=13282"},{"taxonomy":"product_tag","embeddable":true,"href":"https:\/\/staging.webstore4.com\/de\/wp-json\/wp\/v2\/product_tag?post=13282"}],"curies":[{"name":"wp","href":"https:\/\/api.w.org\/{rel}","templated":true}]}}