{"id":13507,"date":"2023-12-07T14:36:59","date_gmt":"2023-12-07T12:36:59","guid":{"rendered":"https:\/\/webstore4.com\/?post_type=product&#038;p=13507"},"modified":"2025-01-10T13:16:48","modified_gmt":"2025-01-10T12:16:48","slug":"wl4-el-c-8-elektrisch-slot","status":"publish","type":"product","link":"https:\/\/staging.webstore4.com\/de\/product\/wl4-el-c-8-elektrisch-slot\/","title":{"rendered":"Elektroschloss WL4 EL-C-8 f\u00fcr Schrankt\u00fcren und Spinde"},"content":{"rendered":"<p>Das WL4 EL-C-8 ist ein elektrisches Schloss f\u00fcr eine Schrankt\u00fcr oder einen Spind. Der EL-C-8 wird h\u00e4ufig auf Flugh\u00e4fen und in Fitnessstudios zur automatischen \u00dcberwachung von Schlie\u00dff\u00e4chern eingesetzt.<\/p>\n<p><strong>M\u00f6glichkeiten<\/strong><\/p>\n<p>Der WL4 EL-C-8 ist sowohl f\u00fcr den Einsatz bei links- als auch rechtsh\u00e4ndigen T\u00fcren geeignet. Das Schloss verf\u00fcgt \u00fcber einen abgeschr\u00e4gten Federriegel. Das Schloss muss mit 12 VDC betrieben werden. Das Netzteil ist nicht im Lieferumfang enthalten, kann aber unter \u201eOptionen\u201c bestellt werden.<\/p>\n<p><strong>Wichtige Funktionen<\/strong><\/p>\n<ul>\n<li>Ideal f\u00fcr Spindschr\u00e4nke und Schrankt\u00fcren<\/li>\n<li>Bei Stromausfall wird das Schloss geschlossen, der Stift wird auf eine maximale Distanz von 10,5 mm ausgefahren<\/li>\n<li>Automatisch \u00f6ffnende T\u00fcr<\/li>\n<li>T\u00fcr nach rechts oder links<\/li>\n<li>12 VDC\/0,8 A<\/li>\n<li>Schlossabmessungen: 54x42x38 mm<\/li>\n<li>Abmessungen der mitgelieferten Platte: 38x20x29 mm<\/li>\n<\/ul>\n<p><a href=\"https:\/\/staging.webstore4.com\/Copyright\/\" target=\"_blank\" rel=\"noopener\"><span style=\"color: #ff6e03; font-size: 11px;\">\u00a9 Der Text ist urheberrechtlich gesch\u00fctzt<\/span><\/a><\/p>","protected":false},"excerpt":{"rendered":"<p>De WL4 EL-C-8 is een elektrisch slot voor een kastdeur of locker. De EL-C-8 wordt veelal gebruikt op luchthavens en sportscholen om kluisjes geautomatiseerd te bewaken. Mogelijkheden De WL4 EL-C-8 is geschikt om te worden gebruikt met zowel links hangende als rechts hangende deuren. Het slot beschikt over een afgeschuinde verende schoot. Het slot moet<\/p>\n<div class=\"klb-readmore button\"><a class=\"btn link\" href=\"https:\/\/staging.webstore4.com\/de\/product\/wl4-el-c-8-elektrisch-slot\/\">Mehr lesen <i class=\"klbth-icon-right-arrow\"><\/i><\/a><\/div>","protected":false},"featured_media":13508,"comment_status":"open","ping_status":"closed","template":"","meta":[],"pwb-brand":[3380],"product_cat":[4191,4197],"product_tag":[],"class_list":{"0":"post-13507","1":"product","2":"type-product","3":"status-publish","4":"has-post-thumbnail","6":"pwb-brand-wl4","7":"product_cat-access","8":"product_cat-elektrische-sloten","9":"product_shipping_class-pakket","10":"pa_garantie-2-jaar","11":"pa_materiaal-staal","12":"pa_merk-wl4","13":"pa_montage-opbouw","14":"pa_omgeving-binnen","15":"pa_product-kast-slot","16":"pa_voeding-12vdc","18":"first","19":"instock","20":"taxable","21":"shipping-taxable","22":"purchasable","23":"product-type-simple"},"brands":[{"id":3380,"name":"WL4","slug":"wl4"}],"_links":{"self":[{"href":"https:\/\/staging.webstore4.com\/de\/wp-json\/wp\/v2\/product\/13507","targetHints":{"allow":["GET"]}}],"collection":[{"href":"https:\/\/staging.webstore4.com\/de\/wp-json\/wp\/v2\/product"}],"about":[{"href":"https:\/\/staging.webstore4.com\/de\/wp-json\/wp\/v2\/types\/product"}],"replies":[{"embeddable":true,"href":"https:\/\/staging.webstore4.com\/de\/wp-json\/wp\/v2\/comments?post=13507"}],"wp:featuredmedia":[{"embeddable":true,"href":"https:\/\/staging.webstore4.com\/de\/wp-json\/wp\/v2\/media\/13508"}],"wp:attachment":[{"href":"https:\/\/staging.webstore4.com\/de\/wp-json\/wp\/v2\/media?parent=13507"}],"wp:term":[{"taxonomy":"pwb-brand","embeddable":true,"href":"https:\/\/staging.webstore4.com\/de\/wp-json\/wp\/v2\/pwb-brand?post=13507"},{"taxonomy":"product_cat","embeddable":true,"href":"https:\/\/staging.webstore4.com\/de\/wp-json\/wp\/v2\/product_cat?post=13507"},{"taxonomy":"product_tag","embeddable":true,"href":"https:\/\/staging.webstore4.com\/de\/wp-json\/wp\/v2\/product_tag?post=13507"}],"curies":[{"name":"wp","href":"https:\/\/api.w.org\/{rel}","templated":true}]}}