{"id":13517,"date":"2023-12-07T16:05:25","date_gmt":"2023-12-07T14:05:25","guid":{"rendered":"https:\/\/webstore4.com\/?post_type=product&#038;p=13517"},"modified":"2024-12-29T15:41:22","modified_gmt":"2024-12-29T14:41:22","slug":"wl4-wb-s2-elektrisch-grendelslot","status":"publish","type":"product","link":"https:\/\/staging.webstore4.com\/de\/product\/wl4-wb-s2-elektrisch-grendelslot\/","title":{"rendered":"WL4 WB-S2 elektrisches Aufputz-Riegelschloss mit Status-LED, ausfallsicher"},"content":{"rendered":"<p>Das WL4 WB-S2 ist ein elektrisches Aufputz-Riegelschloss mit Status-LED (gr\u00fcn\/rot) und Fail-Safe-Schaltung: Sobald die Stromversorgung des Schlosses unterbrochen wird, wird der Riegel zur\u00fcckgezogen und die T\u00fcr somit nicht verriegelt.<\/p>\n<p><strong>M\u00f6glichkeiten<\/strong><\/p>\n<p>Der WL4 WB-S2 eignet sich f\u00fcr den Einsatz mit Zutrittskontrollsystemen wie Gegensprechanlagen und Kartenlesern. Der WL4 WB-S2 muss mit 12 oder 24 VDC betrieben werden. Netzteil ist nicht im Lieferumfang enthalten. Unter dem Reiter \u201eOptionen\u201c sind verschiedene Netzteile aufgef\u00fchrt. Der WL4 WB-S2 wird mit einer extra Distanzplatte f\u00fcr den Abstand zum Halter geliefert. Das Schloss wird h\u00e4ufig an schmalen Fensterrahmen und f\u00fcr leichte Anwendungen verwendet. Der Hersteller gibt bei diesem Produkt an, dass die Widerstandskraft mehrere hundert Kilo betragen kann, gibt hierf\u00fcr aber keine Garantie.<\/p>\n<p><strong>Wichtigste Funktionen<\/strong><\/p>\n<ul>\n<li>Ausfallsicheres Riegelschloss<\/li>\n<li>Timer f\u00fcr 0\/3\/6 Sekunden, bevor die Sperre aktiviert wird<\/li>\n<li>Verbrauch 0,2 A im Ruhezustand<\/li>\n<li>Verbrauch 1,2 A im Betrieb<\/li>\n<li>15 mm Bolzenweg<\/li>\n<li>200 kg Widerstand.<\/li>\n<li>Das Schloss l\u00e4sst sich nur ausfahren, wenn es mit der Halterung ausgerichtet ist, nicht aber bei ge\u00f6ffneter T\u00fcr<\/li>\n<li>Status-LED<\/li>\n<\/ul>\n<p><a href=\"https:\/\/staging.webstore4.com\/Copyright\/\" target=\"_blank\" rel=\"noopener\"><span style=\"color: #ff6e03; font-size: 11px;\">\u00a9 Der Text ist urheberrechtlich gesch\u00fctzt<\/span><\/a><\/p>","protected":false},"excerpt":{"rendered":"<p>De WL4 WB-S2 is een opbouw elektrisch grendelslot met status LED (groen\/rood) en fail safe schakeling: zodra de stroom naar het slot wegvalt is de grendel ingetrokken en is de deur dus niet op slot. Mogelijkheden De WL4 WB-S2 is geschikt om te worden gebruikt met toegangscontrole systemen zoals intercom en paslezers. De WL4 WB-S2<\/p>\n<div class=\"klb-readmore button\"><a class=\"btn link\" href=\"https:\/\/staging.webstore4.com\/de\/product\/wl4-wb-s2-elektrisch-grendelslot\/\">Mehr lesen <i class=\"klbth-icon-right-arrow\"><\/i><\/a><\/div>","protected":false},"featured_media":13817,"comment_status":"open","ping_status":"closed","template":"","meta":[],"pwb-brand":[3380],"product_cat":[4191,4197],"product_tag":[],"class_list":{"0":"post-13517","1":"product","2":"type-product","3":"status-publish","4":"has-post-thumbnail","6":"pwb-brand-wl4","7":"product_cat-access","8":"product_cat-elektrische-sloten","9":"product_shipping_class-pakket","10":"pa_bewegingssensor-nee","11":"pa_fail-fail-safe","12":"pa_garantie-2-jaar","13":"pa_materiaal-staal","14":"pa_merk-wl4","15":"pa_montage-opbouw","16":"pa_omgeving-binnen","17":"pa_product-grendelslot","18":"pa_voeding-12vdc","19":"pa_voeding-24vdc","20":"pa_weerstand-kracht-200-kg","22":"first","23":"instock","24":"taxable","25":"shipping-taxable","26":"purchasable","27":"product-type-simple"},"brands":[{"id":3380,"name":"WL4","slug":"wl4"}],"_links":{"self":[{"href":"https:\/\/staging.webstore4.com\/de\/wp-json\/wp\/v2\/product\/13517","targetHints":{"allow":["GET"]}}],"collection":[{"href":"https:\/\/staging.webstore4.com\/de\/wp-json\/wp\/v2\/product"}],"about":[{"href":"https:\/\/staging.webstore4.com\/de\/wp-json\/wp\/v2\/types\/product"}],"replies":[{"embeddable":true,"href":"https:\/\/staging.webstore4.com\/de\/wp-json\/wp\/v2\/comments?post=13517"}],"wp:featuredmedia":[{"embeddable":true,"href":"https:\/\/staging.webstore4.com\/de\/wp-json\/wp\/v2\/media\/13817"}],"wp:attachment":[{"href":"https:\/\/staging.webstore4.com\/de\/wp-json\/wp\/v2\/media?parent=13517"}],"wp:term":[{"taxonomy":"pwb-brand","embeddable":true,"href":"https:\/\/staging.webstore4.com\/de\/wp-json\/wp\/v2\/pwb-brand?post=13517"},{"taxonomy":"product_cat","embeddable":true,"href":"https:\/\/staging.webstore4.com\/de\/wp-json\/wp\/v2\/product_cat?post=13517"},{"taxonomy":"product_tag","embeddable":true,"href":"https:\/\/staging.webstore4.com\/de\/wp-json\/wp\/v2\/product_tag?post=13517"}],"curies":[{"name":"wp","href":"https:\/\/api.w.org\/{rel}","templated":true}]}}