{"id":13550,"date":"2023-12-12T08:30:02","date_gmt":"2023-12-12T06:30:02","guid":{"rendered":"https:\/\/webstore4.com\/?post_type=product&#038;p=13550"},"modified":"2024-10-01T06:03:00","modified_gmt":"2024-10-01T05:03:00","slug":"wl4-td-1-smart-wifi-temperatuurdetector","status":"publish","type":"product","link":"https:\/\/staging.webstore4.com\/de\/product\/wl4-td-1-smart-wifi-temperatuurdetector\/","title":{"rendered":"WL4 TD-1 Smart WiFi-Temperaturdetektor zur Messung von Temperatur und Luftfeuchtigkeit mit der Tuya-App"},"content":{"rendered":"<p>Der WL4 TD-1 ist ein intelligenter Temperaturdetektor, der mit der kostenlosen Tuya Smart App f\u00fcr iOS und Android funktioniert. Der Smart WiFi-Temperaturdetektor dient zur Messung der Temperatur und Luftfeuchtigkeit in Innenr\u00e4umen. Der Temperaturmesser ist mit dem WLAN-Netzwerk verbunden und es ist kein zentraler Controller, Hub, Fernbedienung oder Abonnement erforderlich. Der WL4 TD-1 kann mit IFTTT, Alexa und Google Assistant arbeiten.<\/p>\n<p><strong>M\u00f6glichkeiten<\/strong><\/p>\n<p>Gesteuert wird der WL4 TD-1 \u00fcber die kostenlose Tuya Smart App. Dies kann von \u00fcberall aus erfolgen, wo ein Smartphone oder Tablet \u00fcber eine Internetverbindung verf\u00fcgt: von zu Hause aus oder vom anderen Ende der Welt. Auch andere Ger\u00e4te k\u00f6nnen in der (niederl\u00e4ndischen) App verwaltet werden und es ist m\u00f6glich, R\u00e4ume einzurichten und (Familien-)Mitglieder hinzuzuf\u00fcgen. Es kann ein Zeitplan eingestellt, Szenen erstellt und eine Verbindung mit IFTTT, Alexa und Google Assistant hergestellt werden. Der gro\u00dfe Vorteil der Tuya-Anwendung besteht darin, dass mehrere (intelligente) Ger\u00e4te zur Anwendung hinzugef\u00fcgt werden k\u00f6nnen.<\/p>\n<p>Der WL4 TD-1 misst die Temperatur und Luftfeuchtigkeit in einem Raum. Es ist m\u00f6glich, Temperaturschwellenwerte und Feuchtigkeitsschwellenwerte festzulegen.<br \/>\nDie Sensoren messen alle \u00c4nderungen der Luftfeuchtigkeit oder Temperatur in diesem Raum und melden diese direkt an die Tuya-Anwendung. Der WL4 TD-1 gibt au\u00dferdem einen Summer ab. Der WL4 TD-1 wird h\u00e4ufig in bestimmten Bereichen in Wohnungen, B\u00fcros und Lagerbereichen f\u00fcr nicht verderbliche Produkte eingesetzt. Der am h\u00e4ufigsten genutzte Raum ist der Zentralheizungsraum.<\/p>\n<p>Insgesamt bietet dieser Temperaturdetektor eine praktische M\u00f6glichkeit, Temperatur- und Luftfeuchtigkeitsinformationen in Echtzeit zu erhalten. Der Benutzer kann dann basierend auf den Daten Ma\u00dfnahmen ergreifen.<\/p>\n<p>Der WL4 TD-1 wird mit zwei mitgelieferten 1,5-V-AAA-Batterien betrieben und verf\u00fcgt \u00fcber einen Micro-USB-Anschluss. Der Temperaturdetektor gibt eine Warnung aus, wenn der Batteriestand niedrig ist. Da der WL4 TD-1 mit Batterien betrieben werden kann, l\u00e4sst sich der Temperaturmelder problemlos \u00fcberall platzieren. Zus\u00e4tzlich ist eine Wandmontage mit einem Klebestreifen m\u00f6glich.<\/p>\n<p><strong>Hauptmerkmale<\/strong><\/p>\n<ul>\n<li>Temperatur- und Feuchtigkeitsdetektor<\/li>\n<li>M\u00f6glichkeit zur Auswahl zwischen \u00b0C und \u00b0F<\/li>\n<li>Integrierter Summer und Alarm (55 dB)<\/li>\n<li>Zwei programmierbare Temperaturschwellen (oberer und unterer)<\/li>\n<li>Zwei programmierbare Feuchtigkeitsschwellen (oberer und unterer)<\/li>\n<li>Unterst\u00fctzt IFTTT, Alexa und Google Assistant<\/li>\n<li>Stromversorgung \u00fcber Micro-USB oder 2 mitgelieferte AAA-Batterien<\/li>\n<li>Alarm bei niedrigem Batteriestand<\/li>\n<li>Wandmontage mit Klebestreifen m\u00f6glich (nicht im Lieferumfang enthalten)<\/li>\n<li>WLAN 2,4 GHz IEEE802.11 b\/g\/n<\/li>\n<li>Kostenlose App (auch auf Niederl\u00e4ndisch)<\/li>\n<\/ul>\n<p><a href=\"https:\/\/staging.webstore4.com\/Copyright\/\" target=\"_blank\" rel=\"noopener\"><span style=\"color: #ff6e03; font-size: 11px;\">\u00a9 Der Text ist urheberrechtlich gesch\u00fctzt<\/span><\/a><\/p>","protected":false},"excerpt":{"rendered":"<p>De WL4 TD-1 is een slimme temperatuurdetector die werkt met de gratis Tuya Smart app voor iOS en Android. De Smart WiFi temperatuurdetector wordt gebruikt om in een binnenruimte de temperatuur en luchtvochtigheid te meten.\u00a0De temperatuurmeter wordt verbonden met het WiFi netwerk en er is geen centrale controller, hub, afstandsbediening of abonnement nodig. De WL4<\/p>\n<div class=\"klb-readmore button\"><a class=\"btn link\" href=\"https:\/\/staging.webstore4.com\/de\/product\/wl4-td-1-smart-wifi-temperatuurdetector\/\">Mehr lesen <i class=\"klbth-icon-right-arrow\"><\/i><\/a><\/div>","protected":false},"featured_media":13551,"comment_status":"open","ping_status":"closed","template":"","meta":[],"pwb-brand":[3380],"product_cat":[3466,3498],"product_tag":[],"class_list":{"0":"post-13550","1":"product","2":"type-product","3":"status-publish","4":"has-post-thumbnail","6":"pwb-brand-wl4","7":"product_cat-alarm","8":"product_cat-rookmelders","9":"product_shipping_class-pakket","10":"pa_merk-wl4","11":"pa_voeding-5v-usb","12":"pa_voeding-batterij","14":"first","15":"instock","16":"taxable","17":"shipping-taxable","18":"purchasable","19":"product-type-simple"},"brands":[{"id":3380,"name":"WL4","slug":"wl4"}],"_links":{"self":[{"href":"https:\/\/staging.webstore4.com\/de\/wp-json\/wp\/v2\/product\/13550","targetHints":{"allow":["GET"]}}],"collection":[{"href":"https:\/\/staging.webstore4.com\/de\/wp-json\/wp\/v2\/product"}],"about":[{"href":"https:\/\/staging.webstore4.com\/de\/wp-json\/wp\/v2\/types\/product"}],"replies":[{"embeddable":true,"href":"https:\/\/staging.webstore4.com\/de\/wp-json\/wp\/v2\/comments?post=13550"}],"wp:featuredmedia":[{"embeddable":true,"href":"https:\/\/staging.webstore4.com\/de\/wp-json\/wp\/v2\/media\/13551"}],"wp:attachment":[{"href":"https:\/\/staging.webstore4.com\/de\/wp-json\/wp\/v2\/media?parent=13550"}],"wp:term":[{"taxonomy":"pwb-brand","embeddable":true,"href":"https:\/\/staging.webstore4.com\/de\/wp-json\/wp\/v2\/pwb-brand?post=13550"},{"taxonomy":"product_cat","embeddable":true,"href":"https:\/\/staging.webstore4.com\/de\/wp-json\/wp\/v2\/product_cat?post=13550"},{"taxonomy":"product_tag","embeddable":true,"href":"https:\/\/staging.webstore4.com\/de\/wp-json\/wp\/v2\/product_tag?post=13550"}],"curies":[{"name":"wp","href":"https:\/\/api.w.org\/{rel}","templated":true}]}}