{"id":13827,"date":"2023-12-21T09:19:47","date_gmt":"2023-12-21T07:19:47","guid":{"rendered":"https:\/\/webstore4.com\/?post_type=product&#038;p=13827"},"modified":"2024-12-20T12:34:43","modified_gmt":"2024-12-20T11:34:43","slug":"uniview-ipc3234sa-dzk-4mp-dome-camera","status":"publish","type":"product","link":"https:\/\/staging.webstore4.com\/de\/product\/uniview-ipc3234sa-dzk-4mp-dome-camera\/","title":{"rendered":"Uniview IPC3234SA-DZK Full HD 4MP Dome-Kamera mit Varioobjektiv, Lighthunter-Technologie, WDR, 40 Meter IR-Nachtsicht und SD-Karte"},"content":{"rendered":"<p>De Uniview IPC3234SA-DZK is een vandaalbestendige Full HD 4MP dome camera voor binnen of buiten met varifocale lens, people couting, 40 meter Smart IR nachtzicht en de mogelijkheid om op te nemen op een microSD kaart. De camera werkt met de gratis app en software.<\/p>\n<p>Nur ein St\u00fcck verf\u00fcgbar.<\/p>\n<p><strong>M\u00f6glichkeiten<\/strong><\/p>\n<p>De camera geeft beelden weer in Full HD resolutie van 2688&#215;1520 pixels. De camera beschikt over een varifocale lens van 2.8 tot 12 MM en een horizontale beeldhoek van 35.6 tot 107.9 graden.\u00a0Verder beschikt de camera over een ingebouwd IR-cut filter (ICR), Lighthunter technologie en is daarmee een echte dag\/nacht camera. In donkere omstandigheden kan de camera ook de ingebouwde Smart IR inschakelen waardoor zelfs beelden in volledige duisternis (0 Lux) kunnen worden bekeken. De IR verlichting heeft een bereik van maar liefst 40 meter. De camera beschikt over 120dB Wide Dynamic Range (WDR) waardoor de camera goed kan omgaan met complexe lichtomstandigheden.<\/p>\n<p>De Uniview IPC3234SA-DZK heeft een zeer geavanceerde gezichtsdetectie, waarmee het tellen van mensen mogelijk is. De camera kan 40 verschillende gezichten onderscheiden en is zeer accuraat door de Deep Learning-technology. De camera kan ingesteld worden op een detectiegebied met de Cross Line technologie en kan ook bijhouden wanneer mensen het gebied betreden en verlaten.\u00a0Beelden kunnen worden opgeslagen op een Netwerk Video Recorder (NVR). De camera kan ook opnemen op een microSD geheugenkaart tot 256Gb (niet meegeleverd).<\/p>\n<p>De Uniview IPC3234SA-DZK is geschikt voor gebruik buiten en heeft een IP67 klasse. Daarnaast is de camera vandaalbestendig met IK10 klasse. Voor installatiegemak kan de camera via de netwerkkabel worden gevoed met Power over Ethernet (standaard 802.3af P0E). PoE kan worden verkregen door een PoE NVR, een PoE switch of met een PoE injector. De camera kan ook worden gevoed met een optionele 12V of 24V voeding adapter. Diverse geschikte adapters staan weergegeven onder het tabblad\u00a0 &#8216;Opties&#8217;.<br \/>\nDe camera is verstelbaar over 3 assen en beschikt over een alarm ingang en uitgang. Een deel van de montagebeugels zijn opgenomen onder het tabblad &#8216;Gerelateerd&#8217;. De montagebeugels die niet getoond worden, kunnen wel bij ons opgevraagd worden.<\/p>\n<p>Eine kostenlose mobile App ist f\u00fcr Apple iOS und Android verf\u00fcgbar. Es kann die niederl\u00e4ndische Uniview-App oder die spezifische Uniarch-App (Englisch) verwendet werden. Die Kamera verf\u00fcgt \u00fcber einen internen Webserver, der \u00fcber einen Webbrowser angezeigt und verwaltet werden kann. Auch die Verwaltung der Kameras und Bilder ist mit einem NVR m\u00f6glich. Video Management Software (VMS) f\u00fcr einen Computer kann kostenlos von der Uniview-Website heruntergeladen werden.<\/p>\n<p>Overige specificaties kunnen bekeken worden op het tabblad &#8216;Documentatie&#8217;. Daar\u00a0 is een link opgenomen naar de product pagina van de fabrikant en naar de datasheet.<\/p>\n<p><strong>Hauptmerkmale<\/strong><\/p>\n<ul>\n<li>4-Megapixel-Progressive-Scan-CMOS<\/li>\n<li>Ultra 265, H.265, H.264, MJPEG encoding<\/li>\n<li>2.8-12mm varifocale lens met 35.6 &#8211; 107.9 graden horizontale beeldhoek<\/li>\n<li>Kostenlose App und Software<\/li>\n<li>Geavanceerde bewegingsdetectie, gezichtsdetectie, people couting, Cross line technology<\/li>\n<li>Enter erea, leave area detectie<\/li>\n<li>Tag-\/Nachtkamera mit automatischem mechanischem IR-Sperrfilter<\/li>\n<li>120 dB WDR (WDR)<\/li>\n<li>Maximale IR bereik van 40 meter<\/li>\n<li>IP67 wetterfest<\/li>\n<li>IK10 vandalensicher<\/li>\n<li>ONVIF compitabel<\/li>\n<li>Alarm 1x input en 1x output<\/li>\n<li>Aufnahme auf microSD-Karte mit bis zu 256 GB<\/li>\n<li>Voeding door 12VDC adapter, 24 VAC adapter of door PoE (802.3af)<\/li>\n<\/ul>\n<p><a href=\"https:\/\/www.webstore4ipcameras.nl\/Copyright\" target=\"_blank\" rel=\"noopener\"><span style=\"color: #ff6e03; font-size: 11px;\">\u00a9 Der Text ist urheberrechtlich gesch\u00fctzt<\/span><\/a><\/p>","protected":false},"excerpt":{"rendered":"<p>De Uniview IPC3234SA-DZK is een vandaalbestendige Full HD 4MP dome camera voor binnen of buiten met varifocale lens, people couting, 40 meter Smart IR nachtzicht en de mogelijkheid om op te nemen op een microSD kaart. De camera werkt met de gratis app en software. Slechts \u00e9\u00e9n stuks beschikbaar. Mogelijkheden De camera geeft beelden weer<\/p>\n<div class=\"klb-readmore button\"><a class=\"btn link\" href=\"https:\/\/staging.webstore4.com\/de\/product\/uniview-ipc3234sa-dzk-4mp-dome-camera\/\">Mehr lesen <i class=\"klbth-icon-right-arrow\"><\/i><\/a><\/div>","protected":false},"featured_media":13829,"comment_status":"open","ping_status":"closed","template":"","meta":[],"pwb-brand":[3419],"product_cat":[3435,4184,4200],"product_tag":[],"class_list":{"0":"post-13827","1":"product","2":"type-product","3":"status-publish","4":"has-post-thumbnail","6":"pwb-brand-uniview","7":"product_cat-ip-cameras","8":"product_cat-cameras","9":"product_cat-dome-eyeball-cameras-cameras","10":"product_shipping_class-pakket","11":"pa_aanbieding-opop","12":"pa_audio-ingang-uitgang","13":"pa_beeldhoek-graden-horizontaal-107-9-35-6","14":"pa_beeldsensor-11-8-cmos","15":"pa_dag-nacht-ir-cut-filter-ja","16":"pa_draadloos-nee","17":"pa_geheugenkaart-type-micro-sdsdhcsdxc-256gb","18":"pa_ingebouwd-type-nachtzicht-infrared-ir-led","19":"pa_lens-mm-2-8-12","20":"pa_megapixel-4mp","21":"pa_merk-uniview","22":"pa_minimale-verlichting-0-0005-lux-0-lux-met-ir","23":"pa_mobiele-app-fabrikant-ja","24":"pa_nachtzicht-ja","25":"pa_omgeving-binnen-en-buiten","26":"pa_opnemen-op-sd-kaart-ja","27":"pa_poe-802-3af","28":"pa_resolutie-max-pixels-full-hd-2688x1520","29":"pa_voeding-12vdc","30":"pa_voeding-24vac","31":"pa_voeding-poe","32":"pa_wdr-ja","34":"first","35":"instock","36":"sale","37":"sold-individually","38":"taxable","39":"shipping-taxable","40":"purchasable","41":"product-type-simple"},"brands":[{"id":3419,"name":"Uniview","slug":"uniview"}],"_links":{"self":[{"href":"https:\/\/staging.webstore4.com\/de\/wp-json\/wp\/v2\/product\/13827","targetHints":{"allow":["GET"]}}],"collection":[{"href":"https:\/\/staging.webstore4.com\/de\/wp-json\/wp\/v2\/product"}],"about":[{"href":"https:\/\/staging.webstore4.com\/de\/wp-json\/wp\/v2\/types\/product"}],"replies":[{"embeddable":true,"href":"https:\/\/staging.webstore4.com\/de\/wp-json\/wp\/v2\/comments?post=13827"}],"wp:featuredmedia":[{"embeddable":true,"href":"https:\/\/staging.webstore4.com\/de\/wp-json\/wp\/v2\/media\/13829"}],"wp:attachment":[{"href":"https:\/\/staging.webstore4.com\/de\/wp-json\/wp\/v2\/media?parent=13827"}],"wp:term":[{"taxonomy":"pwb-brand","embeddable":true,"href":"https:\/\/staging.webstore4.com\/de\/wp-json\/wp\/v2\/pwb-brand?post=13827"},{"taxonomy":"product_cat","embeddable":true,"href":"https:\/\/staging.webstore4.com\/de\/wp-json\/wp\/v2\/product_cat?post=13827"},{"taxonomy":"product_tag","embeddable":true,"href":"https:\/\/staging.webstore4.com\/de\/wp-json\/wp\/v2\/product_tag?post=13827"}],"curies":[{"name":"wp","href":"https:\/\/api.w.org\/{rel}","templated":true}]}}