{"id":13862,"date":"2023-12-21T15:50:20","date_gmt":"2023-12-21T13:50:20","guid":{"rendered":"https:\/\/webstore4.com\/?post_type=product&#038;p=13862"},"modified":"2024-04-19T15:19:50","modified_gmt":"2024-04-19T14:19:50","slug":"dahua-vto2311r-wp-ip-video-intercom","status":"publish","type":"product","link":"https:\/\/staging.webstore4.com\/de\/product\/dahua-vto2311r-wp-ip-video-intercom\/","title":{"rendered":"Dahua VTO2311R-WP IP-Video-Gegensprechanlage, WLAN-T\u00fcrklingel mit Mifare-Kartenleser und PoE"},"content":{"rendered":"<p>De Dahua VTO2311R-WP is een draadloos WiFi intercom buiten station deurbel met een Mifare kaartlezer voor bediening van een elektrisch deurslot. Het buiten station kan worden gebruikt met de gratis Dahua DMSS mobile app zodat een audio\/video gesprek overal ter wereld worden gevoerd. Een Dahua binnen intercom monitor kan worden gebruikt. Een geschikte binnen monitor kan worden terug gevonden onder &#8216;Gerelateerd&#8217;. De Dahua VTO2211G-WP beschikt over SIP firmware.<\/p>\n<p><strong>M\u00f6glichkeiten<\/strong><\/p>\n<p>Die Au\u00dfenstation verf\u00fcgt \u00fcber eine 2-Megapixel-Full-HD-Kamera mit einem horizontalen Blickwinkel von 125 Grad und ist mit Infrarotbeleuchtung und einem ICR-Infrarotfilter f\u00fcr gute Sichtbarkeit im Dunkeln ausgestattet. Der VTO2211G-P verf\u00fcgt \u00fcber einen 120dB Wide Dynamic Range, sodass ein brauchbares Bild, beispielsweise bei Gegenlicht, entsteht<a href=\"https:\/\/www.webstore4ipcameras.nl\" target=\"_blank\" rel=\"noopener\">.<\/a> Der Dahua VTO2311R-WP besteht aus Kunststoff und verf\u00fcgt \u00fcber die Schutzart IP65 f\u00fcr den Au\u00dfenbereich. Der VTO verf\u00fcgt \u00fcber die IP65-Klassifizierung, erfahrungsgem\u00e4\u00df empfiehlt es sich, die Au\u00dfenstation an einem Ort zu platzieren, an dem sie nicht direkt mit Wasser in Ber\u00fchrung kommt.<\/p>\n<p>Uiteraard beschikt de VTO2311R-WP over een gevoelige omnidirectionele microfoon en een luidspreker voor een helder gesprek. Naast gebruik met de mobile app kan de VTO2311R-WP worden gebruikt met een of meerdere Dahua intercom binnen monitoren. Zodra de belknop wordt ingedrukt stuurt het buiten station een directe push notificatie naar de smartphone en laat een binnen monitor overgaan. Er kunnen op ieder moment live beelden met de app of een binnen monitor worden bekeken.<\/p>\n<p>Het buiten station beschikt over een ingebouwd relais dat bedraad kan worden verbonden met een elektrische deurvergrendeling om op afstand een deur te ontgrendelen of door een Mifare kaart op het buiten station. Onder het tabblad &#8216;Gerelateerd&#8217; staan geschikte Mifare tags en Mifare kaarten.<br \/>\nEr kan een, afzonderlijk te verkrijgen, extern RS485 relais (Dahua DEE1010B) worden aangesloten om een tweede deur of bijvoorbeeld een hek te ontgrendelen. Het DEE1010B relais kan ook als enig relais worden gebruikt en in het gebouw worden geplaatst voor extra veiligheid. Er is de mogelijkheid om een exit knop op het buiten station aan te sluiten voor het ontgrendelen van een deur om naar buiten te gaan.<\/p>\n<p>Het buiten station kan worden geconfigureerd en beheerd in de ingebouwde web interface via een browser op een Windows PC of Mac. De VTO2311R-WP werkt samen met de gratis smartPSS Dahua Video Management Software (VMS). In de VTO2311R-WP kan een microSD tot 256 GB worden geplaatst voor het opnemen en bewaren van beelden. \u00a0Opname van snapshots en audio\/video boodschappen kan worden gedaan op de MicroSD of in een intercom binnen monitor. De beelden van de camera kunnen ook worden opgenomen op een Netwerk Video Recorder (NVR).<\/p>\n<p><strong>Montage<\/strong><\/p>\n<p>De Dahua VTO2311R-WP kan worden gevoed met een niet meegeleverde 12VDC adapter of met Power over Ethernet (PoE 802.3af). Een geschikte 12VDC adapter kan worden mee besteld onder het tabblad &#8216;Opties&#8217;. Voor installatiegemak raden wij aan een DC connector (vrouwelijk) mee te bestellen. Deze DC connector kan worden gevonden onder het tabblad &#8216;Gerelateerd&#8217;. Onder het tabblad &#8216;Opties&#8217; staat ook een geschikte PoE injector.<\/p>\n<p><strong>Wichtigste Funktionen<\/strong><\/p>\n<ul>\n<li>SIP-Firmware<\/li>\n<li>2.0 megapixel 1\/2.8 CMOS Full HD camera<\/li>\n<li>110 graden beeldhoek<\/li>\n<li>T\u00fcren \u00f6ffnen mit Kartenleser oder aus der Ferne per App oder Intercom-Monitor<\/li>\n<li>Kartenleser zum \u00d6ffnen von T\u00fcren<\/li>\n<li>Wetterfest (IP65)<\/li>\n<li>H.264 und H.265<\/li>\n<li>Sabotagealarm<\/li>\n<li>Achterlaten van video en audio boodschap door bezoeker indien microSD kaart wordt geplaatst<\/li>\n<li>PoE-Stromversorgung und Signal \u00fcber 1 Netzwerkkabel oder WLAN-Verbindung in Kombination mit einem 12-VDC-Adapter<\/li>\n<\/ul>\n<p><a href=\"https:\/\/staging.webstore4.com\/Copyright\/\" target=\"_blank\" rel=\"noopener\"><span style=\"color: #ff6e03; font-size: 11px;\">\u00a9 Der Text ist urheberrechtlich gesch\u00fctzt<\/span><\/a><\/p>","protected":false},"excerpt":{"rendered":"<p>De Dahua VTO2311R-WP is een draadloos WiFi intercom buiten station deurbel met een Mifare kaartlezer voor bediening van een elektrisch deurslot. Het buiten station kan worden gebruikt met de gratis Dahua DMSS mobile app zodat een audio\/video gesprek overal ter wereld worden gevoerd. Een Dahua binnen intercom monitor kan worden gebruikt. Een geschikte binnen monitor<\/p>\n<div class=\"klb-readmore button\"><a class=\"btn link\" href=\"https:\/\/staging.webstore4.com\/de\/product\/dahua-vto2311r-wp-ip-video-intercom\/\">Mehr lesen <i class=\"klbth-icon-right-arrow\"><\/i><\/a><\/div>","protected":false},"featured_media":13863,"comment_status":"open","ping_status":"closed","template":"","meta":[],"pwb-brand":[3376],"product_cat":[4178,4179],"product_tag":[],"class_list":{"0":"post-13862","1":"product","2":"type-product","3":"status-publish","4":"has-post-thumbnail","6":"pwb-brand-dahua","7":"product_cat-intercom","8":"product_cat-dahua-ip-video","9":"product_shipping_class-pakket","10":"pa_aansluiting-netwerk-kabel","11":"pa_audio-microfoon-speaker","12":"pa_beeldhoek-graden-horizontaal-3629","13":"pa_draadloos-ja-wi-fi-802-11","14":"pa_extra-bel-mogelijk-nee","15":"pa_geheugenkaart-type-micro-sdsdhcsdxc-256gb","16":"pa_kaartlezer-ja","17":"pa_kleur-grijs","18":"pa_kleur-zwart","19":"pa_materiaal-kunststof","20":"pa_megapixel-2mp","21":"pa_merk-dahua","22":"pa_mobiele-app-fabrikant-ja","23":"pa_montage-opbouw","24":"pa_nachtzicht-ja","25":"pa_omgeving-binnen-en-buiten","26":"pa_opnemen-op-sd-kaart-ja","27":"pa_poe-802-3af","28":"pa_product-buitenpost","29":"pa_product-status-a","30":"pa_stand-alone-ja","31":"pa_vandaalbestendig-nee","32":"pa_voeding-12vdc","33":"pa_voeding-24vdc","34":"pa_voeding-poe","36":"first","37":"onbackorder","38":"taxable","39":"shipping-taxable","40":"purchasable","41":"product-type-simple"},"brands":[{"id":3376,"name":"Dahua","slug":"dahua"}],"_links":{"self":[{"href":"https:\/\/staging.webstore4.com\/de\/wp-json\/wp\/v2\/product\/13862","targetHints":{"allow":["GET"]}}],"collection":[{"href":"https:\/\/staging.webstore4.com\/de\/wp-json\/wp\/v2\/product"}],"about":[{"href":"https:\/\/staging.webstore4.com\/de\/wp-json\/wp\/v2\/types\/product"}],"replies":[{"embeddable":true,"href":"https:\/\/staging.webstore4.com\/de\/wp-json\/wp\/v2\/comments?post=13862"}],"wp:featuredmedia":[{"embeddable":true,"href":"https:\/\/staging.webstore4.com\/de\/wp-json\/wp\/v2\/media\/13863"}],"wp:attachment":[{"href":"https:\/\/staging.webstore4.com\/de\/wp-json\/wp\/v2\/media?parent=13862"}],"wp:term":[{"taxonomy":"pwb-brand","embeddable":true,"href":"https:\/\/staging.webstore4.com\/de\/wp-json\/wp\/v2\/pwb-brand?post=13862"},{"taxonomy":"product_cat","embeddable":true,"href":"https:\/\/staging.webstore4.com\/de\/wp-json\/wp\/v2\/product_cat?post=13862"},{"taxonomy":"product_tag","embeddable":true,"href":"https:\/\/staging.webstore4.com\/de\/wp-json\/wp\/v2\/product_tag?post=13862"}],"curies":[{"name":"wp","href":"https:\/\/api.w.org\/{rel}","templated":true}]}}