{"id":13865,"date":"2023-12-21T16:27:13","date_gmt":"2023-12-21T14:27:13","guid":{"rendered":"https:\/\/webstore4.com\/?post_type=product&#038;p=13865"},"modified":"2024-04-19T15:19:57","modified_gmt":"2024-04-19T14:19:57","slug":"dahua-ktw02-wifi-poe-video-deurbel-intercom-kit","status":"publish","type":"product","link":"https:\/\/staging.webstore4.com\/de\/product\/dahua-ktw02-wifi-poe-video-deurbel-intercom-kit\/","title":{"rendered":"Dahua KTW02 complete WiFi\/PoE video deurbel intercom kit met VTH2621G-WP en VTO2311R-WP"},"content":{"rendered":"<p>Das Dahua KTW02 ist ein komplettes IP-Video-T\u00fcrklingel-Set mit einem <span style=\"color: #ff9900;\"><a style=\"color: #ff9900;\" href=\"https:\/\/staging.webstore4.com\/dahua-vto2311r-wp-ip-video-intercom\/\">Dahua VTO2311R-WP Au\u00dfenstation<\/a><\/span> und ein <span style=\"color: #ff9900;\"><a style=\"color: #ff9900;\" href=\"https:\/\/staging.webstore4.com\/dahua-vth2621g-wp-video-intercom-binnen-monitor\/\">Dahua VTH2621G-WP Innenstation<\/a><\/span> mit schwarzem Geh\u00e4use. Das Kit wird ohne 12-VDC-Netzteile geliefert. Sowohl die T\u00fcrklingel als auch der Monitor k\u00f6nnen auch \u00fcber ein Netzwerkkabel mit dem Netzwerk verbunden und \u00fcber das Netzwerkkabel mit PoE mit Strom versorgt werden. Ein PoE-Netzteil ist nicht im Lieferumfang enthalten.<\/p>\n<p>Die Au\u00dfenstation verf\u00fcgt \u00fcber eine 2-Megapixel-Full-HD-Kamera mit einem horizontalen Blickwinkel von 125 Grad und ist mit Infrarotbeleuchtung und einem ICR-Infrarotfilter f\u00fcr gute Sichtbarkeit im Dunkeln ausgestattet. Der VTO2211G-P verf\u00fcgt \u00fcber einen 120dB Wide Dynamic Range, sodass ein brauchbares Bild, beispielsweise bei Gegenlicht, entsteht<a href=\"https:\/\/www.webstore4ipcameras.nl\/\" target=\"_blank\" rel=\"noopener\">.<\/a><\/p>\n<p>Der Dahua VTO2311R-WP besteht aus Kunststoff und verf\u00fcgt \u00fcber die Schutzart IP65 f\u00fcr den Au\u00dfenbereich. Der VTO verf\u00fcgt \u00fcber die IP65-Klassifizierung, erfahrungsgem\u00e4\u00df empfiehlt es sich, die Au\u00dfenstation an einem Ort zu platzieren, an dem sie nicht direkt mit Wasser in Ber\u00fchrung kommt.<\/p>\n<p>Mit dem Innenmonitor VTH2621G-WP ist es m\u00f6glich, ein Audio- und Videogespr\u00e4ch mit einer Person zu f\u00fchren, die an einer Au\u00dfenstation oder zwischen Monitoren steht. Es ist m\u00f6glich, zwei T\u00fcren vom Monitor aus zu entriegeln. Auch Bilder von Dahua- oder ONVIF-geeigneten IP-Kameras k\u00f6nnen auf dem Monitor betrachtet werden.<\/p>\n<p>De documentatie van de deurbel en monitor van de Dahua KTW02 is te vinden op onze individuele product pagina&#8217;s en onder het tabblad &#8216;Documentatie&#8217;.<\/p>\n<p><strong>Wichtige Funktionen<\/strong><\/p>\n<ul>\n<li>Komplettset zur Selbstmontage<\/li>\n<li>Kostenlose Software und mobile App<\/li>\n<li>2-Megapixel-Bildsensor<\/li>\n<li>Infrarot-Nachtsicht<\/li>\n<li>120 dB WDR<\/li>\n<li>SIP-Protokoll-Firmware<\/li>\n<li>Kartenleser Mifare 13,56 in Au\u00dfenstation zur Steuerung von Elektroschloss, Magnet, Zaun oder anderen Zutrittsmedien<\/li>\n<li>Einfach zu erweitern<\/li>\n<li>Integrierte Kleinalarmanlage f\u00fcr kabelgebundene Universalmelder (nicht im Lieferumfang enthalten)<\/li>\n<li>Bilder von IP-Kameras auf dem Monitor<\/li>\n<li>WLAN und 12VDC-Stromversorgung oder kabelgebunden und Stromversorgung \u00fcber 1 Netzwerkkabel \u00fcber PoE<\/li>\n<\/ul>\n<p><a href=\"https:\/\/staging.webstore4.com\/Copyright\/\" target=\"_blank\" rel=\"noopener\"><span style=\"color: #ff6e03; font-size: 11px;\">\u00a9 Der Text ist urheberrechtlich gesch\u00fctzt<\/span><\/a><\/p>","protected":false},"excerpt":{"rendered":"<p>De Dahua KTW02 is een complete IP video deurbel kit met een Dahua VTO2311R-WP buitenstation en een Dahua VTH2621G-WP binnenstation met een zwarte behuizing. De kit wordt geleverd zonder 12VDC voedingen. Zowel de deurbel als de monitor kunnen ook bedraad via een netwerkkabel worden aangesloten op het netwerk en met PoE via de netwerkkabel worden<\/p>\n<div class=\"klb-readmore button\"><a class=\"btn link\" href=\"https:\/\/staging.webstore4.com\/de\/product\/dahua-ktw02-wifi-poe-video-deurbel-intercom-kit\/\">Mehr lesen <i class=\"klbth-icon-right-arrow\"><\/i><\/a><\/div>","protected":false},"featured_media":13866,"comment_status":"open","ping_status":"closed","template":"","meta":[],"pwb-brand":[3376],"product_cat":[4178,4179],"product_tag":[],"class_list":{"0":"post-13865","1":"product","2":"type-product","3":"status-publish","4":"has-post-thumbnail","6":"pwb-brand-dahua","7":"product_cat-intercom","8":"product_cat-dahua-ip-video","9":"product_shipping_class-pakket","10":"pa_aansluiting-netwerk-kabel","11":"pa_audio-microfoon-speaker","12":"pa_beeldhoek-graden-horizontaal-3629","13":"pa_draadloos-ja-wi-fi-802-11","14":"pa_materiaal-kunststof","15":"pa_megapixel-2mp","16":"pa_merk-dahua","17":"pa_mobiele-app-fabrikant-ja","18":"pa_montage-opbouw","19":"pa_nachtzicht-ja","20":"pa_omgeving-binnen-en-buiten","21":"pa_poe-802-3af","22":"pa_product-complete-kit","23":"pa_product-status-a","24":"pa_vandaalbestendig-nee","25":"pa_voeding-12vdc","27":"first","28":"onbackorder","29":"taxable","30":"shipping-taxable","31":"purchasable","32":"product-type-simple"},"brands":[{"id":3376,"name":"Dahua","slug":"dahua"}],"_links":{"self":[{"href":"https:\/\/staging.webstore4.com\/de\/wp-json\/wp\/v2\/product\/13865","targetHints":{"allow":["GET"]}}],"collection":[{"href":"https:\/\/staging.webstore4.com\/de\/wp-json\/wp\/v2\/product"}],"about":[{"href":"https:\/\/staging.webstore4.com\/de\/wp-json\/wp\/v2\/types\/product"}],"replies":[{"embeddable":true,"href":"https:\/\/staging.webstore4.com\/de\/wp-json\/wp\/v2\/comments?post=13865"}],"wp:featuredmedia":[{"embeddable":true,"href":"https:\/\/staging.webstore4.com\/de\/wp-json\/wp\/v2\/media\/13866"}],"wp:attachment":[{"href":"https:\/\/staging.webstore4.com\/de\/wp-json\/wp\/v2\/media?parent=13865"}],"wp:term":[{"taxonomy":"pwb-brand","embeddable":true,"href":"https:\/\/staging.webstore4.com\/de\/wp-json\/wp\/v2\/pwb-brand?post=13865"},{"taxonomy":"product_cat","embeddable":true,"href":"https:\/\/staging.webstore4.com\/de\/wp-json\/wp\/v2\/product_cat?post=13865"},{"taxonomy":"product_tag","embeddable":true,"href":"https:\/\/staging.webstore4.com\/de\/wp-json\/wp\/v2\/product_tag?post=13865"}],"curies":[{"name":"wp","href":"https:\/\/api.w.org\/{rel}","templated":true}]}}