{"id":13880,"date":"2023-12-22T10:29:42","date_gmt":"2023-12-22T08:29:42","guid":{"rendered":"https:\/\/webstore4.com\/?post_type=product&#038;p=13880"},"modified":"2024-12-24T11:27:56","modified_gmt":"2024-12-24T10:27:56","slug":"uniview-ipc2125sr3-adupf40-5mp-buiten-bullet-camera","status":"publish","type":"product","link":"https:\/\/staging.webstore4.com\/de\/product\/uniview-ipc2125sr3-adupf40-5mp-buiten-bullet-camera\/","title":{"rendered":"Uniview IPC2125SR3-ADUPF40 Full-HD-5-MP-Bullet-Kamera f\u00fcr den Au\u00dfenbereich mit 30 m IR, 120 dB WDR, PoE und 4-mm-Objektiv"},"content":{"rendered":"<p>Die Uniview IPC2125SR3-ADUPF40 ist eine sehr kompakte Full-HD-5-Megapixel-Bullet-Kamera mit 30 Metern IR-Nachtsicht, 120 dB WDR, PoE und einem festen Objektiv. Die Kamera ist f\u00fcr den Innen- und Au\u00dfenbereich geeignet. In der Kamera ist das m\u00f6glich <strong>NEIN<\/strong> microSD kaart worden geplaatst voor opname. 2 stuks beschikbaar.<\/p>\n<p><strong>M\u00f6glichkeiten<\/strong><\/p>\n<p>Der Uniview IPC2125SR3-ADUPF40 zeigt Bilder in einer Full-HD-Aufl\u00f6sung von 2592 x 1944 an. Die Kamera verf\u00fcgt \u00fcber ein festes 4-mm-Objektiv. Durch die feste Linse ist ein horizontaler Betrachtungswinkel von 86,9 Grad m\u00f6glich. Bei Dunkelheit kann die Kamera das eingebaute IR einschalten, was auch bei v\u00f6lliger Dunkelheit (0 Lux) ein gestochen scharfes Bild liefert. Die IR-Beleuchtung hat eine maximale Reichweite von bis zu 30 Metern. Die Kamera verf\u00fcgt \u00fcber einen 120 dB Wide Dynamic Range (WDR), wodurch die Kamera auch komplexe Lichtverh\u00e4ltnisse gut bew\u00e4ltigen kann.<\/p>\n<p>Bilder k\u00f6nnen auf einem Netzwerk-Videorecorder (NVR) gespeichert werden. Die Kamera kann nicht auf einer microSD-Speicherkarte aufnehmen. Die Kamera verf\u00fcgt \u00fcber mehrere intelligente Funktionen, darunter Gesichtserkennung und die M\u00f6glichkeit, Personen zu z\u00e4hlen.<\/p>\n<p>Eine kostenlose mobile App ist f\u00fcr Apple iOS und Android verf\u00fcgbar. Es kann die niederl\u00e4ndische Uniview-App oder die spezifische Uniarch-App (Englisch) verwendet werden. Die Kamera verf\u00fcgt \u00fcber einen internen Webserver, der \u00fcber einen Webbrowser angezeigt und verwaltet werden kann. Auch die Verwaltung der Kameras und Bilder ist mit einem NVR m\u00f6glich. Video Management Software (VMS) f\u00fcr einen Computer kann kostenlos von der Uniview-Website heruntergeladen werden.<\/p>\n<p>Der Uniview IPC2125SR3-ADUPF40 ist f\u00fcr den Au\u00dfenbereich geeignet und verf\u00fcgt \u00fcber die Schutzart IP67. Zur einfacheren Installation kann die Kamera \u00fcber das Netzwerkkabel mit Power over Ethernet (Standard 802.3af P0E) mit Strom versorgt werden. PoE kann \u00fcber einen PoE-NVR, einen PoE-Switch oder mit einem PoE-Injektor bezogen werden. Die Kamera kann auch mit einem optionalen 12-V-Netzteil mit Strom versorgt werden. Die Kamera ist \u00fcber 3 Achsen verstellbar und verf\u00fcgt \u00fcber einen Alarmein- und -ausgang. Einige der Montagehalterungen sind unter der Registerkarte \u201eVerwandt\u201c enthalten.<\/p>\n<p>F\u00fcr weitere Spezifikationen empfehlen wir Ihnen, das Datenblatt zu konsultieren, das unter der Registerkarte \u201eDokumentation\u201c enthalten ist.<\/p>\n<p><strong>Wichtigste Funktionen<\/strong><\/p>\n<ul>\n<li>5-Megapixel-Full-HD-Bullet-Kamera f\u00fcr den Au\u00dfenbereich<\/li>\n<li>4-mm-Festobjektiv mit 86,9 Grad horizontalem Blickwinkel<\/li>\n<li>Integriertes Mikrofon<\/li>\n<li>Kostenlose App und Software<\/li>\n<li>Bewegungserkennung, Gesichtserkennung, Personen-Scouting<\/li>\n<li>Tag-\/Nachtkamera mit automatischem mechanischem IR-Sperrfilter<\/li>\n<li>IR-Nachtsichtbeleuchtung bis zu 30 Meter<\/li>\n<li>Auf 3 Achsen verstellbar<\/li>\n<li>120 dB breiter Dynamikbereich (WDR)<\/li>\n<li>Ultra H.265-Komprimierung f\u00fcr effiziente Netzwerk- und Speichernutzung<\/li>\n<li>ONVIF-kompatibel<\/li>\n<li>Geeignet f\u00fcr den Au\u00dfenbereich, IP67<\/li>\n<li>Stromversorgung \u00fcber 12VDC-Adapter oder \u00fcber PoE (802.3af)<\/li>\n<\/ul>\n<p><a href=\"https:\/\/www.webstore4ipcameras.nl\/Copyright\" target=\"_blank\" rel=\"noopener\"><span style=\"color: #ff6e03; font-size: 11px;\">\u00a9 Der Text ist urheberrechtlich gesch\u00fctzt<\/span><\/a><\/p>","protected":false},"excerpt":{"rendered":"<p>De Uniview IPC2125SR3-ADUPF40 \u00a0is een zeer compacte Full HD 5 megapixel bullet camera met 30 meter IR nachtzicht, 120dB WDR, PoE en een vaste lens. De camera is geschikt voor binnen of buiten. Er kan in de camera geen microSD kaart worden geplaatst voor opname. 2 stuks beschikbaar. Mogelijkheden De Uniview IPC2125SR3-ADUPF40 geeft beelden weer<\/p>\n<div class=\"klb-readmore button\"><a class=\"btn link\" href=\"https:\/\/staging.webstore4.com\/de\/product\/uniview-ipc2125sr3-adupf40-5mp-buiten-bullet-camera\/\">Mehr lesen <i class=\"klbth-icon-right-arrow\"><\/i><\/a><\/div>","protected":false},"featured_media":13882,"comment_status":"open","ping_status":"closed","template":"","meta":[],"pwb-brand":[3419],"product_cat":[3435,4184,4219],"product_tag":[],"class_list":{"0":"post-13880","1":"product","2":"type-product","3":"status-publish","4":"has-post-thumbnail","6":"pwb-brand-uniview","7":"product_cat-ip-cameras","8":"product_cat-cameras","9":"product_cat-bullet-box-cameras-cameras","10":"product_shipping_class-pakket","11":"pa_aanbieding-opop","12":"pa_audio-microfoon","13":"pa_beeldhoek-graden-horizontaal-86-9","14":"pa_beeldsensor-12-7-cmos","15":"pa_dag-nacht-ir-cut-filter-ja","16":"pa_ingebouwd-type-nachtzicht-infrared-ir-led","17":"pa_lens-mm-4-0","18":"pa_megapixel-5mp","19":"pa_merk-uniview","20":"pa_minimale-verlichting-0-001-lux-0-lux-met-ir","21":"pa_mobiele-app-fabrikant-ja","22":"pa_nachtzicht-ja","23":"pa_omgeving-binnen-en-buiten","24":"pa_opnemen-op-sd-kaart-nee","25":"pa_poe-802-3af","26":"pa_resolutie-max-pixels-full-hd-2592x1944","27":"pa_vandaalbestendig-nee","28":"pa_verstelbare-assen-3631","29":"pa_voeding-12vdc","30":"pa_voeding-poe","31":"pa_wdr-ja","33":"first","34":"instock","35":"sale","36":"taxable","37":"shipping-taxable","38":"purchasable","39":"product-type-simple"},"brands":[{"id":3419,"name":"Uniview","slug":"uniview"}],"_links":{"self":[{"href":"https:\/\/staging.webstore4.com\/de\/wp-json\/wp\/v2\/product\/13880","targetHints":{"allow":["GET"]}}],"collection":[{"href":"https:\/\/staging.webstore4.com\/de\/wp-json\/wp\/v2\/product"}],"about":[{"href":"https:\/\/staging.webstore4.com\/de\/wp-json\/wp\/v2\/types\/product"}],"replies":[{"embeddable":true,"href":"https:\/\/staging.webstore4.com\/de\/wp-json\/wp\/v2\/comments?post=13880"}],"wp:featuredmedia":[{"embeddable":true,"href":"https:\/\/staging.webstore4.com\/de\/wp-json\/wp\/v2\/media\/13882"}],"wp:attachment":[{"href":"https:\/\/staging.webstore4.com\/de\/wp-json\/wp\/v2\/media?parent=13880"}],"wp:term":[{"taxonomy":"pwb-brand","embeddable":true,"href":"https:\/\/staging.webstore4.com\/de\/wp-json\/wp\/v2\/pwb-brand?post=13880"},{"taxonomy":"product_cat","embeddable":true,"href":"https:\/\/staging.webstore4.com\/de\/wp-json\/wp\/v2\/product_cat?post=13880"},{"taxonomy":"product_tag","embeddable":true,"href":"https:\/\/staging.webstore4.com\/de\/wp-json\/wp\/v2\/product_tag?post=13880"}],"curies":[{"name":"wp","href":"https:\/\/api.w.org\/{rel}","templated":true}]}}