{"id":13946,"date":"2023-12-25T12:22:28","date_gmt":"2023-12-25T10:22:28","guid":{"rendered":"https:\/\/webstore4.com\/?post_type=product&#038;p=13946"},"modified":"2024-04-19T15:20:05","modified_gmt":"2024-04-19T14:20:05","slug":"dahua-tc39-universele-usb-c-adapter","status":"publish","type":"product","link":"https:\/\/staging.webstore4.com\/de\/product\/dahua-tc39-universele-usb-c-adapter\/","title":{"rendered":"Dahua TC39 universele USB-C adapter met HDMI, VGA, RJ45, SD-kaart, MicroSD, USB-A en USB-C aansluitingen"},"content":{"rendered":"<p>De Dahua TC39\u00a0 is een universele multifunctionele High Speed USB hub. De adapter bestaat uit \u00e9\u00e9n HDMI poort, \u00e9\u00e9n VGA poort, \u00e9\u00e9n RJ45 poort, \u00e9\u00e9n SD-kaart sleuf, \u00e9\u00e9n MicroSD sleuf, drie USB-A aansluitingen en \u00e9\u00e9n USB-C aansluiting. Voeding wordt geleverd via de ge\u00efntegreerde USB-C kabel van vijftien centimeter.<\/p>\n<p>De TC39 is bedoeld om verschillende apparaten aan te kunnen sluiten met een USB-C interface op andere apparaten. Met de RJ45 poort is het mogelijk om bekabeld enthernet aan te sluiten met snelheden tot 1000 Mbit\/s.\u00a0Door de USB-C aansluiting is het ook mogelijk om snel apparaten op te laden of via USB-C kabel gegevensoverdracht te doen. Daarnaast bieden de sleuven voor SD\/TF-geheugenkaarten de mogelijkheid om snel gegevens op kaarten te schrijven of uit te lezen.<\/p>\n<p>De adapter ondersteunt de snelle manier van overdracht van video en audio. Zo kunnen er resoluties tot 4K overgedragen worden met deze universele USB-C adapter met de HDMI ingang. Via de VGA ingang is het mogelijk om Full HD resolutie over te dragen. De drie USB-A poorten zijn uitgerust met USB 3.0, waardoor gegevensoverdracht zeer snel plaats vind. Zo kunnen er schermen worden aangesloten met hoge resolutie en laad de Dahua TC35 tegelijk apparaten op.<\/p>\n<p>Onder het tabblad \u2018Documentatie\u2019 zijn de overige specificaties te vinden in de datasheet en op de product pagina van de producent.<\/p>\n<p><strong>Wichtige Funktionen<\/strong><\/p>\n<ul>\n<li>Voeding door USB-C kabel van 15 centimeter<\/li>\n<li>1x HDMI aansluiting<\/li>\n<li>1x VGA aansluiting<\/li>\n<li>1x RJ-45 aansluiting<\/li>\n<li>1x SD aansluiting<\/li>\n<li>1x MicroSD aansluiting<\/li>\n<li>1x USB-C aansluiting<\/li>\n<li>3x USB-A 3.0 aansluiting<\/li>\n<li>Ondersteunt resolutie tot 4K<\/li>\n<li>Plug<\/li>\n<li>Kan als oplader worden gebruikt.<\/li>\n<\/ul>\n<p><a href=\"https:\/\/www.webstore4ipcameras.nl\/Copyright\" target=\"_blank\" rel=\"noopener\"><span style=\"color: #ff6e03; font-size: 11px;\">\u00a9 Der Text ist urheberrechtlich gesch\u00fctzt<\/span><\/a><\/p>","protected":false},"excerpt":{"rendered":"<p>De Dahua TC39\u00a0 is een universele multifunctionele High Speed USB hub. De adapter bestaat uit \u00e9\u00e9n HDMI poort, \u00e9\u00e9n VGA poort, \u00e9\u00e9n RJ45 poort, \u00e9\u00e9n SD-kaart sleuf, \u00e9\u00e9n MicroSD sleuf, drie USB-A aansluitingen en \u00e9\u00e9n USB-C aansluiting. Voeding wordt geleverd via de ge\u00efntegreerde USB-C kabel van vijftien centimeter. De TC39 is bedoeld om verschillende apparaten<\/p>\n<div class=\"klb-readmore button\"><a class=\"btn link\" href=\"https:\/\/staging.webstore4.com\/de\/product\/dahua-tc39-universele-usb-c-adapter\/\">Mehr lesen <i class=\"klbth-icon-right-arrow\"><\/i><\/a><\/div>","protected":false},"featured_media":13947,"comment_status":"open","ping_status":"closed","template":"","meta":[],"pwb-brand":[3376],"product_cat":[3441,3458,4520],"product_tag":[],"class_list":{"0":"post-13946","1":"product","2":"type-product","3":"status-publish","4":"has-post-thumbnail","6":"pwb-brand-dahua","7":"product_cat-benodigdheden","8":"product_cat-voedingen","9":"product_cat-omvormers-en-usb","10":"product_shipping_class-pakket","11":"pa_merk-dahua","13":"first","14":"onbackorder","15":"taxable","16":"shipping-taxable","17":"purchasable","18":"product-type-simple"},"brands":[{"id":3376,"name":"Dahua","slug":"dahua"}],"_links":{"self":[{"href":"https:\/\/staging.webstore4.com\/de\/wp-json\/wp\/v2\/product\/13946","targetHints":{"allow":["GET"]}}],"collection":[{"href":"https:\/\/staging.webstore4.com\/de\/wp-json\/wp\/v2\/product"}],"about":[{"href":"https:\/\/staging.webstore4.com\/de\/wp-json\/wp\/v2\/types\/product"}],"replies":[{"embeddable":true,"href":"https:\/\/staging.webstore4.com\/de\/wp-json\/wp\/v2\/comments?post=13946"}],"wp:featuredmedia":[{"embeddable":true,"href":"https:\/\/staging.webstore4.com\/de\/wp-json\/wp\/v2\/media\/13947"}],"wp:attachment":[{"href":"https:\/\/staging.webstore4.com\/de\/wp-json\/wp\/v2\/media?parent=13946"}],"wp:term":[{"taxonomy":"pwb-brand","embeddable":true,"href":"https:\/\/staging.webstore4.com\/de\/wp-json\/wp\/v2\/pwb-brand?post=13946"},{"taxonomy":"product_cat","embeddable":true,"href":"https:\/\/staging.webstore4.com\/de\/wp-json\/wp\/v2\/product_cat?post=13946"},{"taxonomy":"product_tag","embeddable":true,"href":"https:\/\/staging.webstore4.com\/de\/wp-json\/wp\/v2\/product_tag?post=13946"}],"curies":[{"name":"wp","href":"https:\/\/api.w.org\/{rel}","templated":true}]}}