{"id":14079,"date":"2024-01-03T08:04:14","date_gmt":"2024-01-03T07:04:14","guid":{"rendered":"https:\/\/webstore4.com\/?post_type=product&#038;p=14079"},"modified":"2024-04-19T15:20:17","modified_gmt":"2024-04-19T14:20:17","slug":"ajax-pass-wit-mifare-desfire-kaart-tien-kaarten","status":"publish","type":"product","link":"https:\/\/staging.webstore4.com\/de\/product\/ajax-pass-wit-mifare-desfire-kaart-tien-kaarten\/","title":{"rendered":"Ajax Pass White Mifare DESFire-Karte f\u00fcr Bedienfeld, zehn Karten"},"content":{"rendered":"<p>Der Ajax Pass White kann mit den verschiedenen Tag-Systemen des Ajax Baseline-Alarmsystems verwendet werden. Ajax ist ein f\u00fchrendes Unternehmen im Bereich Sicherheitsl\u00f6sungen. Mit fortschrittlichen Technologien und innovativen Produkten bieten sie zuverl\u00e4ssige und effektive Sicherheitsl\u00f6sungen f\u00fcr Privat- und Gesch\u00e4ftskunden. Ajax-Systeme sind einfach zu installieren und zu bedienen und geben den Benutzern ein Gef\u00fchl der Sicherheit. Ajax Security Systems ist bekannt f\u00fcr seine hochwertigen Sicherheitsprodukte, die die strengsten Standards und Anforderungen erf\u00fcllen.<\/p>\n<p>Die App erm\u00f6glicht es, Benachrichtigungen \u00fcber Alarme und Ereignisse zu erhalten, Live-Videostreams anzusehen (sofern Kameras integriert sind) und den Status aller Sicherheitsger\u00e4te zu \u00fcberpr\u00fcfen. Die App bietet detaillierte Veranstaltungsinformationen und l\u00e4sst sich einfach \u00fcber mehrere Ger\u00e4te und Benutzer hinweg verwalten.<\/p>\n<p><strong>M\u00f6glichkeiten<\/strong><\/p>\n<p>Der Ajax Pass White ist ein Zugangspass f\u00fcr Ajax Systems-Zentralen, die mit einem Kartenleser funktionieren. Der Pass erm\u00f6glicht einen schnelleren Zugriff auf das System, da kein Benutzername und kein Passwort mehr erforderlich sind. Der Ajax Pass White ist nicht kopierbar. Das Ajax KeyPad ist mit der Mifare DESFire\u00ae-Technologie ausgestattet, die auf der Frequenz 13,56 MHz funktioniert. Dar\u00fcber hinaus funktioniert der Ajax Pass White direkt mit der Ajax Systems-Anwendung. Die Anwendung erm\u00f6glicht die Festlegung von Namen und Zutrittsrechten pro Karte. Der Eigent\u00fcmer kann den Zugang zum Ajax Pass White jederzeit und \u00fcberall gew\u00e4hren oder beschr\u00e4nken. Au\u00dferdem ist in der Anwendung in Echtzeit sichtbar, in welchem Raum der Ajax Pass White aktiviert wurde.<\/p>\n<p>Das fortschrittliche Merkmal des Ajax Pass White im Vergleich zu herk\u00f6mmlichen Kartenleseger\u00e4ten ist die Tatsache, dass der Ajax Pass White zu dreizehn verschiedenen Hubs hinzugef\u00fcgt werden kann. Auf diese Weise kann ein Durchgang f\u00fcr mehrere Standorte funktionieren.<\/p>\n<p>Der Unterschied zwischen den Standard-Mifare-Tags und den Mifare DESFire-Tags besteht darin, dass diese Tags \u00fcber die DESFire-Smartcard-Technologie verf\u00fcgen.<br \/>\nDESFire (kurz f\u00fcr DESFire EV1) ist ein fortschrittliches Tag, das starke Sicherheitsprotokolle und fortschrittliche Kryptografie verwendet, um die Informationen auf dem Tag zu sch\u00fctzen. Dadurch verf\u00fcgen die Tags \u00fcber ein h\u00f6heres Sicherheitsniveau, die Tags k\u00f6nnen f\u00fcr mehrere Anwendungen verwendet werden und die Tag-Transaktionen sind extrem schnell.<\/p>\n<p>Auch weil die Karten \u00fcber eine AES-Verschl\u00fcsselung (Advanced Encryption Standard) verf\u00fcgen, verf\u00fcgen sie \u00fcber ein sehr hohes Ma\u00df an Sicherheit. Die AES-Verschl\u00fcsselung sorgt daf\u00fcr, dass die Karten nahezu unm\u00f6glich zu knacken sind. Tags mit AES-Verschl\u00fcsselung sind weltweit von Regierungsbeh\u00f6rden, Unternehmen mit sehr hohen Sicherheitsanforderungen und Sicherheitsexperten zugelassen.<\/p>\n<p>F\u00fcr weitere Spezifikationen empfehlen wir Ihnen, das Datenblatt zu konsultieren, das unter der Registerkarte \u201eDokumentation\u201c enthalten ist.<\/p>\n<p>WebStore4 verkauft den Ajax Pass White im Dreier- und Zehnerpack. F\u00fcr gro\u00dfe Mengen kontaktieren Sie uns bitte und wir unterbreiten Ihnen einen wettbewerbsf\u00e4higen Preis.<\/p>\n<p><strong>Wichtigste Funktionen<\/strong><\/p>\n<ul>\n<li>Verkauft pro 10 St\u00fcck<\/li>\n<li>Steuerung \u00fcber Ajax-Anwendung<\/li>\n<li>Funktioniert nur mit dem KeyPad PLUS und dem Ajax KeyPad Touchscreen<\/li>\n<li>Frequenz DESFire Mifare 13,56 MHz<\/li>\n<li>Verbindung mit bis zu 13 Hubs<\/li>\n<li>Wei\u00df<\/li>\n<\/ul>\n<p><a href=\"https:\/\/www.webstore4ipcameras.nl\/Copyright\" target=\"_blank\" rel=\"noopener\"><span style=\"color: #ff6e03; font-size: 11px;\">\u00a9 Der Text ist urheberrechtlich gesch\u00fctzt<\/span><\/a><\/p>\n<div style=\"width: 960px;\" class=\"wp-video\"><!--[if lt IE 9]><script>document.createElement('video');<\/script><![endif]-->\n<video class=\"wp-video-shortcode\" id=\"video-14079-1\" width=\"960\" height=\"1083\" preload=\"metadata\" controls=\"controls\"><source type=\"video\/mp4\" src=\"https:\/\/staging.webstore4.com\/wp-content\/uploads\/2023\/10\/Ajax-Pass-WebStore4.mp4?_=1\" \/><a href=\"https:\/\/staging.webstore4.com\/wp-content\/uploads\/2023\/10\/Ajax-Pass-WebStore4.mp4\">https:\/\/staging.webstore4.com\/wp-content\/uploads\/2023\/10\/Ajax-Pass-WebStore4.mp4<\/a><\/video><\/div>","protected":false},"excerpt":{"rendered":"<p>De Ajax Pass Wit is te gebruiken met de verschillende tagsystemen van het Ajax Baseline alarmsysteem. Ajax is een toonaangevend bedrijf op het gebied van beveiligingsoplossingen. Met geavanceerde technologie\u00ebn en innovatieve producten bieden ze betrouwbare en effectieve beveiligingsoplossingen voor zowel particuliere als zakelijke klanten. Ajax systemen zijn eenvoudig te installeren en te bedienen, waardoor gebruikers<\/p>\n<div class=\"klb-readmore button\"><a class=\"btn link\" href=\"https:\/\/staging.webstore4.com\/de\/product\/ajax-pass-wit-mifare-desfire-kaart-tien-kaarten\/\">Mehr lesen <i class=\"klbth-icon-right-arrow\"><\/i><\/a><\/div>","protected":false},"featured_media":11878,"comment_status":"open","ping_status":"closed","template":"","meta":[],"pwb-brand":[3408],"product_cat":[3466,4224,4263,4191,4196],"product_tag":[],"class_list":{"0":"post-14079","1":"product","2":"type-product","3":"status-publish","4":"has-post-thumbnail","6":"pwb-brand-ajax-systems","7":"product_cat-alarm","8":"product_cat-alarmsystemen","9":"product_cat-ajax-baseline","10":"product_cat-access","11":"product_cat-tags","12":"product_shipping_class-brievenbuspakket","13":"pa_frequentie-tags-en-readers-mifare-desfire-13-56-mhz","14":"pa_kleur-wit","15":"pa_merk-ajax-systems","16":"pa_product-toegangskaart","17":"pa_product-bediening","19":"first","20":"instock","21":"taxable","22":"shipping-taxable","23":"purchasable","24":"product-type-simple"},"brands":[{"id":3408,"name":"Ajax Systems","slug":"ajax-systems"}],"_links":{"self":[{"href":"https:\/\/staging.webstore4.com\/de\/wp-json\/wp\/v2\/product\/14079","targetHints":{"allow":["GET"]}}],"collection":[{"href":"https:\/\/staging.webstore4.com\/de\/wp-json\/wp\/v2\/product"}],"about":[{"href":"https:\/\/staging.webstore4.com\/de\/wp-json\/wp\/v2\/types\/product"}],"replies":[{"embeddable":true,"href":"https:\/\/staging.webstore4.com\/de\/wp-json\/wp\/v2\/comments?post=14079"}],"wp:featuredmedia":[{"embeddable":true,"href":"https:\/\/staging.webstore4.com\/de\/wp-json\/wp\/v2\/media\/11878"}],"wp:attachment":[{"href":"https:\/\/staging.webstore4.com\/de\/wp-json\/wp\/v2\/media?parent=14079"}],"wp:term":[{"taxonomy":"pwb-brand","embeddable":true,"href":"https:\/\/staging.webstore4.com\/de\/wp-json\/wp\/v2\/pwb-brand?post=14079"},{"taxonomy":"product_cat","embeddable":true,"href":"https:\/\/staging.webstore4.com\/de\/wp-json\/wp\/v2\/product_cat?post=14079"},{"taxonomy":"product_tag","embeddable":true,"href":"https:\/\/staging.webstore4.com\/de\/wp-json\/wp\/v2\/product_tag?post=14079"}],"curies":[{"name":"wp","href":"https:\/\/api.w.org\/{rel}","templated":true}]}}